{"id":16206,"date":"2025-04-08T08:43:07","date_gmt":"2025-04-08T06:43:07","guid":{"rendered":"https:\/\/myspainfood.com\/retningslinjer-for-personvern\/"},"modified":"2025-05-05T11:16:57","modified_gmt":"2025-05-05T09:16:57","slug":"retningslinjer-for-personvern","status":"publish","type":"page","link":"https:\/\/myspainfood.com\/no\/retningslinjer-for-personvern\/","title":{"rendered":"Retningslinjer for personvern"},"content":{"rendered":"\n<p>Velkommen til https:\/\/myspainfood.com (&laquo;Nettstedet&raquo;). Vi forst\u00e5r at personvern p\u00e5 nettet er viktig for brukere av nettstedet v\u00e5rt, spesielt n\u00e5r de gj\u00f8r forretninger. Denne erkl\u00e6ringen regulerer v\u00e5re retningslinjer for personvern med hensyn til de brukerne av nettstedet (&laquo;Bes\u00f8kende&raquo;) som bes\u00f8ker nettstedet uten \u00e5 gj\u00f8re forretninger, og Bes\u00f8kende som registrerer seg for \u00e5 gj\u00f8re forretninger p\u00e5 nettstedet og benytter seg av de ulike tjenestene som tilbys av SUMINISTROS HOSTELEROS, S. L. (samlet kalt &laquo;Tjenester&raquo;) (&laquo;Autoriserte kunder&raquo;).  <\/p>\n\n<p><strong>&laquo;Personlig identifiserbar informasjon<\/strong><\/p>\n\n<p>betyr all informasjon som identifiserer eller kan brukes til \u00e5 identifisere, kontakte eller lokalisere personen som slik informasjon gjelder, inkludert, men ikke begrenset til, navn, adresse, telefonnummer, faksnummer, e-postadresse, \u00f8konomiske profiler, personnummer og kredittkortinformasjon. Personlig identifiserbar informasjon omfatter ikke informasjon som samles inn anonymt (dvs. uten \u00e5 identifisere den enkelte brukeren) eller demografisk informasjon som ikke er knyttet til en identifisert person. <\/p>\n\n<p><strong>Hvilke personopplysninger samles inn?<\/strong><\/p>\n\n<p>Vi kan samle inn grunnleggende brukerprofilinformasjon fra alle v\u00e5re bes\u00f8kende. Vi samler inn f\u00f8lgende tilleggsinformasjon fra v\u00e5re autoriserte kunder: navn, adresse, telefonnummer og e-postadresse til autoriserte kunder, virksomhetens art og st\u00f8rrelse, og arten og st\u00f8rrelsen p\u00e5 annonsebeholdningen som den autoriserte kunden har til hensikt \u00e5 kj\u00f8pe eller selge. <\/p>\n\n<p><strong>Hvilke organisasjoner samler inn informasjonen?<\/strong><\/p>\n\n<p>I tillegg til v\u00e5r direkte innsamling av informasjon, kan v\u00e5re tredjeparts tjenesteleverand\u00f8rer (for eksempel kredittkortselskaper, oppgj\u00f8rssentraler og banker) som kan tilby tjenester som kreditt-, forsikrings- og deponeringstjenester, samle inn denne informasjonen fra v\u00e5re bes\u00f8kende og autoriserte kunder. Vi kontrollerer ikke hvordan disse tredjepartene bruker slik informasjon, men vi ber dem om \u00e5 opplyse om hvordan de bruker personopplysninger de f\u00e5r fra bes\u00f8kende og autoriserte kunder. Noen av disse tredjepartene kan v\u00e6re mellommenn som kun fungerer som ledd i distribusjonskjeden, og som ikke lagrer, oppbevarer eller bruker informasjonen de f\u00e5r.  <\/p>\n\n<p><strong>Hvordan bruker nettstedet personlig identifiserbar informasjon?<\/strong><\/p>\n\n<p>Vi bruker Personopplysninger til \u00e5 tilpasse Nettstedet, tilby passende tjenester og oppfylle foresp\u00f8rsler om \u00e5 kj\u00f8pe og selge p\u00e5 Nettstedet. Vi kan sende e-post til bes\u00f8kende og autoriserte kunder om unders\u00f8kelser eller kj\u00f8ps- og salgsmuligheter p\u00e5 nettstedet eller informasjon relatert til emnet p\u00e5 nettstedet. Vi kan ogs\u00e5 bruke personopplysninger til \u00e5 kontakte bes\u00f8kende og autoriserte kunder som svar p\u00e5 spesifikke foresp\u00f8rsler, eller for \u00e5 gi etterspurt informasjon.  <\/p>\n\n<p><strong>Hvem kan informasjonen deles med?<\/strong><\/p>\n\n<p>Autoriserte kunders personopplysninger kan bli delt med andre autoriserte kunder som \u00f8nsker \u00e5 evaluere potensielle transaksjoner med andre autoriserte kunder. Vi kan dele aggregert informasjon om v\u00e5re bes\u00f8kende, inkludert demografiske data om v\u00e5re bes\u00f8kende og autoriserte kunder, med v\u00e5re tilknyttede byr\u00e5er og tredjepartsleverand\u00f8rer. Vi tilbyr ogs\u00e5 muligheten til \u00e5 reservere seg mot \u00e5 motta informasjon eller bli kontaktet av oss eller av et byr\u00e5 som opptrer p\u00e5 v\u00e5re vegne.  <\/p>\n\n<p><strong>Hvordan lagres personlig identifiserbar informasjon?<\/strong><\/p>\n\n<p>Personlig identifiserbar informasjon som samles inn av SUMINISTROS HOSTELEROS, S. L. lagres sikkert og er ikke tilgjengelig for tredjeparter eller ansatte i SUMINISTROS HOSTELEROS, S. L., bortsett fra for den bruken som er angitt ovenfor.<\/p>\n\n<p><strong>Hvilke valg har bes\u00f8kende n\u00e5r det gjelder innsamling, bruk og distribusjon av informasjon?<\/strong><\/p>\n\n<p>Bes\u00f8kende og autoriserte kunder kan reservere seg mot \u00e5 motta u\u00f8nsket informasjon eller \u00e5 bli kontaktet av oss og\/eller v\u00e5re leverand\u00f8rer og tilknyttede byr\u00e5er ved \u00e5 svare p\u00e5 e-post som anvist, eller ved \u00e5 kontakte oss p\u00e5<\/p>\n\n<p><strong>Brukes informasjonskapsler p\u00e5 nettstedet?<\/strong><\/p>\n\n<p>Informasjonskapsler brukes av ulike \u00e5rsaker. Vi bruker informasjonskapsler for \u00e5 innhente informasjon om v\u00e5re bes\u00f8kendes preferanser og hvilke tjenester de velger. Vi bruker ogs\u00e5 informasjonskapsler av sikkerhetshensyn for \u00e5 beskytte v\u00e5re autoriserte kunder. Hvis en autorisert kunde for eksempel er logget inn og nettstedet ikke brukes p\u00e5 mer enn 10 minutter, logger vi automatisk ut den autoriserte kunden.   <\/p>\n\n<p><strong>Hvordan bruker SUMINISTROS HOSTELEROS, S. L. tilgangsdata?<\/strong><\/p>\n\n<p>SUMINISTROS HOSTELEROS, S. L. bruker tilgangsinformasjon, inkludert, uten begrensning, IP-adresser, Internett-leverand\u00f8rer og nettlesertyper, for \u00e5 analysere trender, administrere nettstedet, spore en brukers bevegelse og bruk, og samle bred demografisk informasjon.<\/p>\n\n<p><strong>Hvilke partnere eller tjenesteleverand\u00f8rer har tilgang til den personlig identifiserbare informasjonen til bes\u00f8kende og\/eller autoriserte kunder p\u00e5 nettstedet?<\/strong><\/p>\n\n<p>SUMINISTROS HOSTELEROS, S. L. har inng\u00e5tt og vil fortsette \u00e5 inng\u00e5 samarbeidsavtaler og andre tilknytninger med en rekke leverand\u00f8rer, som kan ha tilgang til visse personopplysninger i den hensikt \u00e5 vurdere om autoriserte kunder er egnet for tjenesten. V\u00e5r personvernerkl\u00e6ring dekker ikke innsamling eller bruk av denne informasjonen. Utlevering av personlig identifiserbar informasjon for \u00e5 overholde loven. Vi vil utlevere personlig identifiserbar informasjon for \u00e5 etterkomme en rettskjennelse eller stevning eller en rettsh\u00e5ndhevelsesmyndighets anmodning om utlevering av informasjon. Vi vil ogs\u00e5 utlevere personlig identifiserbar informasjon n\u00e5r det er rimelig n\u00f8dvendig for \u00e5 beskytte sikkerheten til v\u00e5re bes\u00f8kende og autoriserte kunder.    <\/p>\n\n<p><strong>Hvordan beskytter nettstedet personlig informasjon?<\/strong><\/p>\n\n<p>Alle v\u00e5re ansatte er kjent med v\u00e5re sikkerhetspolicyer og -rutiner. Personlig identifiserbar informasjon om v\u00e5re bes\u00f8kende og autoriserte kunder er bare tilgjengelig for et begrenset antall kvalifiserte medarbeidere som har passord for \u00e5 f\u00e5 tilgang til informasjonen. Vi gjennomf\u00f8rer regelmessige revisjoner av sikkerhetssystemene og -prosessene v\u00e5re. Sensitiv informasjon, som kredittkort- eller personnummer, er beskyttet av krypteringsprotokoller som er etablert for \u00e5 beskytte informasjon som sendes over Internett. Selv om vi iverksetter kommersielt rimelige tiltak for \u00e5 opprettholde et sikkert nettsted, er elektronisk kommunikasjon og databaser utsatt for feil, manipulering og innbrudd, og vi kan ikke garantere eller garantere at slike hendelser ikke vil inntreffe, og vi vil ikke v\u00e6re ansvarlige overfor bes\u00f8kende eller autoriserte kunder for slike hendelser.    <\/p>\n\n<p><strong>Hvordan kan bes\u00f8kende korrigere eventuelle un\u00f8yaktigheter i personlig identifiserbar informasjon?<\/strong><\/p>\n\n<p>Bes\u00f8kende og autoriserte kunder kan kontakte oss for \u00e5 oppdatere personopplysningene sine eller korrigere eventuelle un\u00f8yaktigheter ved \u00e5 sende oss en e-post til hola@myspainfood.com.<\/p>\n\n<p><strong>Kan en bes\u00f8kende slette eller deaktivere personlig informasjon som samles inn av nettstedet?<\/strong><\/p>\n\n<p>Vi tilbyr bes\u00f8kende og autoriserte kunder en mekanisme for \u00e5 fjerne\/deaktivere personlig identifiserbar informasjon fra nettstedets database ved \u00e5 kontakte . P\u00e5 grunn av sikkerhetskopier og registrering av slettinger kan det imidlertid v\u00e6re umulig \u00e5 slette en bes\u00f8kendes oppf\u00f8ring uten \u00e5 beholde noe gjenv\u00e6rende informasjon. Hvis en person ber om deaktivering av sin personlig identifiserbare informasjon, vil den bli funksjonelt slettet, og vi vil ikke selge, overf\u00f8re eller bruke personlig identifiserbar informasjon knyttet til denne personen p\u00e5 noen m\u00e5te i fremtiden.  <\/p>\n\n<p><strong>Hva skjer hvis personvernerkl\u00e6ringen endres?<\/strong><\/p>\n\n<p>Vi vil informere v\u00e5re bes\u00f8kende og autoriserte kunder om endringer i v\u00e5re retningslinjer for personvern ved \u00e5 legge ut slike endringer p\u00e5 nettstedet. Hvis vi imidlertid endrer personvernerkl\u00e6ringen v\u00e5r p\u00e5 en m\u00e5te som kan f\u00f8re til utlevering av personlig identifiserbar informasjon som en bes\u00f8kende eller autorisert kunde tidligere har bedt om ikke \u00e5 bli utlevert, vil vi kontakte den bes\u00f8kende eller autoriserte kunden for \u00e5 gi den bes\u00f8kende eller autoriserte kunden mulighet til \u00e5 forhindre slik utlevering. <\/p>\n\n<p><strong>Retningslinjer for retur?<\/strong><\/p>\n\n<p>F\u00f8lgende vilk\u00e5r for retur av v\u00e5re produkter gjelder ikke ved ut\u00f8velse av angreretten. Retur eller bytte av produkter aksepteres kun i tilfelle produksjonsfeil, transportskader eller leveringsfeil. Det m\u00e5 uansett ikke ha g\u00e5tt mer enn 14 dager etter mottak av produktet, og emballasje og tilbeh\u00f8r m\u00e5 v\u00e6re inkludert. Det skal kontrolleres p\u00e5 forh\u00e5nd at det dreier seg om en produksjons- eller emballasjedefekt eller avvik og ikke skyldes feil eller uaktsom bruk, h\u00e5ndtering eller oppbevaring. De skal alltid ledsages av den tilh\u00f8rende f\u00f8lgeseddelen eller fakturaen. B\u00e5de i tilfelle retur p\u00e5 grunn av en produksjons- eller emballasjefeil og i tilfelle en feil i bestillingen, vil KUNDEN om mulig bli tilbudt erstatning av et annet alternativ uten ekstra kostnad og uten rett til noen form for kompensasjon fra KUNDENs side. MySpainFood skal v\u00e6re ansvarlig for kostnadene som p\u00e5l\u00f8per ved sending av bestillingen. I alle tilfeller skal returen alltid v\u00e6re gjenstand for forutg\u00e5ende unders\u00f8kelse av MySpainFood av tilstanden til det returnerte produktet og verifisering av at kravene i disse salgsbetingelsene er oppfylt. N\u00e5r returen er mottatt, og hvis det er aktuelt, vil vi refundere bel\u00f8pet som er belastet innen maksimalt 30 dager og p\u00e5 samme vilk\u00e5r som de som ble brukt til \u00e5 foreta betalingen. MySpainFood forbeholder seg retten til \u00e5 avvise returer som er kommunisert eller sendt etter fristen, eller produkter som ikke er i samme stand som de ble mottatt. Returer skal h\u00e5ndteres ved \u00e5 sende en e-post til info@latiendadesami.com med en beskrivelse av \u00e5rsakene og \u00e5rsakene som er gitt for returen. Det vil ogs\u00e5 v\u00e6re n\u00f8dvendig \u00e5 oppgi navn og etternavn og referansenummeret til bestillingen. N\u00e5r foresp\u00f8rselen er mottatt, vil vi behandle den innen rimelig tid.            <\/p>\n\n<p><strong>Lenker:<\/strong><\/p>\n\n<p>https:\/\/myspainfood.com inneholder lenker til andre nettsteder. V\u00e6r oppmerksom p\u00e5 at n\u00e5r du klikker p\u00e5 en av disse lenkene, g\u00e5r du til et annet nettsted. Vi oppfordrer deg til \u00e5 lese personvernerkl\u00e6ringene til disse nettstedene, da deres personvernerkl\u00e6ringer kan avvike fra v\u00e5re.  <\/p>\n","protected":false},"excerpt":{"rendered":"<p>Velkommen til https:\/\/myspainfood.com (&laquo;Nettstedet&raquo;). Vi forst\u00e5r at personvern p\u00e5 nettet er viktig for brukere av nettstedet v\u00e5rt, spesielt n\u00e5r de gj\u00f8r forretninger. Denne erkl\u00e6ringen regulerer v\u00e5re retningslinjer for personvern med hensyn til de brukerne av nettstedet (&laquo;Bes\u00f8kende&raquo;) som bes\u00f8ker nettstedet uten \u00e5 gj\u00f8re forretninger, og Bes\u00f8kende som registrerer seg for \u00e5 gj\u00f8re forretninger p\u00e5 nettstedet [&hellip;]<\/p>\n","protected":false},"author":1,"featured_media":0,"parent":0,"menu_order":0,"comment_status":"closed","ping_status":"closed","template":"","meta":{"_et_pb_use_builder":"","_et_pb_old_content":"","_et_gb_content_width":"","footnotes":""},"class_list":["post-16206","page","type-page","status-publish","hentry"],"_links":{"self":[{"href":"https:\/\/myspainfood.com\/no\/wp-json\/wp\/v2\/pages\/16206","targetHints":{"allow":["GET"]}}],"collection":[{"href":"https:\/\/myspainfood.com\/no\/wp-json\/wp\/v2\/pages"}],"about":[{"href":"https:\/\/myspainfood.com\/no\/wp-json\/wp\/v2\/types\/page"}],"author":[{"embeddable":true,"href":"https:\/\/myspainfood.com\/no\/wp-json\/wp\/v2\/users\/1"}],"replies":[{"embeddable":true,"href":"https:\/\/myspainfood.com\/no\/wp-json\/wp\/v2\/comments?post=16206"}],"version-history":[{"count":1,"href":"https:\/\/myspainfood.com\/no\/wp-json\/wp\/v2\/pages\/16206\/revisions"}],"predecessor-version":[{"id":16207,"href":"https:\/\/myspainfood.com\/no\/wp-json\/wp\/v2\/pages\/16206\/revisions\/16207"}],"wp:attachment":[{"href":"https:\/\/myspainfood.com\/no\/wp-json\/wp\/v2\/media?parent=16206"}],"curies":[{"name":"wp","href":"https:\/\/api.w.org\/{rel}","templated":true}]}}