{"id":17046,"date":"2025-04-10T12:05:09","date_gmt":"2025-04-10T10:05:09","guid":{"rendered":"https:\/\/myspainfood.com\/producto\/obregon-partiet\/"},"modified":"2025-05-08T20:42:47","modified_gmt":"2025-05-08T18:42:47","slug":"obregon-partiet","status":"publish","type":"product","link":"https:\/\/myspainfood.com\/no\/producto\/obregon-partiet\/","title":{"rendered":"Obreg\u00f3n-partiet"},"content":{"rendered":"<p>Chic\u00f3n Lebr\u00f3n-oliven produseres, krydres og pakkes i Antequera (Malaga). De h\u00f8stes for h\u00e5nd og er kjent for sin enest\u00e5ende kvalitet og smak.<\/p>\n","protected":false},"excerpt":{"rendered":"<p>oliven obregon split<\/p>\n","protected":false},"featured_media":7167,"template":"","meta":{"_et_pb_use_builder":"","_et_pb_old_content":"","_et_gb_content_width":""},"product_brand":[1036],"product_cat":[1556,1555],"product_tag":[1613,1614],"class_list":{"0":"post-17046","1":"product","2":"type-product","3":"status-publish","4":"has-post-thumbnail","6":"product_brand-chicon","7":"product_cat-oliven","8":"product_cat-pickles-no","9":"product_tag-obregon-no","10":"product_tag-parti","12":"first","13":"outofstock","14":"taxable","15":"shipping-taxable","16":"product-type-variable"},"_links":{"self":[{"href":"https:\/\/myspainfood.com\/no\/wp-json\/wp\/v2\/product\/17046","targetHints":{"allow":["GET"]}}],"collection":[{"href":"https:\/\/myspainfood.com\/no\/wp-json\/wp\/v2\/product"}],"about":[{"href":"https:\/\/myspainfood.com\/no\/wp-json\/wp\/v2\/types\/product"}],"wp:featuredmedia":[{"embeddable":true,"href":"https:\/\/myspainfood.com\/no\/wp-json\/wp\/v2\/media\/7167"}],"wp:attachment":[{"href":"https:\/\/myspainfood.com\/no\/wp-json\/wp\/v2\/media?parent=17046"}],"wp:term":[{"taxonomy":"product_brand","embeddable":true,"href":"https:\/\/myspainfood.com\/no\/wp-json\/wp\/v2\/product_brand?post=17046"},{"taxonomy":"product_cat","embeddable":true,"href":"https:\/\/myspainfood.com\/no\/wp-json\/wp\/v2\/product_cat?post=17046"},{"taxonomy":"product_tag","embeddable":true,"href":"https:\/\/myspainfood.com\/no\/wp-json\/wp\/v2\/product_tag?post=17046"}],"curies":[{"name":"wp","href":"https:\/\/api.w.org\/{rel}","templated":true}]}}