{"id":17049,"date":"2025-04-10T12:05:09","date_gmt":"2025-04-10T10:05:09","guid":{"rendered":"https:\/\/myspainfood.com\/producto\/kimbos-gordal-gordal-oliven-og-agurk-900-gr-chicon\/"},"modified":"2025-05-12T23:24:04","modified_gmt":"2025-05-12T21:24:04","slug":"kimbos-gordal-gordal-oliven-og-agurk-900-gr-chicon","status":"publish","type":"product","link":"https:\/\/myspainfood.com\/no\/producto\/kimbos-gordal-gordal-oliven-og-agurk-900-gr-chicon\/","title":{"rendered":"Kimbos Gordal - Gordal oliven og agurk 900 gr Chicon"},"content":{"rendered":"<h3>Hvorfor bruke Kimbos Gordal oliven fylt med agurk?<\/h3>\n<p>Kimbos Gordal er en variant av en av de mest popul\u00e6re fylte olivenene b\u00e5de i Spania og i utlandet.<\/p>\n<p>En av dens s\u00e6regenheter er st\u00f8rrelsen, da den vanligvis er st\u00f8rre enn andre varianter.<\/p>\n<p>Dette gj\u00f8r den til en ideell oliven \u00e5 servere ved bordet fylt med forskjellige typer mat, som for eksempel ansjos, agurker eller paprika.<\/p>\n<p>Navnet &laquo;Aceituna Gordal&raquo; kommer av st\u00f8rrelsen.<\/p>\n<p>Det kan sies \u00e5 v\u00e6re ganske attraktivt og i\u00f8ynefallende.<\/p>\n<p>Selv om den har sin opprinnelse i <a href=\"https:\/\/aceitunaschiconlebron.com\/catalogo\/aceituna-gordal-rellena-de-pepinillo\/\" target=\"_blank\" rel=\"noopener noreferrer nofollow\">Andalusia<\/a>, har forbruket av Gordal-oliven fylt med agurk spredt seg til USA, som er det stedet der den har blitt mest utbredt utenfor Spania.<\/p>\n<p>Hvis du \u00f8nsker \u00e5 kj\u00f8pe oliven eller andre typer <a href=\"https:\/\/latiendadesami.com\/categoria-producto\/encurtidos\/\" rel=\"noopener noreferrer nofollow\" target=\"_blank\">syltet mat<\/a>, ikke n\u00f8l med \u00e5 ta en titt p\u00e5 v\u00e5r online katalog for \u00e5 se det brede utvalget av <a href=\"https:\/\/latiendadesami.com\/categoria-producto\/encurtidos\/aceitunas\/\" target=\"_blank\" rel=\"noopener noreferrer nofollow\">oliven<\/a> vi har.<\/p>\n","protected":false},"excerpt":{"rendered":"<p>Hvorfor bruke Kimbos Gordal oliven fylt med agurk? Kimbos Gordal er en variant av en av de mest popul\u00e6re fylte olivenene b\u00e5de i Spania og i utlandet. En av dens s\u00e6regenheter er st\u00f8rrelsen, da den vanligvis er st\u00f8rre enn andre varianter. Dette gj\u00f8r den til en ideell oliven \u00e5 servere ved bordet fylt med forskjellige [&hellip;]<\/p>\n","protected":false},"featured_media":7104,"template":"","meta":{"_et_pb_use_builder":"","_et_pb_old_content":"","_et_gb_content_width":""},"product_brand":[1036],"product_cat":[1556,1555],"product_tag":[1616,1617],"class_list":{"0":"post-17049","1":"product","2":"type-product","3":"status-publish","4":"has-post-thumbnail","6":"product_brand-chicon","7":"product_cat-oliven","8":"product_cat-pickles-no","9":"product_tag-gordal-no","10":"product_tag-kimbo-no","12":"first","13":"instock","14":"taxable","15":"shipping-taxable","16":"purchasable","17":"product-type-variable"},"_links":{"self":[{"href":"https:\/\/myspainfood.com\/no\/wp-json\/wp\/v2\/product\/17049","targetHints":{"allow":["GET"]}}],"collection":[{"href":"https:\/\/myspainfood.com\/no\/wp-json\/wp\/v2\/product"}],"about":[{"href":"https:\/\/myspainfood.com\/no\/wp-json\/wp\/v2\/types\/product"}],"wp:featuredmedia":[{"embeddable":true,"href":"https:\/\/myspainfood.com\/no\/wp-json\/wp\/v2\/media\/7104"}],"wp:attachment":[{"href":"https:\/\/myspainfood.com\/no\/wp-json\/wp\/v2\/media?parent=17049"}],"wp:term":[{"taxonomy":"product_brand","embeddable":true,"href":"https:\/\/myspainfood.com\/no\/wp-json\/wp\/v2\/product_brand?post=17049"},{"taxonomy":"product_cat","embeddable":true,"href":"https:\/\/myspainfood.com\/no\/wp-json\/wp\/v2\/product_cat?post=17049"},{"taxonomy":"product_tag","embeddable":true,"href":"https:\/\/myspainfood.com\/no\/wp-json\/wp\/v2\/product_tag?post=17049"}],"curies":[{"name":"wp","href":"https:\/\/api.w.org\/{rel}","templated":true}]}}