{"id":17490,"date":"2025-04-10T12:05:26","date_gmt":"2025-04-10T10:05:26","guid":{"rendered":"https:\/\/myspainfood.com\/producto\/partida-de-la-abuela-tinn-5kg\/"},"modified":"2026-01-29T11:28:04","modified_gmt":"2026-01-29T10:28:04","slug":"partida-de-la-abuela-tinn-5kg","status":"publish","type":"product","link":"https:\/\/myspainfood.com\/no\/producto\/partida-de-la-abuela-tinn-5kg\/","title":{"rendered":"Partida de la Abuela tinn 5Kg"},"content":{"rendered":"<p>Fordelene med Partida de la Abuela Oliven kan 5Kg<\/p>\n<p>Fordelene med bestemors sprukne oliven er mange, og i tillegg til den fantastiske smaken har de ogs\u00e5 sv\u00e6rt helsebringende egenskaper.<\/p>\n<p>De reduserer kolesterolet. Takket v\u00e6re oljesyre bidrar bestemors splittede oliven til \u00e5 holde kolesterolet i sjakk. <\/p>\n<p>De hjelper ford\u00f8yelsen. P\u00e5 grunn av det h\u00f8ye fiberinnholdet bidrar olivenene til \u00e5 eliminere giftstoffer og forbedre ford\u00f8yelsen. <\/p>\n<p>Fordeler for huden. Vitamin A og E er bra for huden og virker mot aldring. <\/p>\n<p>De gir energi. De inneholder mye jern, som bidrar til \u00e5 syntetisere karnitin og produsere energi. <\/p>\n<p>Kj\u00f8p dine oliven Partida de la Abuela kan 5Kg<\/p>\n<p>Grandma&#8217;s Olives utmerker seg med sin s\u00f8te, men intense smak og sin karakteristiske krydring, som er laget av naturlige krydder.<\/p>\n<p>Etter \u00e5 ha blitt konservert i 5 \u00e5r, blir fruktene fra oliventreet maserert til de oppn\u00e5r den behagelige konsistensen til v\u00e5re <a href=\"https:\/\/latiendadesami.com\/categoria-producto\/encurtidos\/\" target=\"_blank\" rel=\"noopener noreferrer nofollow\">&laquo;Encurtidos Aceitunas de la Abuela&raquo; (Bestemors olivenpickles<\/a> ).<\/p>\n<p>Disse hele olivenene med fast fruktkj\u00f8tt, lett knuste og <a href=\"https:\/\/es.wikipedia.org\/wiki\/Aceitunas_ali%C3%B1adas\" target=\"_blank\" rel=\"noopener noreferrer nofollow\">krydret<\/a> etter bestemors oppskrift, er resultatet av en lang familietradisjon, opprinnelig fra Antequera i Malaga.<\/p>\n","protected":false},"excerpt":{"rendered":"<p>Fordelene med Partida de la Abuela Oliven kan 5Kg Fordelene med bestemors sprukne oliven er mange, og i tillegg til den fantastiske smaken har de ogs\u00e5 sv\u00e6rt helsebringende egenskaper. De reduserer kolesterolet. Takket v\u00e6re oljesyre bidrar bestemors splittede oliven til \u00e5 holde kolesterolet i sjakk. De hjelper ford\u00f8yelsen. P\u00e5 grunn av det h\u00f8ye fiberinnholdet bidrar [&hellip;]<\/p>\n","protected":false},"featured_media":7367,"template":"","meta":{"_et_pb_use_builder":"","_et_pb_old_content":"","_et_gb_content_width":""},"product_brand":[],"product_cat":[1556,1555],"product_tag":[1557,1558],"class_list":{"0":"post-17490","1":"product","2":"type-product","3":"status-publish","4":"has-post-thumbnail","6":"product_cat-oliven","7":"product_cat-pickles-no","8":"product_tag-bestemor","9":"product_tag-vare","11":"first","12":"instock","13":"featured","14":"taxable","15":"shipping-taxable","16":"purchasable","17":"product-type-simple"},"_links":{"self":[{"href":"https:\/\/myspainfood.com\/no\/wp-json\/wp\/v2\/product\/17490","targetHints":{"allow":["GET"]}}],"collection":[{"href":"https:\/\/myspainfood.com\/no\/wp-json\/wp\/v2\/product"}],"about":[{"href":"https:\/\/myspainfood.com\/no\/wp-json\/wp\/v2\/types\/product"}],"wp:featuredmedia":[{"embeddable":true,"href":"https:\/\/myspainfood.com\/no\/wp-json\/wp\/v2\/media\/7367"}],"wp:attachment":[{"href":"https:\/\/myspainfood.com\/no\/wp-json\/wp\/v2\/media?parent=17490"}],"wp:term":[{"taxonomy":"product_brand","embeddable":true,"href":"https:\/\/myspainfood.com\/no\/wp-json\/wp\/v2\/product_brand?post=17490"},{"taxonomy":"product_cat","embeddable":true,"href":"https:\/\/myspainfood.com\/no\/wp-json\/wp\/v2\/product_cat?post=17490"},{"taxonomy":"product_tag","embeddable":true,"href":"https:\/\/myspainfood.com\/no\/wp-json\/wp\/v2\/product_tag?post=17490"}],"curies":[{"name":"wp","href":"https:\/\/api.w.org\/{rel}","templated":true}]}}