{"id":17967,"date":"2025-04-10T12:14:40","date_gmt":"2025-04-10T10:14:40","guid":{"rendered":"https:\/\/myspainfood.com\/producto\/almejon-havmandel-naturell-estela-do-mar-111-gr\/"},"modified":"2026-01-20T13:35:40","modified_gmt":"2026-01-20T12:35:40","slug":"almejon-havmandel-naturell-estela-do-mar-111-gr","status":"publish","type":"product","link":"https:\/\/myspainfood.com\/no\/producto\/almejon-havmandel-naturell-estela-do-mar-111-gr\/","title":{"rendered":"Almej\u00f3n (Havmandel) naturell Estela do Mar 111 gr"},"content":{"rendered":"<p>Oppdag den autentiske sj\u00f8smaken med <strong>Estela do Mar Natural Almej\u00f3n<\/strong>. Denne 111 gram tunge hermetiske sj\u00f8mandelen har all friskheten og renheten til de beste muslingene, uten tilsetningsstoffer eller konserveringsmidler. Denne muslingen er perfekt for deg som er ute etter naturlig sj\u00f8mat av h\u00f8y kvalitet, og er ideell \u00e5 nyte alene eller i favorittoppskriftene dine, med en m\u00f8r tekstur og en intens smak.  <\/p>\n<p><strong>Estela do Mar naturlig musling<\/strong> er rik p\u00e5 protein, omega-3 og viktige mineraler, og er et n\u00e6ringsrikt alternativ for ethvert kosthold. Tilf\u00f8r rettene dine en gourmet og sunn touch og utforsk flere alternativer i <a target=\"_new\" rel=\"noopener\">sj\u00f8matseksjonen<\/a> v\u00e5r, eller sjekk fordelene med fersk sj\u00f8mat p\u00e5 referansesider som <a href=\"https:\/\/www.fen.org.es\" target=\"_new\" rel=\"noopener noreferrer nofollow\" target=\"_blank\">Spanish Nutrition Foundation.<\/a> <\/p>\n<p>Legg til Estela do Mar-skjell i m\u00e5ltidene dine og nyt en gourmet-touch!<\/p>\n<p><span class=\"BxUVEf ILfuVd\" lang=\"es\"><span class=\"hgKElc\"> <\/span><\/span><\/p>\n","protected":false},"excerpt":{"rendered":"<p>Oppdag den autentiske sj\u00f8smaken med Estela do Mar Natural Almej\u00f3n. Denne 111 gram tunge hermetiske sj\u00f8mandelen har all friskheten og renheten til de beste muslingene, uten tilsetningsstoffer eller konserveringsmidler. Denne muslingen er perfekt for deg som er ute etter naturlig sj\u00f8mat av h\u00f8y kvalitet, og er ideell \u00e5 nyte alene eller i favorittoppskriftene dine, med [&hellip;]<\/p>\n","protected":false},"featured_media":14952,"template":"","meta":{"_et_pb_use_builder":"","_et_pb_old_content":"","_et_gb_content_width":""},"product_brand":[1469],"product_cat":[1972,1973],"product_tag":[],"class_list":{"0":"post-17967","1":"product","2":"type-product","3":"status-publish","4":"has-post-thumbnail","6":"product_brand-estela-do-mar","7":"product_cat-konserver","8":"product_cat-muslinger-no","10":"first","11":"outofstock","12":"taxable","13":"shipping-taxable","14":"product-type-variable"},"_links":{"self":[{"href":"https:\/\/myspainfood.com\/no\/wp-json\/wp\/v2\/product\/17967","targetHints":{"allow":["GET"]}}],"collection":[{"href":"https:\/\/myspainfood.com\/no\/wp-json\/wp\/v2\/product"}],"about":[{"href":"https:\/\/myspainfood.com\/no\/wp-json\/wp\/v2\/types\/product"}],"wp:featuredmedia":[{"embeddable":true,"href":"https:\/\/myspainfood.com\/no\/wp-json\/wp\/v2\/media\/14952"}],"wp:attachment":[{"href":"https:\/\/myspainfood.com\/no\/wp-json\/wp\/v2\/media?parent=17967"}],"wp:term":[{"taxonomy":"product_brand","embeddable":true,"href":"https:\/\/myspainfood.com\/no\/wp-json\/wp\/v2\/product_brand?post=17967"},{"taxonomy":"product_cat","embeddable":true,"href":"https:\/\/myspainfood.com\/no\/wp-json\/wp\/v2\/product_cat?post=17967"},{"taxonomy":"product_tag","embeddable":true,"href":"https:\/\/myspainfood.com\/no\/wp-json\/wp\/v2\/product_tag?post=17967"}],"curies":[{"name":"wp","href":"https:\/\/api.w.org\/{rel}","templated":true}]}}