{"id":18022,"date":"2025-04-10T12:05:44","date_gmt":"2025-04-10T10:05:44","guid":{"rendered":"https:\/\/myspainfood.com\/producto\/agurkfylt-kamille-38-kg-kimbitos\/"},"modified":"2025-04-10T12:05:44","modified_gmt":"2025-04-10T10:05:44","slug":"agurkfylt-kamille-38-kg-kimbitos","status":"publish","type":"product","link":"https:\/\/myspainfood.com\/no\/producto\/agurkfylt-kamille-38-kg-kimbitos\/","title":{"rendered":"Agurkfylt kamille 3,8 kg Kimbitos"},"content":{"rendered":"<p>Manzanilla-fylt agurk 3,8 kg Kimbitos er en snack der vi finner de tradisjonelle <a href=\"https:\/\/www.laencajera.es\/encurtidos-de-almagro\" target=\"_blank\" rel=\"noopener noreferrer nofollow\">manzanilla-olivenene<\/a> fylt med agurk.<\/p>\n<p>Et ideelt tilbeh\u00f8r til tradisjonelle retter.<\/p>\n<p>Kimbitos er navnet vi i visse deler av Spania kjenner p\u00e5 den utsteinede manzanilla-oliven med syltet agurk.<\/p>\n<p>Den er h\u00e5ndlaget for \u00e5 skape denne foreningen.<\/p>\n<h3>Fordeler med Agurkfylt kamille 3,8 kg Kimbitos<\/h3>\n<p>Visste du at oliven har mange fordeler? De er sv\u00e6rt effektive n\u00e5r det gjelder \u00e5 forebygge hjerte- og karsykdommer generelt. <\/p>\n<p>Dette skyldes det h\u00f8ye innholdet av umettet fett. I tillegg er det en matvare som inneholder mye jern og fiber og er sv\u00e6rt mettende, noe som gj\u00f8r det til et perfekt mellomm\u00e5ltid. <\/p>\n<p>Hvis du \u00f8nsker \u00e5 kj\u00f8pe oliven eller andre typer <a href=\"https:\/\/latiendadesami.com\/categoria-producto\/encurtidos\/\" rel=\"noopener noreferrer nofollow\" target=\"_blank\">syltet mat<\/a>, ikke n\u00f8l med \u00e5 ta en titt p\u00e5 v\u00e5r online katalog for \u00e5 se det brede utvalget av <a href=\"https:\/\/latiendadesami.com\/categoria-producto\/encurtidos\/aceitunas\/\" target=\"_blank\" rel=\"noopener noreferrer nofollow\">oliven<\/a> vi har.<\/p>\n<p>Opprinnelse: Castilla la Mancha.<\/p>\n<p>Ingredienser: Oliven, sylteagurker, vann, salt, surhetsregulerende middel (E-330), konserveringsmidler (E211, E-202, E-260), smaksforsterker (E-621, E-631, E-627), antioksidanter (E-300) og naturlige aromaer. Kan inneholde spor av sulfitter. <\/p>\n<h3>N\u00e6ringsinformasjon<\/h3>\n<p>Energiv\u00e6rdi 132 kcal\/ 553 kj Fett 13,4 g, hvorav mettet 1,7 g Karbohydrat 0,8 g, hvorav sukker 0,09 g Kostfiber 0,5 g Protein 2,6 g Salt 2,0 g<\/p>\n","protected":false},"excerpt":{"rendered":"<p>Manzanilla-fylt agurk 3,8 kg Kimbitos er en snack der vi finner de tradisjonelle manzanilla-olivenene fylt med agurk. Et ideelt tilbeh\u00f8r til tradisjonelle retter. Kimbitos er navnet vi i visse deler av Spania kjenner p\u00e5 den utsteinede manzanilla-oliven med syltet agurk. Den er h\u00e5ndlaget for \u00e5 skape denne foreningen. Fordeler med Agurkfylt kamille 3,8 kg Kimbitos [&hellip;]<\/p>\n","protected":false},"featured_media":7743,"template":"","meta":{"_et_pb_use_builder":"","_et_pb_old_content":"","_et_gb_content_width":""},"product_brand":[],"product_cat":[2005,1556,1555],"product_tag":[1617],"class_list":{"0":"post-18022","1":"product","2":"type-product","3":"status-publish","4":"has-post-thumbnail","6":"product_cat-agurker-no","7":"product_cat-oliven","8":"product_cat-pickles-no","9":"product_tag-kimbo-no","11":"first","12":"instock","13":"taxable","14":"shipping-taxable","15":"purchasable","16":"product-type-simple"},"_links":{"self":[{"href":"https:\/\/myspainfood.com\/no\/wp-json\/wp\/v2\/product\/18022","targetHints":{"allow":["GET"]}}],"collection":[{"href":"https:\/\/myspainfood.com\/no\/wp-json\/wp\/v2\/product"}],"about":[{"href":"https:\/\/myspainfood.com\/no\/wp-json\/wp\/v2\/types\/product"}],"wp:featuredmedia":[{"embeddable":true,"href":"https:\/\/myspainfood.com\/no\/wp-json\/wp\/v2\/media\/7743"}],"wp:attachment":[{"href":"https:\/\/myspainfood.com\/no\/wp-json\/wp\/v2\/media?parent=18022"}],"wp:term":[{"taxonomy":"product_brand","embeddable":true,"href":"https:\/\/myspainfood.com\/no\/wp-json\/wp\/v2\/product_brand?post=18022"},{"taxonomy":"product_cat","embeddable":true,"href":"https:\/\/myspainfood.com\/no\/wp-json\/wp\/v2\/product_cat?post=18022"},{"taxonomy":"product_tag","embeddable":true,"href":"https:\/\/myspainfood.com\/no\/wp-json\/wp\/v2\/product_tag?post=18022"}],"curies":[{"name":"wp","href":"https:\/\/api.w.org\/{rel}","templated":true}]}}