{"id":18179,"date":"2025-04-10T12:05:43","date_gmt":"2025-04-10T10:05:43","guid":{"rendered":"https:\/\/myspainfood.com\/producto\/krydrede-agurkbanderiller-38-kg\/"},"modified":"2025-04-10T12:05:43","modified_gmt":"2025-04-10T10:05:43","slug":"krydrede-agurkbanderiller-38-kg","status":"publish","type":"product","link":"https:\/\/myspainfood.com\/no\/producto\/krydrede-agurkbanderiller-38-kg\/","title":{"rendered":"Krydrede agurkbanderiller 3,8 kg"},"content":{"rendered":"<p>Med Almagros Banderillas Picantes Pepino Entero 3,8 kg kan du nyte flere <a href=\"https:\/\/www.laencajera.es\/encurtidos-de-almagro\" target=\"_blank\" rel=\"noopener noreferrer nofollow\">sylteagurker<\/a> samtidig.<\/p>\n<p>Med sin forfriskende og lette smak kan banderillaene v\u00e5re nytes mellom m\u00e5ltidene eller sammen med venner.<\/p>\n<p>Nyt krydderne i \u00e9n bit med disse Banderillas Picantes Hele agurker 3,8 kg. Opprinnelsen er Castilla la Mancha. <\/p>\n<p>Ingredienser: L\u00f8k 21-23, r\u00f8d paprika, oliven (tenkt st\u00f8rrelse fra 200-320), hel sylteagurk 60-80, chilipepper, vann, salt og plastsprat, smaksforsterker (E-621, E-627), surhetsregulerende middel E-330, antioksidant E-300, konserveringsmidler (E-211, E-202, E-270, E-260). inneholder sulfitter.<\/p>\n<p>Bevaringsforhold:<\/p>\n<p>Oppbevares p\u00e5 et kj\u00f8lig, t\u00f8rt sted, mellom 3\u00baC og 10\u00baC. Oppbevares beskyttet mot sollys og sterk lukt. <\/p>\n<p>N\u00e5r den er \u00e5pnet, oppbevares den i kj\u00f8leskap og konsumeres innen 30 dager.<\/p>\n<p>Hvis du \u00f8nsker \u00e5 kj\u00f8pe oliven eller andre typer <a href=\"https:\/\/latiendadesami.com\/categoria-producto\/encurtidos\/\" rel=\"noopener noreferrer nofollow\" target=\"_blank\">sylteagurk<\/a>, kan du ta en titt p\u00e5 v\u00e5r online katalog for \u00e5 se det store utvalget av <a href=\"https:\/\/latiendadesami.com\/categoria-producto\/encurtidos\/berenjenas\/\" target=\"_blank\" rel=\"noopener noreferrer nofollow\">auberginer<\/a> vi har.<\/p>\n<p>Merket er La Encajonera, en familiebedrift som ble grunnlagt i 1990, og som ligger i hjertet av La Mancha, i byen ALMAGRO i provinsen Ciudad Real.<\/p>\n<p>Produksjonsprosessen for produktene starter i det samme dyrkingsomr\u00e5det, der man velger ut de beste kvalitetsproduktene.<\/p>\n<p>Fabrikken er utstyrt med den mest avanserte teknologien, samtidig som h\u00e5ndverkernes tradisjon og kunnskap er bevart.<\/p>\n","protected":false},"excerpt":{"rendered":"<p>Med Almagros Banderillas Picantes Pepino Entero 3,8 kg kan du nyte flere sylteagurker samtidig. Med sin forfriskende og lette smak kan banderillaene v\u00e5re nytes mellom m\u00e5ltidene eller sammen med venner. Nyt krydderne i \u00e9n bit med disse Banderillas Picantes Hele agurker 3,8 kg. Opprinnelsen er Castilla la Mancha. Ingredienser: L\u00f8k 21-23, r\u00f8d paprika, oliven (tenkt [&hellip;]<\/p>\n","protected":false},"featured_media":7725,"template":"","meta":{"_et_pb_use_builder":"","_et_pb_old_content":"","_et_gb_content_width":""},"product_brand":[],"product_cat":[2005,2094,1555],"product_tag":[2030,2095],"class_list":{"0":"post-18179","1":"product","2":"type-product","3":"status-publish","4":"has-post-thumbnail","6":"product_cat-agurker-no","7":"product_cat-banderillas-no","8":"product_cat-pickles-no","9":"product_tag-gherkin-no","10":"product_tag-krydret-no","12":"first","13":"instock","14":"taxable","15":"shipping-taxable","16":"purchasable","17":"product-type-simple"},"_links":{"self":[{"href":"https:\/\/myspainfood.com\/no\/wp-json\/wp\/v2\/product\/18179","targetHints":{"allow":["GET"]}}],"collection":[{"href":"https:\/\/myspainfood.com\/no\/wp-json\/wp\/v2\/product"}],"about":[{"href":"https:\/\/myspainfood.com\/no\/wp-json\/wp\/v2\/types\/product"}],"wp:featuredmedia":[{"embeddable":true,"href":"https:\/\/myspainfood.com\/no\/wp-json\/wp\/v2\/media\/7725"}],"wp:attachment":[{"href":"https:\/\/myspainfood.com\/no\/wp-json\/wp\/v2\/media?parent=18179"}],"wp:term":[{"taxonomy":"product_brand","embeddable":true,"href":"https:\/\/myspainfood.com\/no\/wp-json\/wp\/v2\/product_brand?post=18179"},{"taxonomy":"product_cat","embeddable":true,"href":"https:\/\/myspainfood.com\/no\/wp-json\/wp\/v2\/product_cat?post=18179"},{"taxonomy":"product_tag","embeddable":true,"href":"https:\/\/myspainfood.com\/no\/wp-json\/wp\/v2\/product_tag?post=18179"}],"curies":[{"name":"wp","href":"https:\/\/api.w.org\/{rel}","templated":true}]}}