{"id":18301,"date":"2025-04-10T12:09:16","date_gmt":"2025-04-10T10:09:16","guid":{"rendered":"https:\/\/myspainfood.com\/producto\/manzanilla-olive-ansjossmak-140-160-5-kg-avvannet\/"},"modified":"2025-04-10T12:09:16","modified_gmt":"2025-04-10T10:09:16","slug":"manzanilla-olive-ansjossmak-140-160-5-kg-avvannet","status":"publish","type":"product","link":"https:\/\/myspainfood.com\/no\/producto\/manzanilla-olive-ansjossmak-140-160-5-kg-avvannet\/","title":{"rendered":"Manzanilla Olive Ansjossmak 140-160 5 kg avvannet"},"content":{"rendered":"<p>Manzanilla-oliven med ansjossmak er den mest popul\u00e6re olivenen p\u00e5 markedet. Den er h\u00f8yt verdsatt for sin fine smak. Den brukes hovedsakelig som bordoliven. Den er gulgr\u00f8nn i fargen, uten steiner og har en mild smak. Mye brukt som aperitiff og som forrett. Den inng\u00e5r i oppskrifter som pizza, salater eller mer forseggjorte retter.     <\/p>\n<p>Ingredienser: Oliven, vann, salt, surhetsregulerende middel (E-330), konserveringsmidler<\/p>\n<p>(E-211, E-202, E-270) Antioksidant (E-300)<\/p>\n<p>Kan inneholde sulfitter.<\/p>\n<p>Oppbevares p\u00e5 et kj\u00f8lig, t\u00f8rt sted, mellom 3\u00baC og 10\u00baC.<\/p>\n<p>Beskytt mot sollys og sterk lukt.<\/p>\n<p>Hvis du \u00f8nsker \u00e5 kj\u00f8pe oliven eller andre typer <a href=\"https:\/\/latiendadesami.com\/categoria-producto\/encurtidos\/\" rel=\"noopener noreferrer nofollow\" target=\"_blank\">sylteagurk<\/a>, kan du ta en titt p\u00e5 v\u00e5r online katalog for \u00e5 se det store utvalget av <a href=\"https:\/\/latiendadesami.com\/categoria-producto\/encurtidos\/berenjenas\/\" target=\"_blank\" rel=\"noopener noreferrer nofollow\">auberginer<\/a> vi har.<\/p>\n<p>Merket er La Encajera, en familiebedrift som ble grunnlagt i 1990, og som ligger i hjertet av La Mancha, i byen ALMAGRO i provinsen Ciudad Real.<\/p>\n<p>Produksjonsprosessen for produktene starter i det samme dyrkingsomr\u00e5det, der man velger ut de beste kvalitetsproduktene.<\/p>\n<p>Fabrikken er utstyrt med den mest avanserte teknologien, samtidig som h\u00e5ndverkernes tradisjon og kunnskap er bevart.<\/p>\n","protected":false},"excerpt":{"rendered":"<p>Manzanilla-oliven med ansjossmak er den mest popul\u00e6re olivenen p\u00e5 markedet. Den er h\u00f8yt verdsatt for sin fine smak. Den brukes hovedsakelig som bordoliven. Den er gulgr\u00f8nn i fargen, uten steiner og har en mild smak. Mye brukt som aperitiff og som forrett. Den inng\u00e5r i oppskrifter som pizza, salater eller mer forseggjorte retter. Ingredienser: Oliven, [&hellip;]<\/p>\n","protected":false},"featured_media":11847,"template":"","meta":{"_et_pb_use_builder":"","_et_pb_old_content":"","_et_gb_content_width":""},"product_brand":[],"product_cat":[1556,1555],"product_tag":[2160,2161],"class_list":{"0":"post-18301","1":"product","2":"type-product","3":"status-publish","4":"has-post-thumbnail","6":"product_cat-oliven","7":"product_cat-pickles-no","8":"product_tag-aubergine-no","9":"product_tag-fyll-inn","11":"first","12":"instock","13":"taxable","14":"shipping-taxable","15":"purchasable","16":"product-type-simple"},"_links":{"self":[{"href":"https:\/\/myspainfood.com\/no\/wp-json\/wp\/v2\/product\/18301","targetHints":{"allow":["GET"]}}],"collection":[{"href":"https:\/\/myspainfood.com\/no\/wp-json\/wp\/v2\/product"}],"about":[{"href":"https:\/\/myspainfood.com\/no\/wp-json\/wp\/v2\/types\/product"}],"wp:featuredmedia":[{"embeddable":true,"href":"https:\/\/myspainfood.com\/no\/wp-json\/wp\/v2\/media\/11847"}],"wp:attachment":[{"href":"https:\/\/myspainfood.com\/no\/wp-json\/wp\/v2\/media?parent=18301"}],"wp:term":[{"taxonomy":"product_brand","embeddable":true,"href":"https:\/\/myspainfood.com\/no\/wp-json\/wp\/v2\/product_brand?post=18301"},{"taxonomy":"product_cat","embeddable":true,"href":"https:\/\/myspainfood.com\/no\/wp-json\/wp\/v2\/product_cat?post=18301"},{"taxonomy":"product_tag","embeddable":true,"href":"https:\/\/myspainfood.com\/no\/wp-json\/wp\/v2\/product_tag?post=18301"}],"curies":[{"name":"wp","href":"https:\/\/api.w.org\/{rel}","templated":true}]}}