{"id":18855,"date":"2025-04-10T12:16:20","date_gmt":"2025-04-10T10:16:20","guid":{"rendered":"https:\/\/myspainfood.com\/producto\/ekstra-jomfruolivenolje-pakke-med-3-karafler-viejo-olivas-15-l\/"},"modified":"2026-01-29T12:35:18","modified_gmt":"2026-01-29T11:35:18","slug":"ekstra-jomfruolivenolje-pakke-med-3-karafler-viejo-olivas-15-l","status":"publish","type":"product","link":"https:\/\/myspainfood.com\/no\/producto\/ekstra-jomfruolivenolje-pakke-med-3-karafler-viejo-olivas-15-l\/","title":{"rendered":"Ekstra jomfruolivenolje - Pakke med 3 karafler - Viejo Olivas - 15 L"},"content":{"rendered":"<h3><strong>Ekstra jomfruolivenolje - Pakke med 3 karafler - Viejo Olivas - 15 L<\/strong><\/h3>\n<p>Oppdag middelhavssmakens rikdom med <strong>Viejo Olivas Extra Virgin Olive Oil Pack<\/strong>, som inneholder tre 5-litersflasker. Denne oljen er resultatet av et n\u00f8ye utvalg av oliven av h\u00f8yeste kvalitet, dyrket i tradisjonelle olivenlunder. Den <strong>kalde ekstraksjonsprosessen<\/strong> garanterer at hver dr\u00e5pe beholder alle de ern\u00e6ringsmessige egenskapene og den eksepsjonelle smaken som kjennetegner en ekte ekstra jomfruolivenolje.  <\/p>\n<p>Hver 5-liters karaffel er designet for \u00e5 dekke behovene til kokker og matelskere. Med sin fruktige aroma og balanserte smak er denne oljen perfekt til \u00e5 forsterke smaken i salater, marinader og gryteretter. Den er ideell til daglig bruk, og 15-litersformatet gir betydelige besparelser uten at det g\u00e5r p\u00e5 bekostning av kvaliteten, slik at du alltid har denne viktige ingrediensen i middelhavskj\u00f8kkenet tilgjengelig.  <\/p>\n<p><strong>Hvorfor velge Viejo Olivas ekstra jomfruolivenolje?<\/strong><\/p>\n<ul>\n<li><strong>F\u00f8rsteklasses kvalitet<\/strong>: Hver karaffel er laget av utvalgte oliven, noe som resulterer i en olje med intens smak og sunne egenskaper.<\/li>\n<li><strong>Allsidig bruk<\/strong>: Perfekt til matlaging, krydring og for \u00e5 sette en spesiell touch p\u00e5 rettene dine.<\/li>\n<li><strong>\u00d8konomisk effektivitet<\/strong>: Ved \u00e5 kj\u00f8pe i en pakke f\u00e5r du mye for pengene, noe som er ideelt for familier eller hotell- og restaurantbransjen.<\/li>\n<\/ul>\n<p>Hvis du vil vite mer om fordelene med olivenolje, kan du ogs\u00e5 bes\u00f8ke v\u00e5r seksjon <a target=\"_new\" rel=\"noopener\">om fordelene med olivenolje<\/a> og finne ut hvordan den kan forbedre helsen din og oppskriftene dine. For et bredere utvalg, sjekk ut v\u00e5r kategori for <a target=\"_new\" rel=\"noopener\">oljer og eddiker<\/a>, der du finner andre produkter av h\u00f8y kvalitet som passer perfekt til kj\u00f8kkenet ditt.<\/p>\n<p>Ved \u00e5 velge <strong>Viejo Olivas Extra Virgin Olive Oil Pack<\/strong> velger du ikke bare kvalitet og smak, men du st\u00f8tter ogs\u00e5 b\u00e6rekraftig og ansvarlig landbrukspraksis. Benytt anledningen til \u00e5 bringe det beste fra middelhavstradisjonen til bordet ditt, bestill i dag og forvandle hvert m\u00e5ltid til en gourmetopplevelse!  <\/p>\n","protected":false},"excerpt":{"rendered":"<p>Ekstra jomfruolivenolje - Pakke med 3 karafler - Viejo Olivas - 15 L Oppdag middelhavssmakens rikdom med Viejo Olivas Extra Virgin Olive Oil Pack, som inneholder tre 5-litersflasker. Denne oljen er resultatet av et n\u00f8ye utvalg av oliven av h\u00f8yeste kvalitet, dyrket i tradisjonelle olivenlunder. Den kalde ekstraksjonsprosessen garanterer at hver dr\u00e5pe beholder alle de [&hellip;]<\/p>\n","protected":false},"featured_media":15177,"template":"","meta":{"_et_pb_use_builder":"","_et_pb_old_content":"","_et_gb_content_width":""},"product_brand":[1221],"product_cat":[2216,2215],"product_tag":[2217],"class_list":{"0":"post-18855","1":"product","2":"type-product","3":"status-publish","4":"has-post-thumbnail","6":"product_brand-valdezarza","7":"product_cat-ekstra-jomfruoliven","8":"product_cat-olje","9":"product_tag-olje","11":"first","12":"outofstock","13":"featured","14":"taxable","15":"shipping-taxable","16":"purchasable","17":"product-type-simple"},"_links":{"self":[{"href":"https:\/\/myspainfood.com\/no\/wp-json\/wp\/v2\/product\/18855","targetHints":{"allow":["GET"]}}],"collection":[{"href":"https:\/\/myspainfood.com\/no\/wp-json\/wp\/v2\/product"}],"about":[{"href":"https:\/\/myspainfood.com\/no\/wp-json\/wp\/v2\/types\/product"}],"wp:featuredmedia":[{"embeddable":true,"href":"https:\/\/myspainfood.com\/no\/wp-json\/wp\/v2\/media\/15177"}],"wp:attachment":[{"href":"https:\/\/myspainfood.com\/no\/wp-json\/wp\/v2\/media?parent=18855"}],"wp:term":[{"taxonomy":"product_brand","embeddable":true,"href":"https:\/\/myspainfood.com\/no\/wp-json\/wp\/v2\/product_brand?post=18855"},{"taxonomy":"product_cat","embeddable":true,"href":"https:\/\/myspainfood.com\/no\/wp-json\/wp\/v2\/product_cat?post=18855"},{"taxonomy":"product_tag","embeddable":true,"href":"https:\/\/myspainfood.com\/no\/wp-json\/wp\/v2\/product_tag?post=18855"}],"curies":[{"name":"wp","href":"https:\/\/api.w.org\/{rel}","templated":true}]}}