{"id":18884,"date":"2025-04-10T12:16:30","date_gmt":"2025-04-10T10:16:30","guid":{"rendered":"https:\/\/myspainfood.com\/producto\/karre-av-100-iberisk-eikenottforet-svinekjott-fili-500-gr\/"},"modified":"2026-01-29T13:11:36","modified_gmt":"2026-01-29T12:11:36","slug":"karre-av-100-iberisk-eikenottforet-svinekjott-fili-500-gr","status":"publish","type":"product","link":"https:\/\/myspainfood.com\/no\/producto\/karre-av-100-iberisk-eikenottforet-svinekjott-fili-500-gr\/","title":{"rendered":"Karr\u00e9 av 100 % iberisk eiken\u00f8ttf\u00f4ret svinekj\u00f8tt - FILI - 500 gr"},"content":{"rendered":"<h3>Indrefilet av 100 % iberisk eiken\u00f8ttf\u00f4ret svinekj\u00f8tt - FILI - 800 gr<\/h3>\n<p>Den <strong>100 % iberiske eiken\u00f8ttf\u00f4rede svinekammen - FILI<\/strong> p\u00e5 800 gram er en gourmetdelikatesse, laget av renrasede iberiske griser som er oppdratt i naturen og f\u00f4ret med eiken\u00f8tter. Denne h\u00e5ndverksmessige prosessen, sammen med en sk\u00e5nsom modning, gir en uovertruffen smak og en saftig konsistens. Perfekt for elskere av iberiske produkter og rik p\u00e5 sunne fettsyrer.  <\/p>\n<p>Hvis du vil vite mer om fordelene ved \u00e5 spise iberiske produkter, kan du bes\u00f8ke <a href=\"https:\/\/www.jamonlovers.es\" target=\"_new\" rel=\"noopener noreferrer nofollow\" target=\"_blank\">Jam\u00f3n Lovers<\/a>.<\/p>\n<p>Oppdag flere alternativer i v\u00e5re kategorier av <a href=\"https:\/\/latiendadesami.com\/categoria-producto\/queso-embutido\/\" target=\"_blank\" rel=\"noopener noreferrer nofollow\"><span style=\"color: #2ea3f2;\">P\u00f8lser<\/span><\/a><\/p>\n","protected":false},"excerpt":{"rendered":"<p>Indrefilet av 100 % iberisk eiken\u00f8ttf\u00f4ret svinekj\u00f8tt - FILI - 800 gr Den 100 % iberiske eiken\u00f8ttf\u00f4rede svinekammen - FILI p\u00e5 800 gram er en gourmetdelikatesse, laget av renrasede iberiske griser som er oppdratt i naturen og f\u00f4ret med eiken\u00f8tter. Denne h\u00e5ndverksmessige prosessen, sammen med en sk\u00e5nsom modning, gir en uovertruffen smak og en saftig [&hellip;]<\/p>\n","protected":false},"featured_media":15393,"template":"","meta":{"_et_pb_use_builder":"","_et_pb_old_content":"","_et_gb_content_width":""},"product_brand":[1388],"product_cat":[2252,2253],"product_tag":[],"class_list":{"0":"post-18884","1":"product","2":"type-product","3":"status-publish","4":"has-post-thumbnail","6":"product_brand-fili","7":"product_cat-ost-og-polse","8":"product_cat-polse","10":"first","11":"outofstock","12":"taxable","13":"shipping-taxable","14":"purchasable","15":"product-type-simple"},"_links":{"self":[{"href":"https:\/\/myspainfood.com\/no\/wp-json\/wp\/v2\/product\/18884","targetHints":{"allow":["GET"]}}],"collection":[{"href":"https:\/\/myspainfood.com\/no\/wp-json\/wp\/v2\/product"}],"about":[{"href":"https:\/\/myspainfood.com\/no\/wp-json\/wp\/v2\/types\/product"}],"wp:featuredmedia":[{"embeddable":true,"href":"https:\/\/myspainfood.com\/no\/wp-json\/wp\/v2\/media\/15393"}],"wp:attachment":[{"href":"https:\/\/myspainfood.com\/no\/wp-json\/wp\/v2\/media?parent=18884"}],"wp:term":[{"taxonomy":"product_brand","embeddable":true,"href":"https:\/\/myspainfood.com\/no\/wp-json\/wp\/v2\/product_brand?post=18884"},{"taxonomy":"product_cat","embeddable":true,"href":"https:\/\/myspainfood.com\/no\/wp-json\/wp\/v2\/product_cat?post=18884"},{"taxonomy":"product_tag","embeddable":true,"href":"https:\/\/myspainfood.com\/no\/wp-json\/wp\/v2\/product_tag?post=18884"}],"curies":[{"name":"wp","href":"https:\/\/api.w.org\/{rel}","templated":true}]}}