{"id":18986,"date":"2025-04-10T12:16:34","date_gmt":"2025-04-10T10:16:34","guid":{"rendered":"https:\/\/myspainfood.com\/producto\/loin-av-eikenottforet-50-iberisk-svinekjott-fili-500-gr\/"},"modified":"2026-01-29T13:19:20","modified_gmt":"2026-01-29T12:19:20","slug":"loin-av-eikenottforet-50-iberisk-svinekjott-fili-500-gr","status":"publish","type":"product","link":"https:\/\/myspainfood.com\/no\/producto\/loin-av-eikenottforet-50-iberisk-svinekjott-fili-500-gr\/","title":{"rendered":"Loin av eiken\u00f8ttf\u00f4ret 50% iberisk svinekj\u00f8tt - Fili - 500 gr"},"content":{"rendered":"<p>800 gram <strong>iberisk eiken\u00f8ttf\u00f4ret 50 % eiken\u00f8ttf\u00f4ret svinel\u00e5r - FILI<\/strong> er en gourmetdelikatesse, laget av renrasede iberiske griser som har vokst opp i naturen og blitt f\u00f4ret med eiken\u00f8tter. Denne h\u00e5ndverksmessige prosessen, sammen med en sk\u00e5nsom modning, gir en uovertruffen smak og en saftig konsistens. Perfekt for elskere av iberiske produkter og rik p\u00e5 sunne fettsyrer.  <\/p>\n<p>Hvis du vil vite mer om fordelene ved \u00e5 spise iberiske produkter, kan du bes\u00f8ke <a href=\"https:\/\/www.jamonlovers.es\" target=\"_new\" rel=\"noopener noreferrer nofollow\" target=\"_blank\">Jam\u00f3n Lovers<\/a>.<\/p>\n<p>Oppdag flere alternativer i v\u00e5re kategorier av <a href=\"https:\/\/latiendadesami.com\/categoria-producto\/queso-embutido\/\" target=\"_blank\" rel=\"noopener noreferrer nofollow\"><span style=\"color: #2ea3f2;\">P\u00f8lser<\/span><\/a><\/p>\n","protected":false},"excerpt":{"rendered":"<p>800 gram iberisk eiken\u00f8ttf\u00f4ret 50 % eiken\u00f8ttf\u00f4ret svinel\u00e5r - FILI er en gourmetdelikatesse, laget av renrasede iberiske griser som har vokst opp i naturen og blitt f\u00f4ret med eiken\u00f8tter. Denne h\u00e5ndverksmessige prosessen, sammen med en sk\u00e5nsom modning, gir en uovertruffen smak og en saftig konsistens. Perfekt for elskere av iberiske produkter og rik p\u00e5 sunne [&hellip;]<\/p>\n","protected":false},"featured_media":15465,"template":"","meta":{"_et_pb_use_builder":"","_et_pb_old_content":"","_et_gb_content_width":""},"product_brand":[],"product_cat":[2252,2253],"product_tag":[],"class_list":{"0":"post-18986","1":"product","2":"type-product","3":"status-publish","4":"has-post-thumbnail","6":"product_cat-ost-og-polse","7":"product_cat-polse","9":"first","10":"outofstock","11":"taxable","12":"shipping-taxable","13":"purchasable","14":"product-type-simple"},"_links":{"self":[{"href":"https:\/\/myspainfood.com\/no\/wp-json\/wp\/v2\/product\/18986","targetHints":{"allow":["GET"]}}],"collection":[{"href":"https:\/\/myspainfood.com\/no\/wp-json\/wp\/v2\/product"}],"about":[{"href":"https:\/\/myspainfood.com\/no\/wp-json\/wp\/v2\/types\/product"}],"wp:featuredmedia":[{"embeddable":true,"href":"https:\/\/myspainfood.com\/no\/wp-json\/wp\/v2\/media\/15465"}],"wp:attachment":[{"href":"https:\/\/myspainfood.com\/no\/wp-json\/wp\/v2\/media?parent=18986"}],"wp:term":[{"taxonomy":"product_brand","embeddable":true,"href":"https:\/\/myspainfood.com\/no\/wp-json\/wp\/v2\/product_brand?post=18986"},{"taxonomy":"product_cat","embeddable":true,"href":"https:\/\/myspainfood.com\/no\/wp-json\/wp\/v2\/product_cat?post=18986"},{"taxonomy":"product_tag","embeddable":true,"href":"https:\/\/myspainfood.com\/no\/wp-json\/wp\/v2\/product_tag?post=18986"}],"curies":[{"name":"wp","href":"https:\/\/api.w.org\/{rel}","templated":true}]}}