{"id":19107,"date":"2025-04-10T12:16:39","date_gmt":"2025-04-10T10:16:39","guid":{"rendered":"https:\/\/myspainfood.com\/producto\/ekstra-jomfruolivenolje-viejo-olivar-5-liter-cazorla-jaen\/"},"modified":"2026-01-29T12:36:28","modified_gmt":"2026-01-29T11:36:28","slug":"ekstra-jomfruolivenolje-viejo-olivar-5-liter-cazorla-jaen","status":"publish","type":"product","link":"https:\/\/myspainfood.com\/no\/producto\/ekstra-jomfruolivenolje-viejo-olivar-5-liter-cazorla-jaen\/","title":{"rendered":"Ekstra jomfruolivenolje Viejo Olivar 5 liter Cazorla Ja\u00e9n"},"content":{"rendered":"<p><strong>Ekstra jomfruolivenolje<\/strong> fra Ja\u00e9n er et av stjerneproduktene i spansk gastronomi, og den er ogs\u00e5 v\u00e5rt introduksjonsbrev over hele verden. \u00c5 kj\u00f8pe olivenolje betyr \u00e5 kj\u00f8pe et eksepsjonelt produkt p\u00e5 grunn av dets utrolige helsefordeler. Dessuten er det den grunnleggende ingrediensen i middelhavsdietten, en ingrediens som ikke b\u00f8r mangle i noe kj\u00f8kken med respekt for seg selv.  <\/p>\n<p>Blant olivenoljer er ekstra jomfruolivenolje den mest eksepsjonelle p\u00e5 grunn av sin smak, aroma og fordeler for organismen. Den er rik p\u00e5 vitamin A, D, E og K, forebygger risikoen for opphopning av kolesterol, forbedrer blodtrykket og fremmer tarmpassasjen. Av alle disse grunnene vil det \u00e5 kj\u00f8pe ekstra jomfruolivenolje alltid v\u00e6re det beste alternativet for helsen din og ganen din.  <\/p>\n<p>I Ja\u00e9n er vi stolte av \u00e5 v\u00e6re verdens st\u00f8rste produsent av olivenolje, og de ekstra jomfruoljene fra v\u00e5rt omr\u00e5de er uten tvil de mest ber\u00f8mte b\u00e5de nasjonalt og internasjonalt, og de er av den h\u00f8yeste kvaliteten som kan kj\u00f8pes.<\/p>\n","protected":false},"excerpt":{"rendered":"<p>Ekstra jomfruolivenolje fra Ja\u00e9n er et av stjerneproduktene i spansk gastronomi, og den er ogs\u00e5 v\u00e5rt introduksjonsbrev over hele verden. \u00c5 kj\u00f8pe olivenolje betyr \u00e5 kj\u00f8pe et eksepsjonelt produkt p\u00e5 grunn av dets utrolige helsefordeler. Dessuten er det den grunnleggende ingrediensen i middelhavsdietten, en ingrediens som ikke b\u00f8r mangle i noe kj\u00f8kken med respekt for [&hellip;]<\/p>\n","protected":false},"featured_media":15177,"template":"","meta":{"_et_pb_use_builder":"","_et_pb_old_content":"","_et_gb_content_width":""},"product_brand":[1221],"product_cat":[2216,2215],"product_tag":[2217],"class_list":{"0":"post-19107","1":"product","2":"type-product","3":"status-publish","4":"has-post-thumbnail","6":"product_brand-valdezarza","7":"product_cat-ekstra-jomfruoliven","8":"product_cat-olje","9":"product_tag-olje","11":"first","12":"outofstock","13":"featured","14":"taxable","15":"shipping-taxable","16":"product-type-variable"},"_links":{"self":[{"href":"https:\/\/myspainfood.com\/no\/wp-json\/wp\/v2\/product\/19107","targetHints":{"allow":["GET"]}}],"collection":[{"href":"https:\/\/myspainfood.com\/no\/wp-json\/wp\/v2\/product"}],"about":[{"href":"https:\/\/myspainfood.com\/no\/wp-json\/wp\/v2\/types\/product"}],"wp:featuredmedia":[{"embeddable":true,"href":"https:\/\/myspainfood.com\/no\/wp-json\/wp\/v2\/media\/15177"}],"wp:attachment":[{"href":"https:\/\/myspainfood.com\/no\/wp-json\/wp\/v2\/media?parent=19107"}],"wp:term":[{"taxonomy":"product_brand","embeddable":true,"href":"https:\/\/myspainfood.com\/no\/wp-json\/wp\/v2\/product_brand?post=19107"},{"taxonomy":"product_cat","embeddable":true,"href":"https:\/\/myspainfood.com\/no\/wp-json\/wp\/v2\/product_cat?post=19107"},{"taxonomy":"product_tag","embeddable":true,"href":"https:\/\/myspainfood.com\/no\/wp-json\/wp\/v2\/product_tag?post=19107"}],"curies":[{"name":"wp","href":"https:\/\/api.w.org\/{rel}","templated":true}]}}