{"id":19196,"date":"2025-04-10T12:16:41","date_gmt":"2025-04-10T10:16:41","guid":{"rendered":"https:\/\/myspainfood.com\/producto\/iberisk-cebo-huelva-skinke-sn-finca-6-kg-ca\/"},"modified":"2026-01-30T14:27:20","modified_gmt":"2026-01-30T13:27:20","slug":"iberisk-cebo-huelva-skinke-sn-finca-6-kg-ca","status":"publish","type":"product","link":"https:\/\/myspainfood.com\/no\/producto\/iberisk-cebo-huelva-skinke-sn-finca-6-kg-ca\/","title":{"rendered":"Iberisk Cebo Huelva-skinke - SN Finca - 6 kg (ca.)"},"content":{"rendered":"<p>Iberisk Cebo Huelva-skinke - SN Finca - 6 kg er en skinke av ypperlig kvalitet, speket i naturlige t\u00f8rkerier i Huelva ved hjelp av en tradisjonell t\u00f8rkeprosess som gir den sin karakteristiske aroma og velkjente smak. Denne omtanken gj\u00f8r skinken til en fryd for alle som elsker iberisk skinke.<\/p>\n<h3><strong>Kjennetegn ved iberisk Cebo Huelva-skinke<\/strong><\/h3>\n<ol>\n<li><strong>Garantert opprinnelse<\/strong>\n<p>Denne skinken produseres i Huelva, en region som er verdenskjent for sitt ideelle klima for modning av skinker. Sierra de Huelva gir en perfekt balanse mellom luftfuktighet og temperatur, noe som resulterer i en skinke med optimal modning. <\/li>\n<li><strong>Sertifisert kvalitet<\/strong>\n<p>Hvert stykke er underlagt strenge kvalitetskontroller. SN Finca garanterer et produkt med sporbar opprinnelse, noe som sikrer at forbrukeren f\u00e5r det beste fra den iberiske tradisjonen. <\/li>\n<li><strong>Prolonged<\/strong> Curing\n<p>Denne skinken lagres i ca. 24 m\u00e5neder og utvikler en kompleks smak og en unik aroma som fengsler sansene allerede fra f\u00f8rste snitt.<\/li>\n<li><strong>Idealvekt<\/strong>\n<p>Med <strong>sine ca. 6 kg er<\/strong> denne skinken perfekt for familier og spesielle sammenkomster, og gir et utmerket forhold mellom kvalitet og mengde.<\/li>\n<li><strong>Eksepsjonell presentasjon<\/strong>\n<p>Snittet avsl\u00f8rer en karakteristisk marmorering, et umiskjennelig tegn p\u00e5 kvalitet. Balansen mellom infiltrert fett og kj\u00f8tt sikrer en unik smaksopplevelse i hver skive. <\/li>\n<\/ol>\n<p>Ta en titt p\u00e5 v\u00e5rt utvalg av p\u00f8lser, <a href=\"https:\/\/latiendadesami.com\/categoria-producto\/queso-embutido\/\" target=\"_blank\" rel=\"noopener noreferrer nofollow\">her<\/a> finner du gourmetprodukter som er perfekte \u00e5 nyte sammen med familie og venner.<\/p>\n","protected":false},"excerpt":{"rendered":"<p>Iberisk Cebo Huelva-skinke - SN Finca - 6 kg er en skinke av ypperlig kvalitet, speket i naturlige t\u00f8rkerier i Huelva ved hjelp av en tradisjonell t\u00f8rkeprosess som gir den sin karakteristiske aroma og velkjente smak. Denne omtanken gj\u00f8r skinken til en fryd for alle som elsker iberisk skinke. Kjennetegn ved iberisk Cebo Huelva-skinke Garantert [&hellip;]<\/p>\n","protected":false},"featured_media":15582,"template":"","meta":{"_et_pb_use_builder":"","_et_pb_old_content":"","_et_gb_content_width":""},"product_brand":[],"product_cat":[8040],"product_tag":[],"class_list":{"0":"post-19196","1":"product","2":"type-product","3":"status-publish","4":"has-post-thumbnail","6":"product_cat-testkategori-no","8":"first","9":"outofstock","10":"taxable","11":"shipping-taxable","12":"purchasable","13":"product-type-simple"},"_links":{"self":[{"href":"https:\/\/myspainfood.com\/no\/wp-json\/wp\/v2\/product\/19196","targetHints":{"allow":["GET"]}}],"collection":[{"href":"https:\/\/myspainfood.com\/no\/wp-json\/wp\/v2\/product"}],"about":[{"href":"https:\/\/myspainfood.com\/no\/wp-json\/wp\/v2\/types\/product"}],"wp:featuredmedia":[{"embeddable":true,"href":"https:\/\/myspainfood.com\/no\/wp-json\/wp\/v2\/media\/15582"}],"wp:attachment":[{"href":"https:\/\/myspainfood.com\/no\/wp-json\/wp\/v2\/media?parent=19196"}],"wp:term":[{"taxonomy":"product_brand","embeddable":true,"href":"https:\/\/myspainfood.com\/no\/wp-json\/wp\/v2\/product_brand?post=19196"},{"taxonomy":"product_cat","embeddable":true,"href":"https:\/\/myspainfood.com\/no\/wp-json\/wp\/v2\/product_cat?post=19196"},{"taxonomy":"product_tag","embeddable":true,"href":"https:\/\/myspainfood.com\/no\/wp-json\/wp\/v2\/product_tag?post=19196"}],"curies":[{"name":"wp","href":"https:\/\/api.w.org\/{rel}","templated":true}]}}