{"id":19600,"date":"2025-04-10T12:14:40","date_gmt":"2025-04-10T10:14:40","guid":{"rendered":"https:\/\/myspainfood.com\/producto\/ekstra-helstekt-piquillo-pepper-destapa-la-huerta-190gr\/"},"modified":"2026-01-30T14:24:26","modified_gmt":"2026-01-30T13:24:26","slug":"ekstra-helstekt-piquillo-pepper-destapa-la-huerta-190gr","status":"publish","type":"product","link":"https:\/\/myspainfood.com\/no\/producto\/ekstra-helstekt-piquillo-pepper-destapa-la-huerta-190gr\/","title":{"rendered":"Ekstra helstekt Piquillo-pepper Destapa la huerta 190gr"},"content":{"rendered":"<p>Ingredienser: Piquillo paprika, hvitl\u00f8k, salt og syrningsmiddel: sitronsyre, herder: kalsiumklorid.<\/p>\n<p>Etter \u00e5pning, oppbevares i kj\u00f8leskap og konsumeres helst innen 5 dager<\/p>\n<p>Vi har den h\u00f8yeste kvaliteten til den beste prisen.<\/p>\n<p>Skriv til oss for mer informasjon eller hvis du har sp\u00f8rsm\u00e5l om dette eller andre produkter i v\u00e5r katalog.<\/p>\n","protected":false},"excerpt":{"rendered":"<p>Ingredienser: Piquillo paprika, hvitl\u00f8k, salt og syrningsmiddel: sitronsyre, herder: kalsiumklorid. Etter \u00e5pning, oppbevares i kj\u00f8leskap og konsumeres helst innen 5 dager Vi har den h\u00f8yeste kvaliteten til den beste prisen. Skriv til oss for mer informasjon eller hvis du har sp\u00f8rsm\u00e5l om dette eller andre produkter i v\u00e5r katalog.<\/p>\n","protected":false},"featured_media":15114,"template":"","meta":{"_et_pb_use_builder":"","_et_pb_old_content":"","_et_gb_content_width":""},"product_brand":[1129],"product_cat":[1972,2319],"product_tag":[2321,2320],"class_list":{"0":"post-19600","1":"product","2":"type-product","3":"status-publish","4":"has-post-thumbnail","6":"product_brand-mateo","7":"product_cat-konserver","8":"product_cat-paprika-no","9":"product_tag-pepper","10":"product_tag-stekt","12":"first","13":"outofstock","14":"featured","15":"taxable","16":"shipping-taxable","17":"product-type-variable"},"_links":{"self":[{"href":"https:\/\/myspainfood.com\/no\/wp-json\/wp\/v2\/product\/19600","targetHints":{"allow":["GET"]}}],"collection":[{"href":"https:\/\/myspainfood.com\/no\/wp-json\/wp\/v2\/product"}],"about":[{"href":"https:\/\/myspainfood.com\/no\/wp-json\/wp\/v2\/types\/product"}],"wp:featuredmedia":[{"embeddable":true,"href":"https:\/\/myspainfood.com\/no\/wp-json\/wp\/v2\/media\/15114"}],"wp:attachment":[{"href":"https:\/\/myspainfood.com\/no\/wp-json\/wp\/v2\/media?parent=19600"}],"wp:term":[{"taxonomy":"product_brand","embeddable":true,"href":"https:\/\/myspainfood.com\/no\/wp-json\/wp\/v2\/product_brand?post=19600"},{"taxonomy":"product_cat","embeddable":true,"href":"https:\/\/myspainfood.com\/no\/wp-json\/wp\/v2\/product_cat?post=19600"},{"taxonomy":"product_tag","embeddable":true,"href":"https:\/\/myspainfood.com\/no\/wp-json\/wp\/v2\/product_tag?post=19600"}],"curies":[{"name":"wp","href":"https:\/\/api.w.org\/{rel}","templated":true}]}}