{"id":19876,"date":"2025-04-10T12:16:17","date_gmt":"2025-04-10T10:16:17","guid":{"rendered":"https:\/\/myspainfood.com\/producto\/san-isidro-halvmodnet-ost-3-kg-ca\/"},"modified":"2026-01-30T14:34:25","modified_gmt":"2026-01-30T13:34:25","slug":"san-isidro-halvmodnet-ost-3-kg-ca","status":"publish","type":"product","link":"https:\/\/myspainfood.com\/no\/producto\/san-isidro-halvmodnet-ost-3-kg-ca\/","title":{"rendered":"Semikurert ost San Isidro - 3 kg (ca.)"},"content":{"rendered":"<h3><strong>San Isidro Halvfed ost - 3 kg<\/strong><\/h3>\n<p><strong>San Isidro Semicured Cheese<\/strong> 3,4 kg er det ideelle valget for elskere av tradisjonell ost. Den har en balansert modning, en kremet konsistens og en mild smak med intense innslag som gj\u00f8r den perfekt til enhver anledning. <\/p>\n<h4><strong>Hovedfunksjoner:<\/strong><\/h4>\n<ul>\n<li><strong>Idealvekt<\/strong>: 3,4 kg, designet for \u00e5 deles eller nytes p\u00e5 store arrangementer.<\/li>\n<li><strong>H\u00e5ndverksmessig produksjon<\/strong>: Respekt for lokale ostetradisjoner.<\/li>\n<li><strong>Unik smak<\/strong>: milde melkeaktige toner med et modningspunkt som skiller den ut.<\/li>\n<\/ul>\n<p>Server med <a href=\"https:\/\/latiendadesami.com\/categoria-producto\/queso-embutido\/\" rel=\"noopener noreferrer nofollow\" target=\"_blank\">v\u00e5re iberiske spekematprodukter<\/a> for et perfekt ostebrett.<\/p>\n","protected":false},"excerpt":{"rendered":"<p>San Isidro Halvfed ost - 3 kg San Isidro Semicured Cheese 3,4 kg er det ideelle valget for elskere av tradisjonell ost. Den har en balansert modning, en kremet konsistens og en mild smak med intense innslag som gj\u00f8r den perfekt til enhver anledning. Hovedfunksjoner: Idealvekt: 3,4 kg, designet for \u00e5 deles eller nytes p\u00e5 [&hellip;]<\/p>\n","protected":false},"featured_media":15519,"template":"","meta":{"_et_pb_use_builder":"","_et_pb_old_content":"","_et_gb_content_width":""},"product_brand":[],"product_cat":[5729,2252],"product_tag":[],"class_list":{"0":"post-19876","1":"product","2":"type-product","3":"status-publish","4":"has-post-thumbnail","6":"product_cat-herding-no","7":"product_cat-ost-og-polse","9":"first","10":"instock","11":"taxable","12":"shipping-taxable","13":"purchasable","14":"product-type-variable"},"_links":{"self":[{"href":"https:\/\/myspainfood.com\/no\/wp-json\/wp\/v2\/product\/19876","targetHints":{"allow":["GET"]}}],"collection":[{"href":"https:\/\/myspainfood.com\/no\/wp-json\/wp\/v2\/product"}],"about":[{"href":"https:\/\/myspainfood.com\/no\/wp-json\/wp\/v2\/types\/product"}],"wp:featuredmedia":[{"embeddable":true,"href":"https:\/\/myspainfood.com\/no\/wp-json\/wp\/v2\/media\/15519"}],"wp:attachment":[{"href":"https:\/\/myspainfood.com\/no\/wp-json\/wp\/v2\/media?parent=19876"}],"wp:term":[{"taxonomy":"product_brand","embeddable":true,"href":"https:\/\/myspainfood.com\/no\/wp-json\/wp\/v2\/product_brand?post=19876"},{"taxonomy":"product_cat","embeddable":true,"href":"https:\/\/myspainfood.com\/no\/wp-json\/wp\/v2\/product_cat?post=19876"},{"taxonomy":"product_tag","embeddable":true,"href":"https:\/\/myspainfood.com\/no\/wp-json\/wp\/v2\/product_tag?post=19876"}],"curies":[{"name":"wp","href":"https:\/\/api.w.org\/{rel}","templated":true}]}}