{"id":19977,"date":"2025-04-10T12:16:17","date_gmt":"2025-04-10T10:16:17","guid":{"rendered":"https:\/\/myspainfood.com\/producto\/ra-sauemelksost-flor-esgueva-1-kg\/"},"modified":"2026-01-30T14:35:31","modified_gmt":"2026-01-30T13:35:31","slug":"ra-sauemelksost-flor-esgueva-1-kg","status":"publish","type":"product","link":"https:\/\/myspainfood.com\/no\/producto\/ra-sauemelksost-flor-esgueva-1-kg\/","title":{"rendered":"R\u00e5 sauemelksost - Flor Esgueva - 1 kg"},"content":{"rendered":"<h3><strong>R\u00e5 sauemelksost - Flor Esgueva - 1 kg<\/strong><\/h3>\n<p>Den <strong>r\u00e5 sauemelksosten Flor Esgueva<\/strong> er en m\u00e5lestokk for spanske h\u00e5ndverksoster. Osten er laget av r\u00e5 melk fra utvalgte sauer og utmerker seg med sin faste konsistens, intense aroma og en smak som kombinerer melkeaktige toner med et perfekt preg av modenhet. <\/p>\n<h4><strong>Hvorfor velge Flor Esgueva<\/strong><\/h4>\n<ul>\n<li><strong>R\u00e5 sauemelk<\/strong>: Autentisk smak og naturlige egenskaper intakt.<\/li>\n<li><strong>Tradisjonell modning<\/strong>: Forbedret i kjellere for en unik smaksprofil.<\/li>\n<li><strong>Ideell st\u00f8rrelse<\/strong>: Perfekt til \u00e5 dele eller nyte i ulike oppskrifter.<\/li>\n<\/ul>\n","protected":false},"excerpt":{"rendered":"<p>R\u00e5 sauemelksost - Flor Esgueva - 1 kg Den r\u00e5 sauemelksosten Flor Esgueva er en m\u00e5lestokk for spanske h\u00e5ndverksoster. Osten er laget av r\u00e5 melk fra utvalgte sauer og utmerker seg med sin faste konsistens, intense aroma og en smak som kombinerer melkeaktige toner med et perfekt preg av modenhet. Hvorfor velge Flor Esgueva R\u00e5 [&hellip;]<\/p>\n","protected":false},"featured_media":15564,"template":"","meta":{"_et_pb_use_builder":"","_et_pb_old_content":"","_et_gb_content_width":""},"product_brand":[],"product_cat":[2252],"product_tag":[],"class_list":{"0":"post-19977","1":"product","2":"type-product","3":"status-publish","4":"has-post-thumbnail","6":"product_cat-ost-og-polse","8":"first","9":"outofstock","10":"taxable","11":"shipping-taxable","12":"product-type-variable"},"_links":{"self":[{"href":"https:\/\/myspainfood.com\/no\/wp-json\/wp\/v2\/product\/19977","targetHints":{"allow":["GET"]}}],"collection":[{"href":"https:\/\/myspainfood.com\/no\/wp-json\/wp\/v2\/product"}],"about":[{"href":"https:\/\/myspainfood.com\/no\/wp-json\/wp\/v2\/types\/product"}],"wp:featuredmedia":[{"embeddable":true,"href":"https:\/\/myspainfood.com\/no\/wp-json\/wp\/v2\/media\/15564"}],"wp:attachment":[{"href":"https:\/\/myspainfood.com\/no\/wp-json\/wp\/v2\/media?parent=19977"}],"wp:term":[{"taxonomy":"product_brand","embeddable":true,"href":"https:\/\/myspainfood.com\/no\/wp-json\/wp\/v2\/product_brand?post=19977"},{"taxonomy":"product_cat","embeddable":true,"href":"https:\/\/myspainfood.com\/no\/wp-json\/wp\/v2\/product_cat?post=19977"},{"taxonomy":"product_tag","embeddable":true,"href":"https:\/\/myspainfood.com\/no\/wp-json\/wp\/v2\/product_tag?post=19977"}],"curies":[{"name":"wp","href":"https:\/\/api.w.org\/{rel}","templated":true}]}}