{"id":20072,"date":"2025-04-10T12:16:18","date_gmt":"2025-04-10T10:16:18","guid":{"rendered":"https:\/\/myspainfood.com\/producto\/sardiner-i-solsikkeolje-rias-baixas-855-g\/"},"modified":"2026-01-30T14:37:02","modified_gmt":"2026-01-30T13:37:02","slug":"sardiner-i-solsikkeolje-rias-baixas-855-g","status":"publish","type":"product","link":"https:\/\/myspainfood.com\/no\/producto\/sardiner-i-solsikkeolje-rias-baixas-855-g\/","title":{"rendered":"Sardiner i solsikkeolje - Rias Baixas - 855 g"},"content":{"rendered":"<h3><strong>Sardiner i solsikkeolje - R\u00edas Baixas - 855 g<\/strong><\/h3>\n<p><strong>Sardiner i solsikkeolje fra R\u00edas Baixas<\/strong> er n\u00f8ye utvalgt og pakket for \u00e5 bevare ferskheten og den naturlige smaken, slik at du kan nyte alle smakene. De er ideelle til salater, forretter eller tradisjonelle oppskrifter, og skiller seg ut med sin m\u00f8re konsistens og uts\u00f8kte smak i munnen. <\/p>\n<p>Ikke n\u00f8l og unn deg selv de beste sardinene. Oppdag v\u00e5rt utvalg av <a href=\"https:\/\/latiendadesami.com\/categoria-producto\/conservas\/\" target=\"_blank\" rel=\"noopener noreferrer nofollow\"><b>hermetikk<\/b> <\/a>  <\/p>\n<h4><strong>Hvorfor velge dem<\/strong><\/h4>\n<ul>\n<li><strong>Garantert opprinnelse!<\/strong>  Fanget i det rene og rike vannet i Atlanterhavet, i R\u00edas Baixas i Galicia.<\/li>\n<li><strong>F\u00f8rsteklasses solsikkeolje, som gir en<\/strong>myk og balansert smak.<\/li>\n<li><strong>Format<\/strong>: 855 g boks, ideell for familier eller spesielle arrangementer.<\/li>\n<\/ul>\n","protected":false},"excerpt":{"rendered":"<p>Sardiner i solsikkeolje - R\u00edas Baixas - 855 g Sardiner i solsikkeolje fra R\u00edas Baixas er n\u00f8ye utvalgt og pakket for \u00e5 bevare ferskheten og den naturlige smaken, slik at du kan nyte alle smakene. De er ideelle til salater, forretter eller tradisjonelle oppskrifter, og skiller seg ut med sin m\u00f8re konsistens og uts\u00f8kte smak [&hellip;]<\/p>\n","protected":false},"featured_media":15546,"template":"","meta":{"_et_pb_use_builder":"","_et_pb_old_content":"","_et_gb_content_width":""},"product_brand":[],"product_cat":[1972],"product_tag":[],"class_list":{"0":"post-20072","1":"product","2":"type-product","3":"status-publish","4":"has-post-thumbnail","6":"product_cat-konserver","8":"first","9":"outofstock","10":"taxable","11":"shipping-taxable","12":"product-type-variable"},"_links":{"self":[{"href":"https:\/\/myspainfood.com\/no\/wp-json\/wp\/v2\/product\/20072","targetHints":{"allow":["GET"]}}],"collection":[{"href":"https:\/\/myspainfood.com\/no\/wp-json\/wp\/v2\/product"}],"about":[{"href":"https:\/\/myspainfood.com\/no\/wp-json\/wp\/v2\/types\/product"}],"wp:featuredmedia":[{"embeddable":true,"href":"https:\/\/myspainfood.com\/no\/wp-json\/wp\/v2\/media\/15546"}],"wp:attachment":[{"href":"https:\/\/myspainfood.com\/no\/wp-json\/wp\/v2\/media?parent=20072"}],"wp:term":[{"taxonomy":"product_brand","embeddable":true,"href":"https:\/\/myspainfood.com\/no\/wp-json\/wp\/v2\/product_brand?post=20072"},{"taxonomy":"product_cat","embeddable":true,"href":"https:\/\/myspainfood.com\/no\/wp-json\/wp\/v2\/product_cat?post=20072"},{"taxonomy":"product_tag","embeddable":true,"href":"https:\/\/myspainfood.com\/no\/wp-json\/wp\/v2\/product_tag?post=20072"}],"curies":[{"name":"wp","href":"https:\/\/api.w.org\/{rel}","templated":true}]}}