{"id":20282,"date":"2025-04-10T12:10:56","date_gmt":"2025-04-10T10:10:56","guid":{"rendered":"https:\/\/myspainfood.com\/producto\/oliven-sabrosita-aguedo-2-kg-nettovekt\/"},"modified":"2025-04-10T12:10:56","modified_gmt":"2025-04-10T10:10:56","slug":"oliven-sabrosita-aguedo-2-kg-nettovekt","status":"publish","type":"product","link":"https:\/\/myspainfood.com\/no\/producto\/oliven-sabrosita-aguedo-2-kg-nettovekt\/","title":{"rendered":"Oliven Sabrosita Aguedo 2 kg nettovekt"},"content":{"rendered":"<p>Hos ACEITUNAS AGUEDO garanterer vi at produktene v\u00e5re er av ypperste kvalitet, og vi kombinerer tradisjon med ny teknologi. Vi tilbyr profesjonaliteten ved \u00e5 v\u00e6re en familiebedrift i konstant vekst, med kundenes tilfredshet som eneste m\u00e5l. <\/p>\n<p>Vi overv\u00e5ker alle produksjonsprosesser fra start til slutt, dette er den eneste m\u00e5ten \u00e5 oppn\u00e5 MAKSIMALE produkter p\u00e5.<\/p>\n","protected":false},"excerpt":{"rendered":"<p>Hos ACEITUNAS AGUEDO garanterer vi at produktene v\u00e5re er av ypperste kvalitet, og vi kombinerer tradisjon med ny teknologi. Vi tilbyr profesjonaliteten ved \u00e5 v\u00e6re en familiebedrift i konstant vekst, med kundenes tilfredshet som eneste m\u00e5l. Vi overv\u00e5ker alle produksjonsprosesser fra start til slutt, dette er den eneste m\u00e5ten \u00e5 oppn\u00e5 MAKSIMALE produkter p\u00e5.<\/p>\n","protected":false},"featured_media":13305,"template":"","meta":{"_et_pb_use_builder":"","_et_pb_old_content":"","_et_gb_content_width":""},"product_brand":[1397],"product_cat":[1556,1555],"product_tag":[2050],"class_list":{"0":"post-20282","1":"product","2":"type-product","3":"status-publish","4":"has-post-thumbnail","6":"product_brand-aguedo","7":"product_cat-oliven","8":"product_cat-pickles-no","9":"product_tag-kamille-no","11":"first","12":"outofstock","13":"taxable","14":"shipping-taxable","15":"purchasable","16":"product-type-simple"},"_links":{"self":[{"href":"https:\/\/myspainfood.com\/no\/wp-json\/wp\/v2\/product\/20282","targetHints":{"allow":["GET"]}}],"collection":[{"href":"https:\/\/myspainfood.com\/no\/wp-json\/wp\/v2\/product"}],"about":[{"href":"https:\/\/myspainfood.com\/no\/wp-json\/wp\/v2\/types\/product"}],"wp:featuredmedia":[{"embeddable":true,"href":"https:\/\/myspainfood.com\/no\/wp-json\/wp\/v2\/media\/13305"}],"wp:attachment":[{"href":"https:\/\/myspainfood.com\/no\/wp-json\/wp\/v2\/media?parent=20282"}],"wp:term":[{"taxonomy":"product_brand","embeddable":true,"href":"https:\/\/myspainfood.com\/no\/wp-json\/wp\/v2\/product_brand?post=20282"},{"taxonomy":"product_cat","embeddable":true,"href":"https:\/\/myspainfood.com\/no\/wp-json\/wp\/v2\/product_cat?post=20282"},{"taxonomy":"product_tag","embeddable":true,"href":"https:\/\/myspainfood.com\/no\/wp-json\/wp\/v2\/product_tag?post=20282"}],"curies":[{"name":"wp","href":"https:\/\/api.w.org\/{rel}","templated":true}]}}