{"id":21101,"date":"2025-04-10T12:10:26","date_gmt":"2025-04-10T10:10:26","guid":{"rendered":"https:\/\/myspainfood.com\/producto\/bocaditos-bacalao-salados\/"},"modified":"2025-06-24T13:15:38","modified_gmt":"2025-06-24T11:15:38","slug":"bocaditos-bacalao-salados","status":"publish","type":"product","link":"https:\/\/myspainfood.com\/no\/producto\/bocaditos-bacalao-salados\/","title":{"rendered":"Bocaditos Bacalao Salados"},"content":{"rendered":"<p style=\"text-align: left\">&laquo;Torsk er fellesbetegnelsen p\u00e5 flere arter av fisk i slekten Gadus, selv om noen i samme slekt kan ha andre navn. Den vanligste arten er atlanterhavstorsken<strong>(Gadus morhua<\/strong> eller vanlig torsk). Den er en av de mest kjente fiskene i verden og er verdsatt for sin gode smak.  <\/p>\n<h6 style=\"text-align: left\"><u>N\u00c6RINGSVERDI<\/u><\/h6>\n<p>Fra et ern\u00e6ringsmessig synspunkt er torsk en matvare rik p\u00e5 proteiner med h\u00f8y biologisk verdi og ford\u00f8yelighet, med lavt fett- og kaloriinnhold. Vanninnholdet er rundt 80 % (i fersk torsk), og den er en god kilde til vitaminer (hovedsakelig gruppe B) og mineralsalter som er viktige for kroppen. Fersk eller avsaltet torsk kan spises av personer med h\u00f8yt blodtrykk, siden den har lavt natriuminnhold og er rik p\u00e5 kalium.  <\/p>\n","protected":false},"excerpt":{"rendered":"<p>&laquo;Torsk er fellesbetegnelsen p\u00e5 flere arter av fisk i slekten Gadus, selv om noen i samme slekt kan ha andre navn. Den vanligste arten er atlanterhavstorsken(Gadus morhua eller vanlig torsk). Den er en av de mest kjente fiskene i verden og er verdsatt for sin gode smak. N\u00c6RINGSVERDI Fra et ern\u00e6ringsmessig synspunkt er torsk en [&hellip;]<\/p>\n","protected":false},"featured_media":12783,"template":"","meta":{"_et_pb_use_builder":"","_et_pb_old_content":"","_et_gb_content_width":""},"product_brand":[1290],"product_cat":[1805,3509],"product_tag":[],"class_list":{"0":"post-21101","1":"product","2":"type-product","3":"status-publish","4":"has-post-thumbnail","6":"product_brand-la-barajilla","7":"product_cat-kald","8":"product_cat-torsk","9":"product_shipping_class-kald-forsendelse","11":"first","12":"outofstock","13":"taxable","14":"shipping-taxable","15":"purchasable","16":"product-type-simple"},"_links":{"self":[{"href":"https:\/\/myspainfood.com\/no\/wp-json\/wp\/v2\/product\/21101","targetHints":{"allow":["GET"]}}],"collection":[{"href":"https:\/\/myspainfood.com\/no\/wp-json\/wp\/v2\/product"}],"about":[{"href":"https:\/\/myspainfood.com\/no\/wp-json\/wp\/v2\/types\/product"}],"wp:featuredmedia":[{"embeddable":true,"href":"https:\/\/myspainfood.com\/no\/wp-json\/wp\/v2\/media\/12783"}],"wp:attachment":[{"href":"https:\/\/myspainfood.com\/no\/wp-json\/wp\/v2\/media?parent=21101"}],"wp:term":[{"taxonomy":"product_brand","embeddable":true,"href":"https:\/\/myspainfood.com\/no\/wp-json\/wp\/v2\/product_brand?post=21101"},{"taxonomy":"product_cat","embeddable":true,"href":"https:\/\/myspainfood.com\/no\/wp-json\/wp\/v2\/product_cat?post=21101"},{"taxonomy":"product_tag","embeddable":true,"href":"https:\/\/myspainfood.com\/no\/wp-json\/wp\/v2\/product_tag?post=21101"}],"curies":[{"name":"wp","href":"https:\/\/api.w.org\/{rel}","templated":true}]}}