{"id":21294,"date":"2025-04-10T12:10:23","date_gmt":"2025-04-10T10:10:23","guid":{"rendered":"https:\/\/myspainfood.com\/producto\/piquillo-paprikasalat-15-kg\/"},"modified":"2025-04-10T12:10:23","modified_gmt":"2025-04-10T10:10:23","slug":"piquillo-paprikasalat-15-kg","status":"publish","type":"product","link":"https:\/\/myspainfood.com\/no\/producto\/piquillo-paprikasalat-15-kg\/","title":{"rendered":"Piquillo-paprikasalat 1,5 kg"},"content":{"rendered":"<p><a href=\"https:\/\/www.alsurvegetales.com\/producto\/id\/35\/pimiento-del-piquillo\" target=\"_blank\" rel=\"noopener noreferrer nofollow\">Alsurs<\/a> piquillo-peppersalat er laget med en s\u00f8t hermetisk paprika.<\/p>\n<p>Pepperen er kjent for sin h\u00f8ye kvalitet og sin helt spesielle smak med et hint av krydder.<\/p>\n<p>De kjennetegnes ogs\u00e5 av sin intense r\u00f8de farge, sin unike tekstur, sin st\u00f8rrelse og sin spesielle langstrakte, trekantede form.<\/p>\n<p>Ingredienser: Piquillo-pepper, l\u00f8k, vann, sukker, salt, eddik og sitronsyre.<\/p>\n<p>Gryten har en nettovekt p\u00e5 410 gram.<\/p>\n<p>Oppbevares p\u00e5 et kj\u00f8lig, t\u00f8rt sted. N\u00e5r den er \u00e5pnet, overf\u00f8res den til en ikke-metallisk beholder, kj\u00f8les ned og konsumeres innen 7 dager. <\/p>\n<p>Alsur er en familiebedrift, der essensen av mat er hovedpersonen.<\/p>\n<h4>De viktigste fordelene med hermetikk<\/h4>\n<ol>\n<li>De bevarer alle de ern\u00e6ringsmessige egenskapene til selve maten. Maten beholder sin friskhet. <\/li>\n<li>Matvarene som brukes er sunne og derfor egnet for et optimalt kosthold p\u00e5 grunn av sitt h\u00f8ye vitamin- og proteininnhold.<\/li>\n<li>Disse produktene har lengre levetid (2-5 \u00e5r er typisk).<\/li>\n<li>Konsertene er veldig enkle \u00e5 oppbevare, siden emballasjen er lett \u00e5 bruke.<\/li>\n<\/ol>\n<p>Hvis du \u00f8nsker \u00e5 kj\u00f8pe Peppersalat med tunfisk eller andre typer <a href=\"https:\/\/latiendadesami.com\/categoria-producto\/conservas\/\" rel=\"noopener noreferrer nofollow\" target=\"_blank\">hermetikk<\/a>, ikke n\u00f8l med \u00e5 ta en titt i v\u00e5r online katalog for \u00e5 se det brede utvalget av <a href=\"https:\/\/latiendadesami.com\/categoria-producto\/conservas\/atun-y-bonito\/\" target=\"_blank\" rel=\"noopener noreferrer nofollow\">tunfisk<\/a> som vi har.<\/p>\n<p>Skriv til oss for mer informasjon.<\/p>\n","protected":false},"excerpt":{"rendered":"<p>Alsurs piquillo-peppersalat er laget med en s\u00f8t hermetisk paprika. Pepperen er kjent for sin h\u00f8ye kvalitet og sin helt spesielle smak med et hint av krydder. De kjennetegnes ogs\u00e5 av sin intense r\u00f8de farge, sin unike tekstur, sin st\u00f8rrelse og sin spesielle langstrakte, trekantede form. Ingredienser: Piquillo-pepper, l\u00f8k, vann, sukker, salt, eddik og sitronsyre. Gryten [&hellip;]<\/p>\n","protected":false},"featured_media":12720,"template":"","meta":{"_et_pb_use_builder":"","_et_pb_old_content":"","_et_gb_content_width":""},"product_brand":[1196],"product_cat":[3714,1972,2319],"product_tag":[],"class_list":{"0":"post-21294","1":"product","2":"type-product","3":"status-publish","4":"has-post-thumbnail","6":"product_brand-alsur","7":"product_cat-gronnsaker","8":"product_cat-konserver","9":"product_cat-paprika-no","11":"first","12":"outofstock","13":"taxable","14":"shipping-taxable","15":"purchasable","16":"product-type-simple"},"_links":{"self":[{"href":"https:\/\/myspainfood.com\/no\/wp-json\/wp\/v2\/product\/21294","targetHints":{"allow":["GET"]}}],"collection":[{"href":"https:\/\/myspainfood.com\/no\/wp-json\/wp\/v2\/product"}],"about":[{"href":"https:\/\/myspainfood.com\/no\/wp-json\/wp\/v2\/types\/product"}],"wp:featuredmedia":[{"embeddable":true,"href":"https:\/\/myspainfood.com\/no\/wp-json\/wp\/v2\/media\/12720"}],"wp:attachment":[{"href":"https:\/\/myspainfood.com\/no\/wp-json\/wp\/v2\/media?parent=21294"}],"wp:term":[{"taxonomy":"product_brand","embeddable":true,"href":"https:\/\/myspainfood.com\/no\/wp-json\/wp\/v2\/product_brand?post=21294"},{"taxonomy":"product_cat","embeddable":true,"href":"https:\/\/myspainfood.com\/no\/wp-json\/wp\/v2\/product_cat?post=21294"},{"taxonomy":"product_tag","embeddable":true,"href":"https:\/\/myspainfood.com\/no\/wp-json\/wp\/v2\/product_tag?post=21294"}],"curies":[{"name":"wp","href":"https:\/\/api.w.org\/{rel}","templated":true}]}}