{"id":21469,"date":"2025-04-10T12:10:29","date_gmt":"2025-04-10T10:10:29","guid":{"rendered":"https:\/\/myspainfood.com\/producto\/biter-av-tunfiskmage-areoso-120gr-250-enheter\/"},"modified":"2025-04-10T12:10:29","modified_gmt":"2025-04-10T10:10:29","slug":"biter-av-tunfiskmage-areoso-120gr-250-enheter","status":"publish","type":"product","link":"https:\/\/myspainfood.com\/no\/producto\/biter-av-tunfiskmage-areoso-120gr-250-enheter\/","title":{"rendered":"Biter av tunfiskmage Areoso 120gr 250 enheter"},"content":{"rendered":"<p>Spesifikasjoner: Gulfinnet tunfiskmage (Thunnus albacares) i solsikkeolje.<\/p>\n<p>Ingredienser: Gulfinnet tunfiskmage 65,2 %, solsikkeolje 34,8 %, salt, salt.<\/p>\n<p>Produksjonsprosessen: Buken p\u00e5 gulfinnet tunfisk er en av de mest verdsatte delene p\u00e5 grunn av den gode smaken og den myke konsistensen. N\u00e5r tunfiskbitene ankommer fabrikken, blir de h\u00e5ndtert p\u00e5 en helt tradisjonell m\u00e5te. Etter tilberedningen blir de renset og manuelt delt opp i tynne, jevnstore skiver. De pakkes i bokser, og olivenolje tilsettes som dekkv\u00e6ske, noe som utvilsomt vil forsterke den fulle smaken av dette h\u00f8yt verdsatte produktet. Deretter forsegles og steriliseres boksene, en strengt kontrollert prosess som garanterer produktets kvalitet og holdbarhet i \u00e5revis uten tilsetning av kunstige konserveringsmidler.    <\/p>\n<p>Skriv til oss for mer informasjon.<\/p>\n","protected":false},"excerpt":{"rendered":"<p>Spesifikasjoner: Gulfinnet tunfiskmage (Thunnus albacares) i solsikkeolje. Ingredienser: Gulfinnet tunfiskmage 65,2 %, solsikkeolje 34,8 %, salt, salt. Produksjonsprosessen: Buken p\u00e5 gulfinnet tunfisk er en av de mest verdsatte delene p\u00e5 grunn av den gode smaken og den myke konsistensen. N\u00e5r tunfiskbitene ankommer fabrikken, blir de h\u00e5ndtert p\u00e5 en helt tradisjonell m\u00e5te. Etter tilberedningen blir de [&hellip;]<\/p>\n","protected":false},"featured_media":12846,"template":"","meta":{"_et_pb_use_builder":"","_et_pb_old_content":"","_et_gb_content_width":""},"product_brand":[1358],"product_cat":[2943,3255],"product_tag":[],"class_list":{"0":"post-21469","1":"product","2":"type-product","3":"status-publish","4":"has-post-thumbnail","6":"product_brand-areoso","7":"product_cat-engroshandel","8":"product_cat-konserver-no-2","10":"first","11":"outofstock","12":"taxable","13":"shipping-taxable","14":"product-type-variable"},"_links":{"self":[{"href":"https:\/\/myspainfood.com\/no\/wp-json\/wp\/v2\/product\/21469","targetHints":{"allow":["GET"]}}],"collection":[{"href":"https:\/\/myspainfood.com\/no\/wp-json\/wp\/v2\/product"}],"about":[{"href":"https:\/\/myspainfood.com\/no\/wp-json\/wp\/v2\/types\/product"}],"wp:featuredmedia":[{"embeddable":true,"href":"https:\/\/myspainfood.com\/no\/wp-json\/wp\/v2\/media\/12846"}],"wp:attachment":[{"href":"https:\/\/myspainfood.com\/no\/wp-json\/wp\/v2\/media?parent=21469"}],"wp:term":[{"taxonomy":"product_brand","embeddable":true,"href":"https:\/\/myspainfood.com\/no\/wp-json\/wp\/v2\/product_brand?post=21469"},{"taxonomy":"product_cat","embeddable":true,"href":"https:\/\/myspainfood.com\/no\/wp-json\/wp\/v2\/product_cat?post=21469"},{"taxonomy":"product_tag","embeddable":true,"href":"https:\/\/myspainfood.com\/no\/wp-json\/wp\/v2\/product_tag?post=21469"}],"curies":[{"name":"wp","href":"https:\/\/api.w.org\/{rel}","templated":true}]}}