{"id":21539,"date":"2025-04-10T12:10:34","date_gmt":"2025-04-10T10:10:34","guid":{"rendered":"https:\/\/myspainfood.com\/producto\/iberisk-chorizo-extra-fili-500-gram-salamanca\/"},"modified":"2026-01-29T11:15:28","modified_gmt":"2026-01-29T10:15:28","slug":"iberisk-chorizo-extra-fili-500-gram-salamanca","status":"publish","type":"product","link":"https:\/\/myspainfood.com\/no\/producto\/iberisk-chorizo-extra-fili-500-gram-salamanca\/","title":{"rendered":"Iberisk Chorizo Extra Fili 500 gram Salamanca"},"content":{"rendered":"<p>Tradisjonelt produkt av h\u00f8yeste kvalitet laget med et utvalg av det beste iberiske magre kj\u00f8ttet, paprika, hvitl\u00f8k&#8230;<\/p>\n<p>Presentasjon: naturlig svinetarm, vakuumpakket i hele eller halve stykker.<\/p>\n","protected":false},"excerpt":{"rendered":"<p>Tradisjonelt produkt av h\u00f8yeste kvalitet laget med et utvalg av det beste iberiske magre kj\u00f8ttet, paprika, hvitl\u00f8k&#8230; Presentasjon: naturlig svinetarm, vakuumpakket i hele eller halve stykker.<\/p>\n","protected":false},"featured_media":13107,"template":"","meta":{"_et_pb_use_builder":"","_et_pb_old_content":"","_et_gb_content_width":""},"product_brand":[1388],"product_cat":[1805,2252,2253],"product_tag":[],"class_list":{"0":"post-21539","1":"product","2":"type-product","3":"status-publish","4":"has-post-thumbnail","6":"product_brand-fili","7":"product_cat-kald","8":"product_cat-ost-og-polse","9":"product_cat-polse","10":"product_shipping_class-kald-forsendelse","12":"first","13":"instock","14":"featured","15":"taxable","16":"shipping-taxable","17":"purchasable","18":"product-type-variable"},"_links":{"self":[{"href":"https:\/\/myspainfood.com\/no\/wp-json\/wp\/v2\/product\/21539","targetHints":{"allow":["GET"]}}],"collection":[{"href":"https:\/\/myspainfood.com\/no\/wp-json\/wp\/v2\/product"}],"about":[{"href":"https:\/\/myspainfood.com\/no\/wp-json\/wp\/v2\/types\/product"}],"wp:featuredmedia":[{"embeddable":true,"href":"https:\/\/myspainfood.com\/no\/wp-json\/wp\/v2\/media\/13107"}],"wp:attachment":[{"href":"https:\/\/myspainfood.com\/no\/wp-json\/wp\/v2\/media?parent=21539"}],"wp:term":[{"taxonomy":"product_brand","embeddable":true,"href":"https:\/\/myspainfood.com\/no\/wp-json\/wp\/v2\/product_brand?post=21539"},{"taxonomy":"product_cat","embeddable":true,"href":"https:\/\/myspainfood.com\/no\/wp-json\/wp\/v2\/product_cat?post=21539"},{"taxonomy":"product_tag","embeddable":true,"href":"https:\/\/myspainfood.com\/no\/wp-json\/wp\/v2\/product_tag?post=21539"}],"curies":[{"name":"wp","href":"https:\/\/api.w.org\/{rel}","templated":true}]}}