{"id":21756,"date":"2025-04-10T12:10:34","date_gmt":"2025-04-10T10:10:34","guid":{"rendered":"https:\/\/myspainfood.com\/producto\/sardinilla-25-35-areoso-i-olivenolje-120gr\/"},"modified":"2025-04-10T12:10:34","modified_gmt":"2025-04-10T10:10:34","slug":"sardinilla-25-35-areoso-i-olivenolje-120gr","status":"publish","type":"product","link":"https:\/\/myspainfood.com\/no\/producto\/sardinilla-25-35-areoso-i-olivenolje-120gr\/","title":{"rendered":"Sardinilla 25\/35 Areoso i olivenolje 120gr"},"content":{"rendered":"<p>Produkt: Sardiner i olivenolje 25\/35 stykker<\/p>\n<p>Spesifikasjoner: Sm\u00e5 sardiner (Sardina pilchardus) fra Rias i Galicia, av homogen st\u00f8rrelse i olivenolje. H\u00e5ndplukket i hver boks. <\/p>\n<p>Ingredienser: Sardiner 73 %, olivenolje 27 % og salt.<\/p>\n<p>Produksjonsprosessen: Til tross for at sardinen er en fisk, er den et krevende produkt og har en ganske arbeidsintensiv produksjonsprosess. N\u00e5r sardinene ankommer fabrikken, blir de forsiktig fjernet fra hodet og sl\u00f8yd for \u00e5 unng\u00e5 at de g\u00e5r i stykker og \u00f8delegger utseendet. Deretter legges sardinene p\u00e5 rister, vendes og senkes ned i saltlake (vann og salt) for \u00e5 gi dem smak og fasthet. Deretter stekes de p\u00e5 tradisjonelt vis og pakkes for h\u00e5nd i hver boks. Etter at olivenoljen er tilsatt, forsegles og steriliseres boksene, en strengt kontrollert prosess som garanterer produktets holdbarhet og kvalitet i \u00e5revis, uten at det er n\u00f8dvendig \u00e5 tilsette konserveringsmidler eller kunstige tilsetningsstoffer. Etter dette er boksene klare for lagring og videre bearbeiding.     <\/p>\n","protected":false},"excerpt":{"rendered":"<p>Produkt: Sardiner i olivenolje 25\/35 stykker Spesifikasjoner: Sm\u00e5 sardiner (Sardina pilchardus) fra Rias i Galicia, av homogen st\u00f8rrelse i olivenolje. H\u00e5ndplukket i hver boks. Ingredienser: Sardiner 73 %, olivenolje 27 % og salt. Produksjonsprosessen: Til tross for at sardinen er en fisk, er den et krevende produkt og har en ganske arbeidsintensiv produksjonsprosess. N\u00e5r sardinene [&hellip;]<\/p>\n","protected":false},"featured_media":12936,"template":"","meta":{"_et_pb_use_builder":"","_et_pb_old_content":"","_et_gb_content_width":""},"product_brand":[1358],"product_cat":[1972,3770],"product_tag":[],"class_list":{"0":"post-21756","1":"product","2":"type-product","3":"status-publish","4":"has-post-thumbnail","6":"product_brand-areoso","7":"product_cat-konserver","8":"product_cat-sardinillas-no","10":"first","11":"outofstock","12":"taxable","13":"shipping-taxable","14":"product-type-variable"},"_links":{"self":[{"href":"https:\/\/myspainfood.com\/no\/wp-json\/wp\/v2\/product\/21756","targetHints":{"allow":["GET"]}}],"collection":[{"href":"https:\/\/myspainfood.com\/no\/wp-json\/wp\/v2\/product"}],"about":[{"href":"https:\/\/myspainfood.com\/no\/wp-json\/wp\/v2\/types\/product"}],"wp:featuredmedia":[{"embeddable":true,"href":"https:\/\/myspainfood.com\/no\/wp-json\/wp\/v2\/media\/12936"}],"wp:attachment":[{"href":"https:\/\/myspainfood.com\/no\/wp-json\/wp\/v2\/media?parent=21756"}],"wp:term":[{"taxonomy":"product_brand","embeddable":true,"href":"https:\/\/myspainfood.com\/no\/wp-json\/wp\/v2\/product_brand?post=21756"},{"taxonomy":"product_cat","embeddable":true,"href":"https:\/\/myspainfood.com\/no\/wp-json\/wp\/v2\/product_cat?post=21756"},{"taxonomy":"product_tag","embeddable":true,"href":"https:\/\/myspainfood.com\/no\/wp-json\/wp\/v2\/product_tag?post=21756"}],"curies":[{"name":"wp","href":"https:\/\/api.w.org\/{rel}","templated":true}]}}