{"id":22076,"date":"2025-04-10T12:05:10","date_gmt":"2025-04-10T10:05:10","guid":{"rendered":"https:\/\/myspainfood.com\/producto\/chicon-hvitloksdressing-900-gr\/"},"modified":"2025-09-05T14:43:27","modified_gmt":"2025-09-05T12:43:27","slug":"chicon-hvitloksdressing-900-gr","status":"publish","type":"product","link":"https:\/\/myspainfood.com\/no\/producto\/chicon-hvitloksdressing-900-gr\/","title":{"rendered":"Chic\u00f3n Hvitl\u00f8ksdressing 900 gr"},"content":{"rendered":"<p><strong>Hvitl\u00f8k<\/strong>, skrelt, bearbeidet og t\u00f8rket for \u00e5 myke opp den naturlige smaken og samtidig bevare de opprinnelige egenskapene.<\/p>\n<p>Krydret hvitl\u00f8k er en delikatesse for ganen, enten som forrett eller som tilbeh\u00f8r til dine beste retter.<\/p>\n<h3><strong>Fordelene med <a href=\"https:\/\/aceitunaschiconlebron.com\/catalogo\/ajos-en-aceite\/\" target=\"_blank\" rel=\"noopener noreferrer nofollow\">hvitl\u00f8ksdressing<\/a><\/strong><\/h3>\n<p>Vet du hva de viktigste fordelene med hvitl\u00f8k i olje som sylteagurk er? Vel, blant mange andre egenskaper er de rike p\u00e5 probiotika, \u00f8ker immunforsvaret og hjelper til og med ford\u00f8yelsen. <\/p>\n<p>Sylteagurk har g\u00e5tt fra \u00e5 v\u00e6re en eldgammel teknikk for \u00e5 konservere mat over hele verden til \u00e5 bli en av de mest verdsatte tapasene eller forrettene i spansk gastronomi. I tillegg til v\u00e5r deilige <strong>hvitl\u00f8k i olje,<\/strong> kan du i v\u00e5r nettkatalog finne andre typer sylteagurk, som kapers, s\u00f8te banderiller eller krydrede banderiller. <\/p>\n<h3><strong>Egenskaper Syltet hvitl\u00f8k<\/strong><\/h3>\n<p>Den har <strong>antibiotiske egenskaper<\/strong>. Hvitl\u00f8ksolje dreper et bredt spekter av mikrober, som virus, bakterier, sopp og parasitter. <\/p>\n<p>Den har en <strong>avsvellende effekt<\/strong>, er en kilde til vitamin C, enzymer og mineraler som bidrar til \u00e5 styrke kroppens forsvar og immunforsvar.<\/p>\n<p><strong>Hvitl\u00f8k i olje beskytter hjertet v\u00e5rt<\/strong> mot kardiovaskul\u00e6re hjerteproblemer som hjerteinfarkt og aterosklerose.<\/p>\n<p>En annen <strong>egenskap ved syltet hvitl\u00f8k<\/strong> er at den senker kolesterolet, da den har evnen til \u00e5 senke triglyserider og totalkolesterol i blodet moderat, noe som kan redusere arteriell plakk.<\/p>\n<p>Kort sagt, hvitl\u00f8k i olje eller <a href=\"https:\/\/latiendadesami.com\/categoria-producto\/encurtidos\/\" target=\"_blank\" rel=\"noopener noreferrer nofollow\">syltet<\/a> hvitl\u00f8k har flere egenskaper og fordeler for menneskers helse.<\/p>\n","protected":false},"excerpt":{"rendered":"<p>Hvitl\u00f8k, skrelt, bearbeidet og t\u00f8rket for \u00e5 myke opp den naturlige smaken og samtidig bevare de opprinnelige egenskapene. Krydret hvitl\u00f8k er en delikatesse for ganen, enten som forrett eller som tilbeh\u00f8r til dine beste retter. Fordelene med hvitl\u00f8ksdressing Vet du hva de viktigste fordelene med hvitl\u00f8k i olje som sylteagurk er? Vel, blant mange andre [&hellip;]<\/p>\n","protected":false},"featured_media":7266,"template":"","meta":{"_et_pb_use_builder":"","_et_pb_old_content":"","_et_gb_content_width":""},"product_brand":[1036],"product_cat":[3891,1555],"product_tag":[3893,3895],"class_list":{"0":"post-22076","1":"product","2":"type-product","3":"status-publish","4":"has-post-thumbnail","6":"product_brand-chicon","7":"product_cat-hvitlok","8":"product_cat-pickles-no","9":"product_tag-hvitlok","10":"product_tag-krydret-no-2","12":"first","13":"instock","14":"taxable","15":"shipping-taxable","16":"purchasable","17":"product-type-variable"},"_links":{"self":[{"href":"https:\/\/myspainfood.com\/no\/wp-json\/wp\/v2\/product\/22076","targetHints":{"allow":["GET"]}}],"collection":[{"href":"https:\/\/myspainfood.com\/no\/wp-json\/wp\/v2\/product"}],"about":[{"href":"https:\/\/myspainfood.com\/no\/wp-json\/wp\/v2\/types\/product"}],"wp:featuredmedia":[{"embeddable":true,"href":"https:\/\/myspainfood.com\/no\/wp-json\/wp\/v2\/media\/7266"}],"wp:attachment":[{"href":"https:\/\/myspainfood.com\/no\/wp-json\/wp\/v2\/media?parent=22076"}],"wp:term":[{"taxonomy":"product_brand","embeddable":true,"href":"https:\/\/myspainfood.com\/no\/wp-json\/wp\/v2\/product_brand?post=22076"},{"taxonomy":"product_cat","embeddable":true,"href":"https:\/\/myspainfood.com\/no\/wp-json\/wp\/v2\/product_cat?post=22076"},{"taxonomy":"product_tag","embeddable":true,"href":"https:\/\/myspainfood.com\/no\/wp-json\/wp\/v2\/product_tag?post=22076"}],"curies":[{"name":"wp","href":"https:\/\/api.w.org\/{rel}","templated":true}]}}