{"id":22265,"date":"2025-04-10T12:05:32","date_gmt":"2025-04-10T10:05:32","guid":{"rendered":"https:\/\/myspainfood.com\/producto\/baskisk-chili\/"},"modified":"2025-04-10T12:05:32","modified_gmt":"2025-04-10T10:05:32","slug":"baskisk-chili","status":"publish","type":"product","link":"https:\/\/myspainfood.com\/no\/producto\/baskisk-chili\/","title":{"rendered":"Baskisk chili"},"content":{"rendered":"<p>Basque Guindilla Peppers in Vinegar vil gi <a href=\"https:\/\/es.wikipedia.org\/wiki\/Guindilla_de_Ibarra\" target=\"_blank\" rel=\"noopener noreferrer nofollow\">rettene<\/a> v\u00e5re det krydrede preget som f\u00e5r dem til \u00e5 skille seg ut.<\/p>\n<p>Dette produktet f\u00e5r ganen til \u00e5 vibrere, og blir h\u00f8yt verdsatt sammen med gryteretter eller sauser fulle av smak.<\/p>\n<p>En av de mange tradisjonelle ingrediensene i det baskiske kj\u00f8kkenet er piparra-chilipepper.<\/p>\n<p>En veldig spesiell chili som nesten ikke svir i det hele tatt.<\/p>\n<p>Den passer godt inn i alle slags menyer og blir sv\u00e6rt godt mottatt av dem som ikke er spesielt glad i denne smaken.<\/p>\n<p>De baskiske chilipeppene i dette glasset har en gjennomsnittlig st\u00f8rrelse p\u00e5 mellom 7 og 12 cm og er tilberedt med eddik.<\/p>\n<p>Et genuint preg som piparras vanligvis serveres med, og som vil sende et gys av intens smak gjennom kroppen din for hver munnfull.<\/p>\n<p>Noen egenskaper hos perleh\u00f8na:<\/p>\n<ul>\n<li>Senker kolesterolet.<\/li>\n<li>Stimulerer blod- og luftveissirkulasjonen.<\/li>\n<li>Det antas at det kan bidra til \u00e5 redusere overfl\u00f8dig vekt ved \u00e5 \u00f8ke stoffskiftet.<\/li>\n<li>If\u00f8lge noen studier beskytter det magesekken ved \u00e5 f\u00e5 den til \u00e5 produsere mer slim.<\/li>\n<\/ul>\n<p>Hvis du \u00f8nsker \u00e5 kj\u00f8pe oliven eller andre typer <a href=\"https:\/\/latiendadesami.com\/categoria-producto\/encurtidos\/\" rel=\"noopener noreferrer nofollow\" target=\"_blank\">sylteagurk<\/a>, kan du ta en titt i v\u00e5r nettkatalog for \u00e5 se det store utvalget av <a href=\"https:\/\/latiendadesami.com\/categoria-producto\/encurtidos\/pepinillos\/\" target=\"_blank\" rel=\"noopener noreferrer nofollow\">sylteagurk<\/a> vi har.<\/p>\n","protected":false},"excerpt":{"rendered":"<p>&nbsp;<\/p>\n<p>&nbsp;<\/p>\n","protected":false},"featured_media":7529,"template":"","meta":{"_et_pb_use_builder":"","_et_pb_old_content":"","_et_gb_content_width":""},"product_brand":[1057],"product_cat":[4006,1555],"product_tag":[4007],"class_list":{"0":"post-22265","1":"product","2":"type-product","3":"status-publish","4":"has-post-thumbnail","6":"product_brand-la-encajera","7":"product_cat-chilipepper","8":"product_cat-pickles-no","9":"product_tag-baskisk","11":"first","12":"outofstock","13":"taxable","14":"shipping-taxable","15":"product-type-variable"},"_links":{"self":[{"href":"https:\/\/myspainfood.com\/no\/wp-json\/wp\/v2\/product\/22265","targetHints":{"allow":["GET"]}}],"collection":[{"href":"https:\/\/myspainfood.com\/no\/wp-json\/wp\/v2\/product"}],"about":[{"href":"https:\/\/myspainfood.com\/no\/wp-json\/wp\/v2\/types\/product"}],"wp:featuredmedia":[{"embeddable":true,"href":"https:\/\/myspainfood.com\/no\/wp-json\/wp\/v2\/media\/7529"}],"wp:attachment":[{"href":"https:\/\/myspainfood.com\/no\/wp-json\/wp\/v2\/media?parent=22265"}],"wp:term":[{"taxonomy":"product_brand","embeddable":true,"href":"https:\/\/myspainfood.com\/no\/wp-json\/wp\/v2\/product_brand?post=22265"},{"taxonomy":"product_cat","embeddable":true,"href":"https:\/\/myspainfood.com\/no\/wp-json\/wp\/v2\/product_cat?post=22265"},{"taxonomy":"product_tag","embeddable":true,"href":"https:\/\/myspainfood.com\/no\/wp-json\/wp\/v2\/product_tag?post=22265"}],"curies":[{"name":"wp","href":"https:\/\/api.w.org\/{rel}","templated":true}]}}