{"id":23611,"date":"2025-04-10T12:06:37","date_gmt":"2025-04-10T10:06:37","guid":{"rendered":"https:\/\/myspainfood.com\/producto\/piquillo-pepper-i-strimler\/"},"modified":"2025-04-10T12:06:37","modified_gmt":"2025-04-10T10:06:37","slug":"piquillo-pepper-i-strimler","status":"publish","type":"product","link":"https:\/\/myspainfood.com\/no\/producto\/piquillo-pepper-i-strimler\/","title":{"rendered":"Piquillo-pepper i strimler"},"content":{"rendered":"<p>Pimiento del Piquillo strips first er et <a href=\"https:\/\/twitter.com\/mca_spain\" target=\"_blank\" rel=\"noopener noreferrer nofollow\">produkt fra Spania<\/a>.<\/p>\n<p>Ingredienser: Piquillo-pepper, salt og syrningsmiddel: sitronsyre.<\/p>\n<p>N\u00e5r den er \u00e5pnet, oppbevares den i kj\u00f8leskap og konsumeres helst innen 5 dager.<\/p>\n<p>La Finca Ripa y Mateo er et av de kommersielle varemerkene som MCA Spain-gruppen g\u00e5r ut p\u00e5 markedet under.<\/p>\n<p>MCA Spain har sin opprinnelse i erfaringen til Carlos Ripa, den n\u00e5v\u00e6rende daglige lederen, etter ti \u00e5r i en familiebedrift knyttet til dagligvaresektoren.<\/p>\n<p>P\u00e5 midten av 1980-tallet lanserte Ripa imidlertid sitt eget personlige prosjekt i hjembyen Mendavia i Navarra: hermetikkprodusenten MCA Spain.<\/p>\n<p>Dette selskapet har posisjonert seg i den f\u00f8rste divisjonen av den spanske landbruksmatsektoren med sine gr\u00f8nnsakskonserver og fiskekonserver.<\/p>\n<p>En spektakul\u00e6r utvikling som ikke hadde v\u00e6rt mulig uten et f\u00f8rsteklasses team og et kall for kundeservice.<\/p>\n<p>Hvis du \u00f8nsker \u00e5 kj\u00f8pe Piquillo Pepper strips f\u00f8rst eller noen annen type <a href=\"https:\/\/latiendadesami.com\/categoria-producto\/conservas\/\" rel=\"noopener noreferrer nofollow\" target=\"_blank\">hermetikk<\/a>, ikke n\u00f8l med \u00e5 ta en titt p\u00e5 v\u00e5r online katalog.<\/p>\n<p>Vi har den h\u00f8yeste kvaliteten til den beste prisen.<\/p>\n<p>Skriv til oss for mer informasjon eller hvis du har sp\u00f8rsm\u00e5l om dette eller andre produkter i katalogen v\u00e5r.<\/p>\n","protected":false},"excerpt":{"rendered":"<p>Pimiento del Piquillo strips first er et produkt fra Spania. Ingredienser: Piquillo-pepper, salt og syrningsmiddel: sitronsyre. N\u00e5r den er \u00e5pnet, oppbevares den i kj\u00f8leskap og konsumeres helst innen 5 dager. La Finca Ripa y Mateo er et av de kommersielle varemerkene som MCA Spain-gruppen g\u00e5r ut p\u00e5 markedet under. MCA Spain har sin opprinnelse i [&hellip;]<\/p>\n","protected":false},"featured_media":9048,"template":"","meta":{"_et_pb_use_builder":"","_et_pb_old_content":"","_et_gb_content_width":""},"product_brand":[1129],"product_cat":[1972,2319],"product_tag":[2321,2320],"class_list":{"0":"post-23611","1":"product","2":"type-product","3":"status-publish","4":"has-post-thumbnail","6":"product_brand-mateo","7":"product_cat-konserver","8":"product_cat-paprika-no","9":"product_tag-pepper","10":"product_tag-stekt","12":"first","13":"outofstock","14":"taxable","15":"shipping-taxable","16":"product-type-variable"},"_links":{"self":[{"href":"https:\/\/myspainfood.com\/no\/wp-json\/wp\/v2\/product\/23611","targetHints":{"allow":["GET"]}}],"collection":[{"href":"https:\/\/myspainfood.com\/no\/wp-json\/wp\/v2\/product"}],"about":[{"href":"https:\/\/myspainfood.com\/no\/wp-json\/wp\/v2\/types\/product"}],"wp:featuredmedia":[{"embeddable":true,"href":"https:\/\/myspainfood.com\/no\/wp-json\/wp\/v2\/media\/9048"}],"wp:attachment":[{"href":"https:\/\/myspainfood.com\/no\/wp-json\/wp\/v2\/media?parent=23611"}],"wp:term":[{"taxonomy":"product_brand","embeddable":true,"href":"https:\/\/myspainfood.com\/no\/wp-json\/wp\/v2\/product_brand?post=23611"},{"taxonomy":"product_cat","embeddable":true,"href":"https:\/\/myspainfood.com\/no\/wp-json\/wp\/v2\/product_cat?post=23611"},{"taxonomy":"product_tag","embeddable":true,"href":"https:\/\/myspainfood.com\/no\/wp-json\/wp\/v2\/product_tag?post=23611"}],"curies":[{"name":"wp","href":"https:\/\/api.w.org\/{rel}","templated":true}]}}