{"id":24027,"date":"2025-04-10T12:06:37","date_gmt":"2025-04-10T10:06:37","guid":{"rendered":"https:\/\/myspainfood.com\/producto\/syltede-blaskjell-4-6-stykker-arlequin\/"},"modified":"2025-04-10T12:06:37","modified_gmt":"2025-04-10T10:06:37","slug":"syltede-blaskjell-4-6-stykker-arlequin","status":"publish","type":"product","link":"https:\/\/myspainfood.com\/no\/producto\/syltede-blaskjell-4-6-stykker-arlequin\/","title":{"rendered":"Syltede bl\u00e5skjell 4\/6 stykker Arlequ\u00edn"},"content":{"rendered":"<p>Arlequ\u00edn Mussel 4\/6 stykker <a href=\"https:\/\/conservasarlequin.com\/arlequin\/\" target=\"_blank\" rel=\"noopener noreferrer nofollow\">Arlequ\u00edn<\/a> er et h\u00e5ndverksmessig hermetisk produkt.<\/p>\n<p><strong>Nettovekt\/ Escu:<\/strong> 115g\/69g<\/p>\n<p><strong>Holdbarhet:<\/strong> 5 \u00e5r<\/p>\n<p><strong>Naturvern:<\/strong> Milj\u00f8<\/p>\n<p><strong>Antall fileter\/ antall stykker:<\/strong> 4\/6<\/p>\n<p>Conservas <a href=\"https:\/\/latiendadesami.com\/marca\/arlequin\/\" target=\"_blank\" rel=\"noopener noreferrer nofollow\">Arlequ\u00edn<\/a> har som m\u00e5l \u00e5 tilby et godt produkt, den beste servicen og et bredt utvalg av fiskehermetikk til den beste prisen.<\/p>\n<p>De spesialiserer seg ogs\u00e5 p\u00e5 ansjos, ansjos, ansjos, bonito, gulfinnet tunfisk, bl\u00e5skjell, harlekinmuslinger 4\/6 stykker, makrell og sardiner.<\/p>\n<p>Comidistaen i avisen El Pa\u00eds sa for eksempel om ventrescaen: &laquo;Den er s\u00e5 m\u00f8r, nesten kremaktig, at man f\u00e5r lyst til \u00e5 gifte seg med den og leve lykkelig til Herren tar deg&raquo;.<\/p>\n<h4>De viktigste fordelene med hermetikk<\/h4>\n<ol>\n<li>De bevarer alle de ern\u00e6ringsmessige egenskapene til selve maten. Maten beholder sin friskhet. <\/li>\n<li>Matvarene som brukes er sunne og derfor egnet for et optimalt kosthold p\u00e5 grunn av sitt h\u00f8ye vitamin- og proteininnhold.<\/li>\n<li>Disse produktene har lengre levetid (2-5 \u00e5r er typisk).<\/li>\n<li>Konsertene er veldig enkle \u00e5 oppbevare, siden emballasjen er lett \u00e5 bruke.<\/li>\n<\/ol>\n<p>Hvis du \u00f8nsker \u00e5 kj\u00f8pe tunfisk eller andre typer <a href=\"https:\/\/latiendadesami.com\/categoria-producto\/conservas\/\" rel=\"noopener noreferrer nofollow\" target=\"_blank\">hermetikk<\/a>, kan du ta en titt i v\u00e5r nettkatalog for \u00e5 se det store utvalget av <a href=\"https:\/\/latiendadesami.com\/categoria-producto\/conservas\/atun-y-bonito\/\" target=\"_blank\" rel=\"noopener noreferrer nofollow\">tunfisk<\/a> vi har.<\/p>\n<p>Skriv til oss for mer informasjon.<\/p>\n","protected":false},"excerpt":{"rendered":"<p>Bl\u00e5skjell i syltet saus i olivenolje<\/p>\n","protected":false},"featured_media":8958,"template":"","meta":{"_et_pb_use_builder":"","_et_pb_old_content":"","_et_gb_content_width":""},"product_brand":[1162],"product_cat":[4065,1972],"product_tag":[],"class_list":{"0":"post-24027","1":"product","2":"type-product","3":"status-publish","4":"has-post-thumbnail","6":"product_brand-arlequin","7":"product_cat-blaskjell-no","8":"product_cat-konserver","10":"first","11":"outofstock","12":"taxable","13":"shipping-taxable","14":"purchasable","15":"product-type-variable"},"_links":{"self":[{"href":"https:\/\/myspainfood.com\/no\/wp-json\/wp\/v2\/product\/24027","targetHints":{"allow":["GET"]}}],"collection":[{"href":"https:\/\/myspainfood.com\/no\/wp-json\/wp\/v2\/product"}],"about":[{"href":"https:\/\/myspainfood.com\/no\/wp-json\/wp\/v2\/types\/product"}],"wp:featuredmedia":[{"embeddable":true,"href":"https:\/\/myspainfood.com\/no\/wp-json\/wp\/v2\/media\/8958"}],"wp:attachment":[{"href":"https:\/\/myspainfood.com\/no\/wp-json\/wp\/v2\/media?parent=24027"}],"wp:term":[{"taxonomy":"product_brand","embeddable":true,"href":"https:\/\/myspainfood.com\/no\/wp-json\/wp\/v2\/product_brand?post=24027"},{"taxonomy":"product_cat","embeddable":true,"href":"https:\/\/myspainfood.com\/no\/wp-json\/wp\/v2\/product_cat?post=24027"},{"taxonomy":"product_tag","embeddable":true,"href":"https:\/\/myspainfood.com\/no\/wp-json\/wp\/v2\/product_tag?post=24027"}],"curies":[{"name":"wp","href":"https:\/\/api.w.org\/{rel}","templated":true}]}}