{"id":25113,"date":"2025-04-10T12:05:46","date_gmt":"2025-04-10T10:05:46","guid":{"rendered":"https:\/\/myspainfood.com\/producto\/ansjosfylte-agurker-2-kg-nei\/"},"modified":"2025-09-02T10:36:55","modified_gmt":"2025-09-02T08:36:55","slug":"ansjosfylte-agurker-2-kg-nei","status":"publish","type":"product","link":"https:\/\/myspainfood.com\/no\/producto\/ansjosfylte-agurker-2-kg-nei\/","title":{"rendered":"Ansjosfylte agurker 2 kg nei"},"content":{"rendered":"<p>Ansjosfylt agurk 2kg - Agurk, ansjos, l\u00f8k, oliven, pepper, salt. \u00c5 nyte som en <a href=\"https:\/\/www.google.com\/search?q=pepinillos+rellenos+de+anchoa&amp;sxsrf=APq-WBt_i-Tka1Uv3POveVZqwLAkAbPIVg:1644316240904&amp;source=lnms&amp;tbm=isch&amp;sa=X&amp;ved=2ahUKEwj7or-r8-_1AhXO57sIHTYYAU0Q_AUoAXoECAEQAw&amp;biw=1577&amp;bih=780&amp;dpr=1\" target=\"_blank\" rel=\"noopener noreferrer nofollow\">forrett<\/a>. <\/p>\n<p>Blandingen av smaker fra ingrediensene sammen med eddiksmaken gir den en spesiell smak som er sv\u00e6rt behagelig for ganen.<\/p>\n<p>Sylteagurk er et mellomm\u00e5ltid som styrker immunforsvaret, noe som betyr at det st\u00f8tter kroppens forsvar og generelle helse.<\/p>\n<h3><strong>Fordeler med Ansjosfylt agurk 2kg<\/strong><\/h3>\n<p>Visste du om fordelene med sylteagurk generelt? Her er en liste over de viktigste: <\/p>\n<ul>\n<li>Rik p\u00e5 probiotika.<\/li>\n<li>De hjelper ford\u00f8yelsen.<\/li>\n<li>De styrker immunforsvaret.<\/li>\n<li>De reduserer suget etter sukker.<\/li>\n<li>Gunstig for gallebl\u00e6ren.<\/li>\n<\/ul>\n<p>Hvis du \u00f8nsker \u00e5 kj\u00f8pe oliven eller andre typer <a href=\"https:\/\/latiendadesami.com\/categoria-producto\/encurtidos\/\" rel=\"noopener noreferrer nofollow\" target=\"_blank\">sylteagurk<\/a>, kan du ta en titt i v\u00e5r nettkatalog for \u00e5 se det store utvalget av <a href=\"https:\/\/latiendadesami.com\/categoria-producto\/encurtidos\/pepinillos\/\" target=\"_blank\" rel=\"noopener noreferrer nofollow\">sylteagurk<\/a> vi har.<\/p>\n","protected":false},"excerpt":{"rendered":"<p>Ansjosfylt agurk 2kg - Agurk, ansjos, l\u00f8k, oliven, pepper, salt. \u00c5 nyte som en forrett. Blandingen av smaker fra ingrediensene sammen med eddiksmaken gir den en spesiell smak som er sv\u00e6rt behagelig for ganen. Sylteagurk er et mellomm\u00e5ltid som styrker immunforsvaret, noe som betyr at det st\u00f8tter kroppens forsvar og generelle helse. Fordeler med Ansjosfylt [&hellip;]<\/p>\n","protected":false},"featured_media":7797,"template":"","meta":{"_et_pb_use_builder":"","_et_pb_old_content":"","_et_gb_content_width":""},"product_brand":[1069],"product_cat":[2005,1805,1555],"product_tag":[4942,2030],"class_list":{"0":"post-25113","1":"product","2":"type-product","3":"status-publish","4":"has-post-thumbnail","6":"product_brand-sangar","7":"product_cat-agurker-no","8":"product_cat-kald","9":"product_cat-pickles-no","10":"product_tag-ansjovis-no","11":"product_tag-gherkin-no","12":"product_shipping_class-kald-forsendelse","14":"first","15":"instock","16":"taxable","17":"shipping-taxable","18":"purchasable","19":"product-type-simple"},"_links":{"self":[{"href":"https:\/\/myspainfood.com\/no\/wp-json\/wp\/v2\/product\/25113","targetHints":{"allow":["GET"]}}],"collection":[{"href":"https:\/\/myspainfood.com\/no\/wp-json\/wp\/v2\/product"}],"about":[{"href":"https:\/\/myspainfood.com\/no\/wp-json\/wp\/v2\/types\/product"}],"wp:featuredmedia":[{"embeddable":true,"href":"https:\/\/myspainfood.com\/no\/wp-json\/wp\/v2\/media\/7797"}],"wp:attachment":[{"href":"https:\/\/myspainfood.com\/no\/wp-json\/wp\/v2\/media?parent=25113"}],"wp:term":[{"taxonomy":"product_brand","embeddable":true,"href":"https:\/\/myspainfood.com\/no\/wp-json\/wp\/v2\/product_brand?post=25113"},{"taxonomy":"product_cat","embeddable":true,"href":"https:\/\/myspainfood.com\/no\/wp-json\/wp\/v2\/product_cat?post=25113"},{"taxonomy":"product_tag","embeddable":true,"href":"https:\/\/myspainfood.com\/no\/wp-json\/wp\/v2\/product_tag?post=25113"}],"curies":[{"name":"wp","href":"https:\/\/api.w.org\/{rel}","templated":true}]}}