{"id":25257,"date":"2025-04-10T12:05:46","date_gmt":"2025-04-10T10:05:46","guid":{"rendered":"https:\/\/myspainfood.com\/producto\/benfri-45-kg\/"},"modified":"2025-09-02T10:49:05","modified_gmt":"2025-09-02T08:49:05","slug":"benfri-45-kg","status":"publish","type":"product","link":"https:\/\/myspainfood.com\/no\/producto\/benfri-45-kg\/","title":{"rendered":"Benfri 4,5 kg"},"content":{"rendered":"<p>Pitted Olive 4,5 kg er gr\u00f8nn i fargen og <a href=\"https:\/\/www.google.com\/search?q=aceitunas+deshuesadas&amp;sxsrf=APq-WBvbn4FM7rlwj2SbPE3GYq4nrKA1Ug:1644314369924&amp;source=lnms&amp;tbm=isch&amp;sa=X&amp;ved=2ahUKEwjE56uv7O_1AhWrgf0HHWvsDTUQ_AUoAXoECAEQAw&amp;biw=1577&amp;bih=780&amp;dpr=1\" target=\"_blank\" rel=\"noopener noreferrer nofollow\">pitted<\/a>. Den beholder sin opprinnelige form. <\/p>\n<p>Det er et sv\u00e6rt sunt supplement til v\u00e5rt tradisjonelle, n\u00e6ringsrike middelhavskosthold.<\/p>\n<p>I Spania finner vi oliven, agurker, almagro auberginer, gulr\u00f8tter, l\u00f8k, kapers, hvitl\u00f8k eller til og med en blanding av disse.<\/p>\n<p>De serveres ofte som tapas til \u00f8l (ikke vin p\u00e5 grunn av eddikinnholdet).<\/p>\n<p>Pickles har g\u00e5tt fra \u00e5 v\u00e6re en eldgammel teknikk for konservering av mat over hele verden til \u00e5 bli en av de mest popul\u00e6re tapasene eller forrettene i spansk gastronomi.<\/p>\n<h3>Fordeler med utsteinede oliven 4,5 kg<\/h3>\n<p>Visste du at oliven har mange fordeler? De er sv\u00e6rt effektive n\u00e5r det gjelder \u00e5 forebygge hjerte- og karsykdommer generelt. <\/p>\n<p>Dette skyldes det h\u00f8ye innholdet av umettet fett. I tillegg er det en matvare som inneholder mye jern og fiber og er sv\u00e6rt mettende, noe som gj\u00f8r det til et perfekt mellomm\u00e5ltid. <\/p>\n<p>Hvis du \u00f8nsker \u00e5 kj\u00f8pe oliven eller andre typer <a href=\"https:\/\/latiendadesami.com\/categoria-producto\/encurtidos\/\" rel=\"noopener noreferrer nofollow\" target=\"_blank\">syltet mat<\/a>, ikke n\u00f8l med \u00e5 ta en titt p\u00e5 v\u00e5r online katalog for \u00e5 se det brede utvalget av <a href=\"https:\/\/latiendadesami.com\/categoria-producto\/encurtidos\/aceitunas\/\" target=\"_blank\" rel=\"noopener noreferrer nofollow\">oliven<\/a> vi har.<\/p>\n<p>Du kan skrive til oss for \u00e5 f\u00e5 mer informasjon om hele pr\u00f8vesamlingen v\u00e5r.<\/p>\n","protected":false},"excerpt":{"rendered":"<p>Pitted Olive 4,5 kg er gr\u00f8nn i fargen og pitted. Den beholder sin opprinnelige form. Det er et sv\u00e6rt sunt supplement til v\u00e5rt tradisjonelle, n\u00e6ringsrike middelhavskosthold. I Spania finner vi oliven, agurker, almagro auberginer, gulr\u00f8tter, l\u00f8k, kapers, hvitl\u00f8k eller til og med en blanding av disse. De serveres ofte som tapas til \u00f8l (ikke vin [&hellip;]<\/p>\n","protected":false},"featured_media":7779,"template":"","meta":{"_et_pb_use_builder":"","_et_pb_old_content":"","_et_gb_content_width":""},"product_brand":[1069],"product_cat":[1556,1555],"product_tag":[5152],"class_list":{"0":"post-25257","1":"product","2":"type-product","3":"status-publish","4":"has-post-thumbnail","6":"product_brand-sangar","7":"product_cat-oliven","8":"product_cat-pickles-no","9":"product_tag-benfri","11":"first","12":"outofstock","13":"taxable","14":"shipping-taxable","15":"product-type-variable"},"_links":{"self":[{"href":"https:\/\/myspainfood.com\/no\/wp-json\/wp\/v2\/product\/25257","targetHints":{"allow":["GET"]}}],"collection":[{"href":"https:\/\/myspainfood.com\/no\/wp-json\/wp\/v2\/product"}],"about":[{"href":"https:\/\/myspainfood.com\/no\/wp-json\/wp\/v2\/types\/product"}],"wp:featuredmedia":[{"embeddable":true,"href":"https:\/\/myspainfood.com\/no\/wp-json\/wp\/v2\/media\/7779"}],"wp:attachment":[{"href":"https:\/\/myspainfood.com\/no\/wp-json\/wp\/v2\/media?parent=25257"}],"wp:term":[{"taxonomy":"product_brand","embeddable":true,"href":"https:\/\/myspainfood.com\/no\/wp-json\/wp\/v2\/product_brand?post=25257"},{"taxonomy":"product_cat","embeddable":true,"href":"https:\/\/myspainfood.com\/no\/wp-json\/wp\/v2\/product_cat?post=25257"},{"taxonomy":"product_tag","embeddable":true,"href":"https:\/\/myspainfood.com\/no\/wp-json\/wp\/v2\/product_tag?post=25257"}],"curies":[{"name":"wp","href":"https:\/\/api.w.org\/{rel}","templated":true}]}}