{"id":25321,"date":"2025-04-10T12:06:25","date_gmt":"2025-04-10T10:06:25","guid":{"rendered":"https:\/\/myspainfood.com\/producto\/kantabrisk-ansjos-300-g\/"},"modified":"2025-06-24T16:18:42","modified_gmt":"2025-06-24T14:18:42","slug":"kantabrisk-ansjos-300-g","status":"publish","type":"product","link":"https:\/\/myspainfood.com\/no\/producto\/kantabrisk-ansjos-300-g\/","title":{"rendered":"Kantabrisk ansjos 300 g"},"content":{"rendered":"<p>Kantabrisk ansjos er den mest verdsatte ansjosen p\u00e5 markedet, og den utmerker seg med sin fine tekstur og intense smak. Arroyabe Cantabrian Anchovies er av ypperste kvalitet, kun fanget i Det kantabriske hav, fra arten &laquo;Engraulis Encrasicholus&raquo;, og produsert med tradisjonelle metoder. <\/p>\n<p>Det finnes to typer halvkonserverte ansjoser: ansjosfileter i olje og saltet ansjos. Saltede ansjoser pakkes i bokser med salt i l\u00f8pet av v\u00e5rsesongen og f\u00e5r deretter ligge til modning i 9 m\u00e5neder. Dette er den beste l\u00f8sningen for deg som \u00f8nsker \u00e5 tilberede ansjos etter egen smak, og du kan kj\u00f8pe saltet ansjos i bokser p\u00e5 2,5, 5 og 10 kg.  <\/p>\n<p>Ansjosfiletene i olivenolje har den ekstra fordelen at de etter modning blir renset og filetert for h\u00e5nd, i henhold til tradisjonelle teknikker for ansjosbearbeiding.<\/p>\n","protected":false},"excerpt":{"rendered":"<p>Kantabrisk ansjos er den mest verdsatte ansjosen p\u00e5 markedet, og den utmerker seg med sin fine tekstur og intense smak. Arroyabe Cantabrian Anchovies er av ypperste kvalitet, kun fanget i Det kantabriske hav, fra arten &laquo;Engraulis Encrasicholus&raquo;, og produsert med tradisjonelle metoder. Det finnes to typer halvkonserverte ansjoser: ansjosfileter i olje og saltet ansjos. Saltede [&hellip;]<\/p>\n","protected":false},"featured_media":8508,"template":"","meta":{"_et_pb_use_builder":"","_et_pb_old_content":"","_et_gb_content_width":""},"product_brand":[1127],"product_cat":[1807,1805],"product_tag":[],"class_list":{"0":"post-25321","1":"product","2":"type-product","3":"status-publish","4":"has-post-thumbnail","6":"product_brand-picarpicar","7":"product_cat-ansjovis-no","8":"product_cat-kald","9":"product_shipping_class-kald-forsendelse","11":"first","12":"outofstock","13":"taxable","14":"shipping-taxable","15":"purchasable","16":"product-type-simple"},"_links":{"self":[{"href":"https:\/\/myspainfood.com\/no\/wp-json\/wp\/v2\/product\/25321","targetHints":{"allow":["GET"]}}],"collection":[{"href":"https:\/\/myspainfood.com\/no\/wp-json\/wp\/v2\/product"}],"about":[{"href":"https:\/\/myspainfood.com\/no\/wp-json\/wp\/v2\/types\/product"}],"wp:featuredmedia":[{"embeddable":true,"href":"https:\/\/myspainfood.com\/no\/wp-json\/wp\/v2\/media\/8508"}],"wp:attachment":[{"href":"https:\/\/myspainfood.com\/no\/wp-json\/wp\/v2\/media?parent=25321"}],"wp:term":[{"taxonomy":"product_brand","embeddable":true,"href":"https:\/\/myspainfood.com\/no\/wp-json\/wp\/v2\/product_brand?post=25321"},{"taxonomy":"product_cat","embeddable":true,"href":"https:\/\/myspainfood.com\/no\/wp-json\/wp\/v2\/product_cat?post=25321"},{"taxonomy":"product_tag","embeddable":true,"href":"https:\/\/myspainfood.com\/no\/wp-json\/wp\/v2\/product_tag?post=25321"}],"curies":[{"name":"wp","href":"https:\/\/api.w.org\/{rel}","templated":true}]}}