{"id":25443,"date":"2025-04-10T12:06:29","date_gmt":"2025-04-10T10:06:29","guid":{"rendered":"https:\/\/myspainfood.com\/producto\/senorio-de-las-ventas-rioja-crianza-vin-tappet-pa-flaske-av-antonio-escribano-pascual\/"},"modified":"2025-09-02T10:49:32","modified_gmt":"2025-09-02T08:49:32","slug":"senorio-de-las-ventas-rioja-crianza-vin-tappet-pa-flaske-av-antonio-escribano-pascual","status":"publish","type":"product","link":"https:\/\/myspainfood.com\/no\/producto\/senorio-de-las-ventas-rioja-crianza-vin-tappet-pa-flaske-av-antonio-escribano-pascual\/","title":{"rendered":"Se\u00f1orio de las Ventas, Rioja Crianza vin tappet p\u00e5 flaske av Antonio Escribano Pascual"},"content":{"rendered":"<p>Oppvekst<\/p>\n<p>Tilsvarer viner som er minst tre \u00e5r gamle og som har ligget minst ett \u00e5r p\u00e5 eikefat.<\/p>\n<p>Rubinr\u00f8d farge, med en intens aroma av moden frukt, godt kombinert med ristede toner og hint av vanilje. Fyldig og balansert i munnen, med en perfekt harmoni mellom de subtile tanninene. Smakfull og fyldig, samtidig som den beholder sin finesse og eleganse.  <\/p>\n","protected":false},"excerpt":{"rendered":"<p>Oppvekst Tilsvarer viner som er minst tre \u00e5r gamle og som har ligget minst ett \u00e5r p\u00e5 eikefat. Rubinr\u00f8d farge, med en intens aroma av moden frukt, godt kombinert med ristede toner og hint av vanilje. Fyldig og balansert i munnen, med en perfekt harmoni mellom de subtile tanninene. Smakfull og fyldig, samtidig som den [&hellip;]<\/p>\n","protected":false},"featured_media":8598,"template":"","meta":{"_et_pb_use_builder":"","_et_pb_old_content":"","_et_gb_content_width":""},"product_brand":[1139],"product_cat":[4884,4886],"product_tag":[4889,5247],"class_list":{"0":"post-25443","1":"product","2":"type-product","3":"status-publish","4":"has-post-thumbnail","6":"product_brand-antonio-escribano","7":"product_cat-drikkevarer","8":"product_cat-vin-no","9":"product_tag-antonio-escribano-no","10":"product_tag-oppdragelse","12":"first","13":"outofstock","14":"taxable","15":"shipping-taxable","16":"product-type-variable"},"_links":{"self":[{"href":"https:\/\/myspainfood.com\/no\/wp-json\/wp\/v2\/product\/25443","targetHints":{"allow":["GET"]}}],"collection":[{"href":"https:\/\/myspainfood.com\/no\/wp-json\/wp\/v2\/product"}],"about":[{"href":"https:\/\/myspainfood.com\/no\/wp-json\/wp\/v2\/types\/product"}],"wp:featuredmedia":[{"embeddable":true,"href":"https:\/\/myspainfood.com\/no\/wp-json\/wp\/v2\/media\/8598"}],"wp:attachment":[{"href":"https:\/\/myspainfood.com\/no\/wp-json\/wp\/v2\/media?parent=25443"}],"wp:term":[{"taxonomy":"product_brand","embeddable":true,"href":"https:\/\/myspainfood.com\/no\/wp-json\/wp\/v2\/product_brand?post=25443"},{"taxonomy":"product_cat","embeddable":true,"href":"https:\/\/myspainfood.com\/no\/wp-json\/wp\/v2\/product_cat?post=25443"},{"taxonomy":"product_tag","embeddable":true,"href":"https:\/\/myspainfood.com\/no\/wp-json\/wp\/v2\/product_tag?post=25443"}],"curies":[{"name":"wp","href":"https:\/\/api.w.org\/{rel}","templated":true}]}}