{"id":26201,"date":"2025-04-10T12:06:59","date_gmt":"2025-04-10T10:06:59","guid":{"rendered":"https:\/\/myspainfood.com\/producto\/kantabrisk-ansjos-oro-00-serien\/"},"modified":"2025-06-24T16:19:48","modified_gmt":"2025-06-24T14:19:48","slug":"kantabrisk-ansjos-oro-00-serien","status":"publish","type":"product","link":"https:\/\/myspainfood.com\/no\/producto\/kantabrisk-ansjos-oro-00-serien\/","title":{"rendered":"Kantabrisk ansjos ORO 00-serien"},"content":{"rendered":"<p>Arlequin Anchovy <a href=\"https:\/\/conservasarlequin.com\/serie-oro\/\" target=\"_blank\" rel=\"noopener noreferrer nofollow\">Arlequin<\/a> Serie Oro 00 er et h\u00e5ndverksmessig hermetisk produkt.<\/p>\n<p><strong>Nettovekt\/ Escu:<\/strong> 120g\/58g<\/p>\n<p><strong>Holdbarhet:<\/strong> 9 m\u00e5neder<\/p>\n<p><strong>Konservering:<\/strong> Kulde<\/p>\n<p><strong>Antall fileter\/ antall stykker:<\/strong> 8<\/p>\n<p>Conservas <a href=\"https:\/\/latiendadesami.com\/marca\/arlequin\/\" target=\"_blank\" rel=\"noopener noreferrer nofollow\">Arlequ\u00edn<\/a> har som m\u00e5l \u00e5 tilby et godt produkt, den beste servicen og et bredt utvalg av fiskehermetikk til den beste prisen.<\/p>\n<p>De er ogs\u00e5 spesialister p\u00e5 ansjos, ansjos Arlequin Serie Oro 00, ansjos, bonito, gulfinnet tunfisk, bl\u00e5skjell, makrell og sardiner.<\/p>\n<p>Comidistaen i avisen El Pa\u00eds sa for eksempel om ventrescaen: &laquo;Den er s\u00e5 m\u00f8r, nesten kremaktig, at man f\u00e5r lyst til \u00e5 gifte seg med den og leve lykkelig til Herren tar deg&raquo;.<\/p>\n<h4>De viktigste fordelene med hermetikk<\/h4>\n<ol>\n<li>De bevarer alle de ern\u00e6ringsmessige egenskapene til selve maten. Maten beholder sin friskhet. <\/li>\n<li>Matvarene som brukes er sunne og derfor egnet for et optimalt kosthold p\u00e5 grunn av sitt h\u00f8ye vitamin- og proteininnhold.<\/li>\n<li>Disse produktene har lengre levetid (2-5 \u00e5r er typisk).<\/li>\n<li>Konsertene er veldig enkle \u00e5 oppbevare, siden emballasjen er lett \u00e5 bruke.<\/li>\n<\/ol>\n<p>Hvis du \u00f8nsker \u00e5 kj\u00f8pe tunfisk eller andre typer <a href=\"https:\/\/latiendadesami.com\/categoria-producto\/conservas\/\" rel=\"noopener noreferrer nofollow\" target=\"_blank\">hermetikk<\/a>, kan du ta en titt i v\u00e5r nettkatalog for \u00e5 se det store utvalget av <a href=\"https:\/\/latiendadesami.com\/categoria-producto\/conservas\/atun-y-bonito\/\" target=\"_blank\" rel=\"noopener noreferrer nofollow\">tunfisk<\/a> vi har.<\/p>\n<p>Skriv til oss for mer informasjon.<\/p>\n","protected":false},"excerpt":{"rendered":"<p>Arlequin Anchovy Arlequin Serie Oro 00 er et h\u00e5ndverksmessig hermetisk produkt. Nettovekt\/ Escu: 120g\/58g Holdbarhet: 9 m\u00e5neder Konservering: Kulde Antall fileter\/ antall stykker: 8 Conservas Arlequ\u00edn har som m\u00e5l \u00e5 tilby et godt produkt, den beste servicen og et bredt utvalg av fiskehermetikk til den beste prisen. De er ogs\u00e5 spesialister p\u00e5 ansjos, ansjos Arlequin [&hellip;]<\/p>\n","protected":false},"featured_media":9138,"template":"","meta":{"_et_pb_use_builder":"","_et_pb_old_content":"","_et_gb_content_width":""},"product_brand":[1162],"product_cat":[1807,1805],"product_tag":[5628],"class_list":{"0":"post-26201","1":"product","2":"type-product","3":"status-publish","4":"has-post-thumbnail","6":"product_brand-arlequin","7":"product_cat-ansjovis-no","8":"product_cat-kald","9":"product_tag-serieoro-no","10":"product_shipping_class-kald-forsendelse","12":"first","13":"outofstock","14":"sale","15":"taxable","16":"shipping-taxable","17":"purchasable","18":"product-type-variable"},"_links":{"self":[{"href":"https:\/\/myspainfood.com\/no\/wp-json\/wp\/v2\/product\/26201","targetHints":{"allow":["GET"]}}],"collection":[{"href":"https:\/\/myspainfood.com\/no\/wp-json\/wp\/v2\/product"}],"about":[{"href":"https:\/\/myspainfood.com\/no\/wp-json\/wp\/v2\/types\/product"}],"wp:featuredmedia":[{"embeddable":true,"href":"https:\/\/myspainfood.com\/no\/wp-json\/wp\/v2\/media\/9138"}],"wp:attachment":[{"href":"https:\/\/myspainfood.com\/no\/wp-json\/wp\/v2\/media?parent=26201"}],"wp:term":[{"taxonomy":"product_brand","embeddable":true,"href":"https:\/\/myspainfood.com\/no\/wp-json\/wp\/v2\/product_brand?post=26201"},{"taxonomy":"product_cat","embeddable":true,"href":"https:\/\/myspainfood.com\/no\/wp-json\/wp\/v2\/product_cat?post=26201"},{"taxonomy":"product_tag","embeddable":true,"href":"https:\/\/myspainfood.com\/no\/wp-json\/wp\/v2\/product_tag?post=26201"}],"curies":[{"name":"wp","href":"https:\/\/api.w.org\/{rel}","templated":true}]}}