{"id":26568,"date":"2025-04-10T12:07:09","date_gmt":"2025-04-10T10:07:09","guid":{"rendered":"https:\/\/myspainfood.com\/producto\/cockles-oro-serien-20-30-stykker\/"},"modified":"2025-04-10T12:07:09","modified_gmt":"2025-04-10T10:07:09","slug":"cockles-oro-serien-20-30-stykker","status":"publish","type":"product","link":"https:\/\/myspainfood.com\/no\/producto\/cockles-oro-serien-20-30-stykker\/","title":{"rendered":"Cockles ORO-serien 20\/30 stykker"},"content":{"rendered":"<p><a href=\"https:\/\/conservasarlequin.com\/serie-oro\/\" target=\"_blank\" rel=\"noopener noreferrer nofollow\">Arlequ\u00edn<\/a> Golden Cockles 00-serien er et hermetisk produkt laget p\u00e5 tradisjonell m\u00e5te.<\/p>\n<p><strong>Nettovekt\/ Escu:<\/strong> 113g\/63g<\/p>\n<p><strong>Holdbarhet:<\/strong> 4 \u00e5r<\/p>\n<p><strong>Naturvern:<\/strong> Milj\u00f8<\/p>\n<p><strong>Antall fileter\/ antall stykker:<\/strong> 20\/30<\/p>\n<p>Hos Conservas Arlequ\u00edn er m\u00e5let \u00e5 tilby et godt produkt, den beste servicen og et bredt utvalg av fiskehermetikk til den beste prisen. Hos Conservas <a href=\"https:\/\/latiendadesami.com\/marca\/arlequin\/\" target=\"_blank\" rel=\"noopener noreferrer nofollow\">Arlequ\u00edn<\/a> er m\u00e5let \u00e5 tilby et godt produkt, den beste servicen og et bredt utvalg av fiskehermetikk til den beste prisen.<\/p>\n<p>De er ogs\u00e5 spesialister p\u00e5 ansjos, hjertemusling, ansjos, ansjos, tunfisk, lys tunfisk, bl\u00e5skjell, makrell og sardiner.<\/p>\n<p>Comidistaen i avisen El Pa\u00eds sa for eksempel om ventrescaen: &laquo;Den er s\u00e5 m\u00f8r, nesten kremaktig, at man f\u00e5r lyst til \u00e5 gifte seg med den og leve lykkelig til Herren tar deg&raquo;.<\/p>\n<h4>De viktigste fordelene med hermetikk<\/h4>\n<ol>\n<li>De bevarer alle de ern\u00e6ringsmessige egenskapene til selve maten. Maten beholder sin friskhet. <\/li>\n<li>Matvarene som brukes er sunne og derfor egnet for et optimalt kosthold p\u00e5 grunn av sitt h\u00f8ye vitamin- og proteininnhold.<\/li>\n<li>Disse produktene har lengre levetid (2-5 \u00e5r er typisk).<\/li>\n<li>Konsertene er veldig enkle \u00e5 oppbevare, siden emballasjen er lett \u00e5 bruke.<\/li>\n<\/ol>\n<p>Hvis du \u00f8nsker \u00e5 kj\u00f8pe tunfisk eller andre typer <a href=\"https:\/\/latiendadesami.com\/categoria-producto\/conservas\/\" rel=\"noopener noreferrer nofollow\" target=\"_blank\">hermetikk<\/a>, kan du ta en titt i v\u00e5r nettkatalog for \u00e5 se det store utvalget av <a href=\"https:\/\/latiendadesami.com\/categoria-producto\/conservas\/atun-y-bonito\/\" target=\"_blank\" rel=\"noopener noreferrer nofollow\">tunfisk<\/a> vi har.<\/p>\n<p>Skriv til oss for mer informasjon.<\/p>\n","protected":false},"excerpt":{"rendered":"<p><strong>Fra R\u00eda de Noia<\/p>\n<p>Utvalgt kvalitet<\/strong><\/p>\n<p><strong>Antall stykker:<\/strong> 15\/25 stykker<\/p>\n<p><strong>Nettovekt:<\/strong> 113 g<\/p>\n<p><strong>Drenert vekt: <\/strong>63 g<\/p>\n<p><strong>Ingredienser: <\/strong><em>Hjerteskjell<\/em>, vann, salt, syrningsmiddel (E330, E331) og antioksidant (E385).<\/p>\n<p><strong>Allergener:<\/strong> <em>Inneholder bl\u00f8tdyr, hjertemusling.<\/em><\/p>\n<p>Oppbevares i romtemperatur.<\/p>\n<p>N\u00e5r den er \u00e5pnet, anbefales det at den konsumeres i sin helhet.<\/p>\n","protected":false},"featured_media":9354,"template":"","meta":{"_et_pb_use_builder":"","_et_pb_old_content":"","_et_gb_content_width":""},"product_brand":[1162],"product_cat":[5663,1972],"product_tag":[5628],"class_list":{"0":"post-26568","1":"product","2":"type-product","3":"status-publish","4":"has-post-thumbnail","6":"product_brand-arlequin","7":"product_cat-cockles","8":"product_cat-konserver","9":"product_tag-serieoro-no","11":"first","12":"outofstock","13":"sale","14":"taxable","15":"shipping-taxable","16":"purchasable","17":"product-type-simple"},"_links":{"self":[{"href":"https:\/\/myspainfood.com\/no\/wp-json\/wp\/v2\/product\/26568","targetHints":{"allow":["GET"]}}],"collection":[{"href":"https:\/\/myspainfood.com\/no\/wp-json\/wp\/v2\/product"}],"about":[{"href":"https:\/\/myspainfood.com\/no\/wp-json\/wp\/v2\/types\/product"}],"wp:featuredmedia":[{"embeddable":true,"href":"https:\/\/myspainfood.com\/no\/wp-json\/wp\/v2\/media\/9354"}],"wp:attachment":[{"href":"https:\/\/myspainfood.com\/no\/wp-json\/wp\/v2\/media?parent=26568"}],"wp:term":[{"taxonomy":"product_brand","embeddable":true,"href":"https:\/\/myspainfood.com\/no\/wp-json\/wp\/v2\/product_brand?post=26568"},{"taxonomy":"product_cat","embeddable":true,"href":"https:\/\/myspainfood.com\/no\/wp-json\/wp\/v2\/product_cat?post=26568"},{"taxonomy":"product_tag","embeddable":true,"href":"https:\/\/myspainfood.com\/no\/wp-json\/wp\/v2\/product_tag?post=26568"}],"curies":[{"name":"wp","href":"https:\/\/api.w.org\/{rel}","templated":true}]}}