{"id":26633,"date":"2025-04-10T12:07:15","date_gmt":"2025-04-10T10:07:15","guid":{"rendered":"https:\/\/myspainfood.com\/producto\/andalusisk-makrell-d-o-olivenolje\/"},"modified":"2025-04-10T12:07:15","modified_gmt":"2025-04-10T10:07:15","slug":"andalusisk-makrell-d-o-olivenolje","status":"publish","type":"product","link":"https:\/\/myspainfood.com\/no\/producto\/andalusisk-makrell-d-o-olivenolje\/","title":{"rendered":"Andalusisk makrell D.O. olivenolje"},"content":{"rendered":"<p style=\"text-align: left\">Rene fileter av andalusisk makrell, pakket i en glasskrukke og metallkapsel.<\/p>\n<p style=\"text-align: left\">Produksjon og kvalitet er fastsatt i henhold til forskriftene fra <span class=\"file\">Reguleringsr\u00e5det for beskyttede geografiske betegnelser for makrell og fregattmakrell i Andalucia<\/span>, som <a href=\"https:\/\/pesasur.com\/calidad\/\" target=\"_blank\" rel=\"noopener noreferrer nofollow\">Pesasur<\/a> tilh\u00f8rer.<\/p>\n<p style=\"text-align: left\">Gr\u00e5hvit i fargen, glatt konsistens, behagelig lukt og en karakteristisk, unik smak.<\/p>\n<p><strong>INGREDIENSER<\/strong><\/p>\n<ul>\n<li>Makrell<\/li>\n<li>Olivenolje<\/li>\n<li>Salt<\/li>\n<\/ul>\n<p>PESASUR bruker andalusisk makrell (I.G.P. Spesifikk opprinnelsesbetegnelse for regionen Andaluc\u00eda) som bearbeides fersk p\u00e5 fabrikken det meste av \u00e5ret.<\/p>\n<p>PESASUR bruker ikke kjemiske produkter i produksjonsprosessen, og erfaringen til arbeidskraften som har jobbet med makrellfileter i generasjoner, sikrer at fisken er perfekt ren og at filetene presenteres p\u00e5 en utmerket m\u00e5te i glass og bokser i alle formater.<\/p>\n<h4>De viktigste fordelene med hermetikk<\/h4>\n<ol>\n<li>De bevarer alle de ern\u00e6ringsmessige egenskapene til selve maten. Maten beholder sin friskhet. <\/li>\n<li>Matvarene som brukes er sunne og derfor egnet for et optimalt kosthold p\u00e5 grunn av sitt h\u00f8ye vitamin- og proteininnhold.<\/li>\n<li>Disse produktene har lengre levetid (2-5 \u00e5r er typisk).<\/li>\n<li>Konsertene er veldig enkle \u00e5 oppbevare, siden emballasjen er lett \u00e5 bruke.<\/li>\n<\/ol>\n<p>Hvis du \u00f8nsker \u00e5 kj\u00f8pe andalusisk makrell eller andre typer <a href=\"https:\/\/latiendadesami.com\/categoria-producto\/conservas\/\" rel=\"noopener noreferrer nofollow\" target=\"_blank\">hermetikk<\/a>, ikke n\u00f8l med \u00e5 ta en titt p\u00e5 v\u00e5r online katalog for \u00e5 se det brede utvalget av <a href=\"https:\/\/latiendadesami.com\/categoria-producto\/conservas\/atun-y-bonito\/\" target=\"_blank\" rel=\"noopener noreferrer nofollow\">tunfisk<\/a> vi har.<\/p>\n<p>Skriv til oss for mer informasjon.<\/p>\n","protected":false},"excerpt":{"rendered":"<p>Olivenolje av andalusisk makrell<\/p>\n","protected":false},"featured_media":9543,"template":"","meta":{"_et_pb_use_builder":"","_et_pb_old_content":"","_et_gb_content_width":""},"product_brand":[1205],"product_cat":[1972,3337],"product_tag":[],"class_list":{"0":"post-26633","1":"product","2":"type-product","3":"status-publish","4":"has-post-thumbnail","6":"product_brand-pesasur","7":"product_cat-konserver","8":"product_cat-makrell-no","10":"first","11":"outofstock","12":"taxable","13":"shipping-taxable","14":"product-type-variable"},"_links":{"self":[{"href":"https:\/\/myspainfood.com\/no\/wp-json\/wp\/v2\/product\/26633","targetHints":{"allow":["GET"]}}],"collection":[{"href":"https:\/\/myspainfood.com\/no\/wp-json\/wp\/v2\/product"}],"about":[{"href":"https:\/\/myspainfood.com\/no\/wp-json\/wp\/v2\/types\/product"}],"wp:featuredmedia":[{"embeddable":true,"href":"https:\/\/myspainfood.com\/no\/wp-json\/wp\/v2\/media\/9543"}],"wp:attachment":[{"href":"https:\/\/myspainfood.com\/no\/wp-json\/wp\/v2\/media?parent=26633"}],"wp:term":[{"taxonomy":"product_brand","embeddable":true,"href":"https:\/\/myspainfood.com\/no\/wp-json\/wp\/v2\/product_brand?post=26633"},{"taxonomy":"product_cat","embeddable":true,"href":"https:\/\/myspainfood.com\/no\/wp-json\/wp\/v2\/product_cat?post=26633"},{"taxonomy":"product_tag","embeddable":true,"href":"https:\/\/myspainfood.com\/no\/wp-json\/wp\/v2\/product_tag?post=26633"}],"curies":[{"name":"wp","href":"https:\/\/api.w.org\/{rel}","templated":true}]}}