{"id":26714,"date":"2025-04-10T12:07:40","date_gmt":"2025-04-10T10:07:40","guid":{"rendered":"https:\/\/myspainfood.com\/producto\/store-agurker-225-kg-vekt-n\/"},"modified":"2025-04-10T12:07:40","modified_gmt":"2025-04-10T10:07:40","slug":"store-agurker-225-kg-vekt-n","status":"publish","type":"product","link":"https:\/\/myspainfood.com\/no\/producto\/store-agurker-225-kg-vekt-n\/","title":{"rendered":"Store agurker 2,25 kg vekt n"},"content":{"rendered":"<p>Gherkin Pickles 2,25 kg nettovekt - Med bare vann- og saltagurker f\u00e5r du en av de deiligste <a href=\"https:\/\/www.google.com\/search?q=pepinillos+gordos&amp;tbm=isch&amp;ved=2ahUKEwj6xNCv8-_1AhWXiP0HHcNGC0QQ2-cCegQIABAA&amp;oq=pepinillos+gordos&amp;gs_lcp=CgNpbWcQA1DZFVjlJ2DcK2gAcAB4AIABYYgB4wqSAQIxOJgBAKABAaoBC2d3cy13aXotaW1nwAEB&amp;sclient=img&amp;ei=WUYCYrq0IpeR9u8Pw42toAQ&amp;bih=780&amp;biw=1577\" target=\"_blank\" rel=\"noopener noreferrer nofollow\">snacksene<\/a> noensinne.<\/p>\n<p>Blandingen av smaker fra ingrediensene sammen med eddiksmaken gir den en spesiell smak som er sv\u00e6rt behagelig for ganen.<\/p>\n<p>Sylteagurk er et mellomm\u00e5ltid som styrker immunforsvaret, noe som betyr at det st\u00f8tter kroppens forsvar og generelle helse.<\/p>\n<h3><strong>Fordeler med fete agurker<\/strong><\/h3>\n<p>Visste du om fordelene med sylteagurk generelt? Her er en liste over de viktigste: <\/p>\n<ul>\n<li>Rik p\u00e5 probiotika.<\/li>\n<li>De hjelper ford\u00f8yelsen.<\/li>\n<li>De styrker immunforsvaret.<\/li>\n<li>De reduserer suget etter sukker.<\/li>\n<li>Gunstig for gallebl\u00e6ren.<\/li>\n<\/ul>\n<p>Hvis du \u00f8nsker \u00e5 kj\u00f8pe oliven eller andre typer <a href=\"https:\/\/latiendadesami.com\/categoria-producto\/encurtidos\/\" rel=\"noopener noreferrer nofollow\" target=\"_blank\">sylteagurk<\/a>, kan du ta en titt i v\u00e5r nettkatalog for \u00e5 se det store utvalget av <a href=\"https:\/\/latiendadesami.com\/categoria-producto\/encurtidos\/pepinillos\/\" target=\"_blank\" rel=\"noopener noreferrer nofollow\">sylteagurk<\/a> vi har.<\/p>\n","protected":false},"excerpt":{"rendered":"<p>Gherkin Pickles 2,25 kg nettovekt - Med bare vann- og saltagurker f\u00e5r du en av de deiligste snacksene noensinne. Blandingen av smaker fra ingrediensene sammen med eddiksmaken gir den en spesiell smak som er sv\u00e6rt behagelig for ganen. Sylteagurk er et mellomm\u00e5ltid som styrker immunforsvaret, noe som betyr at det st\u00f8tter kroppens forsvar og generelle [&hellip;]<\/p>\n","protected":false},"featured_media":9993,"template":"","meta":{"_et_pb_use_builder":"","_et_pb_old_content":"","_et_gb_content_width":""},"product_brand":[],"product_cat":[2005,1555],"product_tag":[2030],"class_list":{"0":"post-26714","1":"product","2":"type-product","3":"status-publish","4":"has-post-thumbnail","6":"product_cat-agurker-no","7":"product_cat-pickles-no","8":"product_tag-gherkin-no","10":"first","11":"instock","12":"taxable","13":"shipping-taxable","14":"purchasable","15":"product-type-simple"},"_links":{"self":[{"href":"https:\/\/myspainfood.com\/no\/wp-json\/wp\/v2\/product\/26714","targetHints":{"allow":["GET"]}}],"collection":[{"href":"https:\/\/myspainfood.com\/no\/wp-json\/wp\/v2\/product"}],"about":[{"href":"https:\/\/myspainfood.com\/no\/wp-json\/wp\/v2\/types\/product"}],"wp:featuredmedia":[{"embeddable":true,"href":"https:\/\/myspainfood.com\/no\/wp-json\/wp\/v2\/media\/9993"}],"wp:attachment":[{"href":"https:\/\/myspainfood.com\/no\/wp-json\/wp\/v2\/media?parent=26714"}],"wp:term":[{"taxonomy":"product_brand","embeddable":true,"href":"https:\/\/myspainfood.com\/no\/wp-json\/wp\/v2\/product_brand?post=26714"},{"taxonomy":"product_cat","embeddable":true,"href":"https:\/\/myspainfood.com\/no\/wp-json\/wp\/v2\/product_cat?post=26714"},{"taxonomy":"product_tag","embeddable":true,"href":"https:\/\/myspainfood.com\/no\/wp-json\/wp\/v2\/product_tag?post=26714"}],"curies":[{"name":"wp","href":"https:\/\/api.w.org\/{rel}","templated":true}]}}