{"id":26811,"date":"2025-04-10T12:07:39","date_gmt":"2025-04-10T10:07:39","guid":{"rendered":"https:\/\/myspainfood.com\/producto\/modnet-geitost-med-paprika-ca-320-g\/"},"modified":"2025-06-24T14:09:02","modified_gmt":"2025-06-24T12:09:02","slug":"modnet-geitost-med-paprika-ca-320-g","status":"publish","type":"product","link":"https:\/\/myspainfood.com\/no\/producto\/modnet-geitost-med-paprika-ca-320-g\/","title":{"rendered":"Modnet geitost med paprika ca. 320 g"},"content":{"rendered":"<p>Modnet geitost med paprika ca. 320gr er produsert av Queser\u00eda El <a href=\"https:\/\/www.facebook.com\/Queser%C3%ADa-El-Manjar-1564604537177140\/\" target=\"_blank\" rel=\"noopener noreferrer nofollow\">Manjar<\/a>.<\/p>\n<p>Denne ostefabrikken ligger i Velada, Toledo, i n\u00e6rheten av Talavera de la Reina.<\/p>\n<p>Den er laget av pasteurisert melk og er dekket med et lag paprika p\u00e5 skallet, noe som gir den sin spesielle og umiskjennelige smak.<\/p>\n<p>I tillegg til \u00e5 produsere paprikamodnet geitost, omfatter produktkatalogen ogs\u00e5 en rekke andre oster, for eksempel ferske oster.<\/p>\n<p>Alle produktene er h\u00e5ndlaget p\u00e5 tradisjonelt vis. Omtrentlig vekt p\u00e5 hver porsjon er 320 gram. <\/p>\n<p>Dette produktet m\u00e5 oppbevares i kj\u00f8leskap fra 0\u00ba til 8\u00ba.<\/p>\n<p>Geitost, eller mer korrekt geitemelksost, er kjent som ch\u00e8vre (som er fransk for geit) og er navnet p\u00e5 alle oster som er laget av geitemelk.<\/p>\n<p>Geitost har blitt laget i tusenvis av \u00e5r, og var sannsynligvis et av de tidligste meieriproduktene som ble tilberedt. I sin enkleste form tilberedes geitost ved \u00e5 la r\u00e5melken skj\u00e6re seg naturlig, og deretter drenere og presse ostemassen. <\/p>\n<p>Hvis du \u00f8nsker \u00e5 kj\u00f8pe andre oster eller andre typer <a href=\"https:\/\/latiendadesami.com\/\" rel=\"noopener noreferrer nofollow\" target=\"_blank\">matvarer<\/a>, er du velkommen til \u00e5 ta en titt i v\u00e5r nettkatalog for \u00e5 se det store utvalget av produkter vi har.<\/p>\n<p>Skriv til oss for mer informasjon.<\/p>\n","protected":false},"excerpt":{"rendered":"<p>Modnet geitost med paprika ca. 320gr er produsert av Queser\u00eda El Manjar. Denne ostefabrikken ligger i Velada, Toledo, i n\u00e6rheten av Talavera de la Reina. Den er laget av pasteurisert melk og er dekket med et lag paprika p\u00e5 skallet, noe som gir den sin spesielle og umiskjennelige smak. I tillegg til \u00e5 produsere paprikamodnet [&hellip;]<\/p>\n","protected":false},"featured_media":9957,"template":"","meta":{"_et_pb_use_builder":"","_et_pb_old_content":"","_et_gb_content_width":""},"product_brand":[1246],"product_cat":[5729,1805,2252],"product_tag":[],"class_list":{"0":"post-26811","1":"product","2":"type-product","3":"status-publish","4":"has-post-thumbnail","6":"product_brand-el-manjar","7":"product_cat-herding-no","8":"product_cat-kald","9":"product_cat-ost-og-polse","10":"product_shipping_class-kald-forsendelse","12":"first","13":"instock","14":"taxable","15":"shipping-taxable","16":"purchasable","17":"product-type-simple"},"_links":{"self":[{"href":"https:\/\/myspainfood.com\/no\/wp-json\/wp\/v2\/product\/26811","targetHints":{"allow":["GET"]}}],"collection":[{"href":"https:\/\/myspainfood.com\/no\/wp-json\/wp\/v2\/product"}],"about":[{"href":"https:\/\/myspainfood.com\/no\/wp-json\/wp\/v2\/types\/product"}],"wp:featuredmedia":[{"embeddable":true,"href":"https:\/\/myspainfood.com\/no\/wp-json\/wp\/v2\/media\/9957"}],"wp:attachment":[{"href":"https:\/\/myspainfood.com\/no\/wp-json\/wp\/v2\/media?parent=26811"}],"wp:term":[{"taxonomy":"product_brand","embeddable":true,"href":"https:\/\/myspainfood.com\/no\/wp-json\/wp\/v2\/product_brand?post=26811"},{"taxonomy":"product_cat","embeddable":true,"href":"https:\/\/myspainfood.com\/no\/wp-json\/wp\/v2\/product_cat?post=26811"},{"taxonomy":"product_tag","embeddable":true,"href":"https:\/\/myspainfood.com\/no\/wp-json\/wp\/v2\/product_tag?post=26811"}],"curies":[{"name":"wp","href":"https:\/\/api.w.org\/{rel}","templated":true}]}}