{"id":26877,"date":"2025-04-10T12:07:32","date_gmt":"2025-04-10T10:07:32","guid":{"rendered":"https:\/\/myspainfood.com\/producto\/fire-pinner-med-spekematost-25-kg-ca\/"},"modified":"2025-06-24T16:24:09","modified_gmt":"2025-06-24T14:24:09","slug":"fire-pinner-med-spekematost-25-kg-ca","status":"publish","type":"product","link":"https:\/\/myspainfood.com\/no\/producto\/fire-pinner-med-spekematost-25-kg-ca\/","title":{"rendered":"Fire pinner med spekematost 2,5 kg ca."},"content":{"rendered":"<p>Cuatro barras er en spekost laget av <a href=\"https:\/\/es.wikipedia.org\/wiki\/Queso_de_leche_de_oveja\" target=\"_blank\" rel=\"noopener noreferrer nofollow\">sauemelk<\/a> som lagres i ca. 12 m\u00e5neder.<\/p>\n<p>Hele stykket veier omtrent 2,5 kilo.<\/p>\n<p>Ost laget av pasteurisert sauemelk (min. 65 %) og kumelk, med en uts\u00f8kt smak og en fast konsistens som fremhever den intense smaken. En utmerket ost som ikke vil la deg v\u00e6re likegyldig. <\/p>\n<p>Vi anbefaler \u00e5 oppbevare den p\u00e5 et t\u00f8rt og kj\u00f8lig sted, mellom 4-8 \u00baC, for \u00e5 forbedre holdbarheten.<\/p>\n<p>Sauen har bare to spener og produserer et mye mindre volum melk enn kua.<\/p>\n<p>Sauemelk inneholder imidlertid mye mer fett, t\u00f8rrstoff og mineraler enn kumelk, og derfor er den ideell for ostefremstilling.<\/p>\n<p>Det motst\u00e5r ogs\u00e5 forurensning under nedkj\u00f8ling bedre p\u00e5 grunn av det mye h\u00f8yere kalsiuminnholdet.<\/p>\n<p>Selv om sauemelk kan drikkes fersk, brukes den i dag hovedsakelig til produksjon av ost og yoghurt.<\/p>\n<p>Hvis du \u00f8nsker \u00e5 kj\u00f8pe Queso Curado Cuatro barras eller andre typer <a href=\"https:\/\/latiendadesami.com\/categoria-producto\/queso-embutido\/\" rel=\"noopener noreferrer nofollow\" target=\"_blank\">ost eller kj\u00f8ttp\u00e5legg<\/a>, ikke n\u00f8l med \u00e5 ta en titt i v\u00e5r online katalog. Vi har den h\u00f8yeste kvaliteten til den beste prisen.<\/p>\n<p>Skriv til oss for mer informasjon eller hvis du har sp\u00f8rsm\u00e5l om dette eller andre produkter.<\/p>\n","protected":false},"excerpt":{"rendered":"<p>Cuatro barras er en spekost laget av sauemelk som lagres i ca. 12 m\u00e5neder. Hele stykket veier omtrent 2,5 kilo. Ost laget av pasteurisert sauemelk (min. 65 %) og kumelk, med en uts\u00f8kt smak og en fast konsistens som fremhever den intense smaken. En utmerket ost som ikke vil la deg v\u00e6re likegyldig. Vi anbefaler [&hellip;]<\/p>\n","protected":false},"featured_media":9804,"template":"","meta":{"_et_pb_use_builder":"","_et_pb_old_content":"","_et_gb_content_width":""},"product_brand":[1234],"product_cat":[5729,1805,2252],"product_tag":[],"class_list":{"0":"post-26877","1":"product","2":"type-product","3":"status-publish","4":"has-post-thumbnail","6":"product_brand-cuatro-barras","7":"product_cat-herding-no","8":"product_cat-kald","9":"product_cat-ost-og-polse","10":"product_shipping_class-kald-forsendelse","12":"first","13":"outofstock","14":"taxable","15":"shipping-taxable","16":"product-type-variable"},"_links":{"self":[{"href":"https:\/\/myspainfood.com\/no\/wp-json\/wp\/v2\/product\/26877","targetHints":{"allow":["GET"]}}],"collection":[{"href":"https:\/\/myspainfood.com\/no\/wp-json\/wp\/v2\/product"}],"about":[{"href":"https:\/\/myspainfood.com\/no\/wp-json\/wp\/v2\/types\/product"}],"wp:featuredmedia":[{"embeddable":true,"href":"https:\/\/myspainfood.com\/no\/wp-json\/wp\/v2\/media\/9804"}],"wp:attachment":[{"href":"https:\/\/myspainfood.com\/no\/wp-json\/wp\/v2\/media?parent=26877"}],"wp:term":[{"taxonomy":"product_brand","embeddable":true,"href":"https:\/\/myspainfood.com\/no\/wp-json\/wp\/v2\/product_brand?post=26877"},{"taxonomy":"product_cat","embeddable":true,"href":"https:\/\/myspainfood.com\/no\/wp-json\/wp\/v2\/product_cat?post=26877"},{"taxonomy":"product_tag","embeddable":true,"href":"https:\/\/myspainfood.com\/no\/wp-json\/wp\/v2\/product_tag?post=26877"}],"curies":[{"name":"wp","href":"https:\/\/api.w.org\/{rel}","templated":true}]}}