{"id":26946,"date":"2025-04-10T12:07:33","date_gmt":"2025-04-10T10:07:33","guid":{"rendered":"https:\/\/myspainfood.com\/producto\/musling-i-syltet-saus-13-18-harlekin-i-kamskjellsaus\/"},"modified":"2025-04-10T12:07:33","modified_gmt":"2025-04-10T10:07:33","slug":"musling-i-syltet-saus-13-18-harlekin-i-kamskjellsaus","status":"publish","type":"product","link":"https:\/\/myspainfood.com\/no\/producto\/musling-i-syltet-saus-13-18-harlekin-i-kamskjellsaus\/","title":{"rendered":"Musling i syltet saus 13\/18 Harlekin i kamskjellsaus"},"content":{"rendered":"<p><a href=\"https:\/\/conservasarlequin.com\/arlequin\/\" target=\"_blank\" rel=\"noopener noreferrer nofollow\">Harlequin<\/a> Mussel 13\/18 i kamskjellsaus er et h\u00e5ndverksmessig hermetisk produkt.<\/p>\n<p><strong>Nettovekt\/ Escu:<\/strong> 112g\/69g<\/p>\n<p><strong>Holdbarhet:<\/strong> 5 \u00e5r<\/p>\n<p><strong>Naturvern:<\/strong> Milj\u00f8<\/p>\n<p><strong>Antall fileter\/ antall stykker:<\/strong> 13\/18<\/p>\n<p>Conservas <a href=\"https:\/\/latiendadesami.com\/marca\/arlequin\/\" target=\"_blank\" rel=\"noopener noreferrer nofollow\">Arlequ\u00edn<\/a> har som m\u00e5l \u00e5 tilby et godt produkt, den beste servicen og et bredt utvalg av fiskehermetikk til den beste prisen.<\/p>\n<p>De spesialiserer seg ogs\u00e5 p\u00e5 ansjos, ansjos, ansjos, bonito, gulfinnet tunfisk, bl\u00e5skjell, 13\/18 harlekinmuslinger i kamskjellsaus, makrell, gulas og sardinillas.<\/p>\n<p>Comidistaen i avisen El Pa\u00eds sa for eksempel om ventrescaen: &laquo;Den er s\u00e5 m\u00f8r, nesten kremaktig, at man f\u00e5r lyst til \u00e5 gifte seg med den og leve lykkelig til Herren tar deg&raquo;.<\/p>\n<h4>De viktigste fordelene med hermetikk<\/h4>\n<ol>\n<li>De bevarer alle de ern\u00e6ringsmessige egenskapene til selve maten. Maten beholder sin friskhet. <\/li>\n<li>Matvarene som brukes er sunne og derfor egnet for et optimalt kosthold p\u00e5 grunn av sitt h\u00f8ye vitamin- og proteininnhold.<\/li>\n<li>Disse produktene har lengre levetid (2-5 \u00e5r er typisk).<\/li>\n<li>Konsertene er veldig enkle \u00e5 oppbevare, siden emballasjen er lett \u00e5 bruke.<\/li>\n<\/ol>\n<p>Hvis du \u00f8nsker \u00e5 kj\u00f8pe tunfisk eller andre typer <a href=\"https:\/\/latiendadesami.com\/categoria-producto\/conservas\/\" rel=\"noopener noreferrer nofollow\" target=\"_blank\">hermetikk<\/a>, kan du ta en titt i v\u00e5r nettkatalog for \u00e5 se det store utvalget av <a href=\"https:\/\/latiendadesami.com\/categoria-producto\/conservas\/atun-y-bonito\/\" target=\"_blank\" rel=\"noopener noreferrer nofollow\">tunfisk<\/a> vi har.<\/p>\n<p>Skriv til oss for mer informasjon.<\/p>\n","protected":false},"excerpt":{"rendered":"<p>Harlequin Mussel 13\/18 i kamskjellsaus er et h\u00e5ndverksmessig hermetisk produkt. Nettovekt\/ Escu: 112g\/69g Holdbarhet: 5 \u00e5r Naturvern: Milj\u00f8 Antall fileter\/ antall stykker: 13\/18 Conservas Arlequ\u00edn har som m\u00e5l \u00e5 tilby et godt produkt, den beste servicen og et bredt utvalg av fiskehermetikk til den beste prisen. De spesialiserer seg ogs\u00e5 p\u00e5 ansjos, ansjos, ansjos, bonito, [&hellip;]<\/p>\n","protected":false},"featured_media":9822,"template":"","meta":{"_et_pb_use_builder":"","_et_pb_old_content":"","_et_gb_content_width":""},"product_brand":[1162],"product_cat":[4065,1972],"product_tag":[],"class_list":{"0":"post-26946","1":"product","2":"type-product","3":"status-publish","4":"has-post-thumbnail","6":"product_brand-arlequin","7":"product_cat-blaskjell-no","8":"product_cat-konserver","10":"first","11":"outofstock","12":"sale","13":"taxable","14":"shipping-taxable","15":"purchasable","16":"product-type-simple"},"_links":{"self":[{"href":"https:\/\/myspainfood.com\/no\/wp-json\/wp\/v2\/product\/26946","targetHints":{"allow":["GET"]}}],"collection":[{"href":"https:\/\/myspainfood.com\/no\/wp-json\/wp\/v2\/product"}],"about":[{"href":"https:\/\/myspainfood.com\/no\/wp-json\/wp\/v2\/types\/product"}],"wp:featuredmedia":[{"embeddable":true,"href":"https:\/\/myspainfood.com\/no\/wp-json\/wp\/v2\/media\/9822"}],"wp:attachment":[{"href":"https:\/\/myspainfood.com\/no\/wp-json\/wp\/v2\/media?parent=26946"}],"wp:term":[{"taxonomy":"product_brand","embeddable":true,"href":"https:\/\/myspainfood.com\/no\/wp-json\/wp\/v2\/product_brand?post=26946"},{"taxonomy":"product_cat","embeddable":true,"href":"https:\/\/myspainfood.com\/no\/wp-json\/wp\/v2\/product_cat?post=26946"},{"taxonomy":"product_tag","embeddable":true,"href":"https:\/\/myspainfood.com\/no\/wp-json\/wp\/v2\/product_tag?post=26946"}],"curies":[{"name":"wp","href":"https:\/\/api.w.org\/{rel}","templated":true}]}}