{"id":27558,"date":"2025-04-10T12:07:31","date_gmt":"2025-04-10T10:07:31","guid":{"rendered":"https:\/\/myspainfood.com\/producto\/campo-real-oliven-45-kg\/"},"modified":"2025-04-10T12:07:31","modified_gmt":"2025-04-10T10:07:31","slug":"campo-real-oliven-45-kg","status":"publish","type":"product","link":"https:\/\/myspainfood.com\/no\/producto\/campo-real-oliven-45-kg\/","title":{"rendered":"Campo Real oliven 4,5 kg"},"content":{"rendered":"<p>Hvis det er noe Campo Real kommune er kjent for, s\u00e5 er det de ber\u00f8mte Campo Real-olivene p\u00e5 4,5 kg.<\/p>\n<p>Olivenene tilh\u00f8rer sortene manzanilla de Campo Real og cacere\u00f1a, og hemmeligheten bak olivenene ligger i de hundre \u00e5r gamle oliventr\u00e6rne de kommer fra, olivendyrkernes erfaring og krydringen av olivenene.<\/p>\n<p>Denne <a href=\"https:\/\/www.google.com\/search?q=revuelto+aceitunas+s%C3%A1ngar&amp;sxsrf=APq-WBt1wkTZta0IAEDoueZPBxEuaY8Dtw:1644308614563&amp;source=lnms&amp;tbm=isch&amp;sa=X&amp;ved=2ahUKEwjouvz21u_1AhVV_rsIHacjBd0Q_AUoAXoECAEQAw&amp;biw=1577&amp;bih=780&amp;dpr=1\" target=\"_blank\" rel=\"noopener noreferrer nofollow\">kombinasjonen<\/a> av oliven og sylteagurk gj\u00f8r det mulig \u00e5 nyte en usl\u00e5elig smak i tapas eller forretter.<\/p>\n<p>Det er et sv\u00e6rt sunt supplement til v\u00e5rt tradisjonelle, n\u00e6ringsrike middelhavskosthold.<\/p>\n<p>I Spania finner vi oliven, agurker, almagro auberginer, gulr\u00f8tter, l\u00f8k, kapers, hvitl\u00f8k eller til og med en blanding av disse.<\/p>\n<p>De serveres ofte som tapas til \u00f8l (ikke vin p\u00e5 grunn av eddikinnholdet).<\/p>\n<p>Pickles har g\u00e5tt fra \u00e5 v\u00e6re en eldgammel teknikk for konservering av mat over hele verden til \u00e5 bli en av de mest popul\u00e6re tapasene eller forrettene i spansk gastronomi.<\/p>\n<h3><strong>Fordeler med Campo Real Olive 4,5 kg<\/strong><\/h3>\n<p>Kjente du til fordelene med Campo Real Oliven 4,5 kg og med sylteagurk generelt? Her er en liste over de viktigste: <\/p>\n<ul>\n<li>Rik p\u00e5 probiotika.<\/li>\n<li>De hjelper ford\u00f8yelsen.<\/li>\n<li>De styrker immunforsvaret.<\/li>\n<li>De reduserer suget etter sukker.<\/li>\n<li>Gunstig for gallebl\u00e6ren.<\/li>\n<\/ul>\n<p>Hvis du \u00f8nsker \u00e5 kj\u00f8pe oliven eller andre typer <a href=\"https:\/\/latiendadesami.com\/categoria-producto\/encurtidos\/\" rel=\"noopener noreferrer nofollow\" target=\"_blank\">syltet mat<\/a>, ikke n\u00f8l med \u00e5 ta en titt p\u00e5 v\u00e5r online katalog for \u00e5 se det brede utvalget av <a href=\"https:\/\/latiendadesami.com\/categoria-producto\/encurtidos\/aceitunas\/\" target=\"_blank\" rel=\"noopener noreferrer nofollow\">oliven<\/a> vi har.<\/p>\n<p>Skriv til oss for mer informasjon.<\/p>\n","protected":false},"excerpt":{"rendered":"<p>Hvis det er noe Campo Real kommune er kjent for, s\u00e5 er det de ber\u00f8mte Campo Real-olivene p\u00e5 4,5 kg. Olivenene tilh\u00f8rer sortene manzanilla de Campo Real og cacere\u00f1a, og hemmeligheten bak olivenene ligger i de hundre \u00e5r gamle oliventr\u00e6rne de kommer fra, olivendyrkernes erfaring og krydringen av olivenene. Denne kombinasjonen av oliven og sylteagurk [&hellip;]<\/p>\n","protected":false},"featured_media":9786,"template":"","meta":{"_et_pb_use_builder":"","_et_pb_old_content":"","_et_gb_content_width":""},"product_brand":[],"product_cat":[1556,1555],"product_tag":[3119],"class_list":{"0":"post-27558","1":"product","2":"type-product","3":"status-publish","4":"has-post-thumbnail","6":"product_cat-oliven","7":"product_cat-pickles-no","8":"product_tag-campo-real-no","10":"first","11":"outofstock","12":"taxable","13":"shipping-taxable","14":"purchasable","15":"product-type-simple"},"_links":{"self":[{"href":"https:\/\/myspainfood.com\/no\/wp-json\/wp\/v2\/product\/27558","targetHints":{"allow":["GET"]}}],"collection":[{"href":"https:\/\/myspainfood.com\/no\/wp-json\/wp\/v2\/product"}],"about":[{"href":"https:\/\/myspainfood.com\/no\/wp-json\/wp\/v2\/types\/product"}],"wp:featuredmedia":[{"embeddable":true,"href":"https:\/\/myspainfood.com\/no\/wp-json\/wp\/v2\/media\/9786"}],"wp:attachment":[{"href":"https:\/\/myspainfood.com\/no\/wp-json\/wp\/v2\/media?parent=27558"}],"wp:term":[{"taxonomy":"product_brand","embeddable":true,"href":"https:\/\/myspainfood.com\/no\/wp-json\/wp\/v2\/product_brand?post=27558"},{"taxonomy":"product_cat","embeddable":true,"href":"https:\/\/myspainfood.com\/no\/wp-json\/wp\/v2\/product_cat?post=27558"},{"taxonomy":"product_tag","embeddable":true,"href":"https:\/\/myspainfood.com\/no\/wp-json\/wp\/v2\/product_tag?post=27558"}],"curies":[{"name":"wp","href":"https:\/\/api.w.org\/{rel}","templated":true}]}}