{"id":27897,"date":"2025-04-10T12:07:50","date_gmt":"2025-04-10T10:07:50","guid":{"rendered":"https:\/\/myspainfood.com\/producto\/oti-syltede-blaskjell-40-50-stykker\/"},"modified":"2025-04-10T12:07:50","modified_gmt":"2025-04-10T10:07:50","slug":"oti-syltede-blaskjell-40-50-stykker","status":"publish","type":"product","link":"https:\/\/myspainfood.com\/no\/producto\/oti-syltede-blaskjell-40-50-stykker\/","title":{"rendered":"Oti syltede bl\u00e5skjell 40\/50 stykker"},"content":{"rendered":"<p>De beste og st\u00f8rste eksemplarene er hentet ut p\u00e5 det optimale tidspunktet fra de beste pannene. De har et utmerket utseende, jevn farge, er rene for skjegg og sv\u00e6rt appetittvekkende, og er et resultat av n\u00f8ye utvelgelse og bearbeiding. Ingredienser av topp kvalitet brukes til \u00e5 lage en deilig syltet saus, som er en ideell topping for dette bl\u00f8tdyret.  <\/p>\n","protected":false},"excerpt":{"rendered":"<p>De beste og st\u00f8rste eksemplarene er hentet ut p\u00e5 det optimale tidspunktet fra de beste pannene. De har et utmerket utseende, jevn farge, er rene for skjegg og sv\u00e6rt appetittvekkende, og er et resultat av n\u00f8ye utvelgelse og bearbeiding. Ingredienser av topp kvalitet brukes til \u00e5 lage en deilig syltet saus, som er en ideell [&hellip;]<\/p>\n","protected":false},"featured_media":10182,"template":"","meta":{"_et_pb_use_builder":"","_et_pb_old_content":"","_et_gb_content_width":""},"product_brand":[1075],"product_cat":[4065,1972],"product_tag":[],"class_list":{"0":"post-27897","1":"product","2":"type-product","3":"status-publish","4":"has-post-thumbnail","6":"product_brand-oti","7":"product_cat-blaskjell-no","8":"product_cat-konserver","10":"first","11":"outofstock","12":"taxable","13":"shipping-taxable","14":"product-type-variable"},"_links":{"self":[{"href":"https:\/\/myspainfood.com\/no\/wp-json\/wp\/v2\/product\/27897","targetHints":{"allow":["GET"]}}],"collection":[{"href":"https:\/\/myspainfood.com\/no\/wp-json\/wp\/v2\/product"}],"about":[{"href":"https:\/\/myspainfood.com\/no\/wp-json\/wp\/v2\/types\/product"}],"wp:featuredmedia":[{"embeddable":true,"href":"https:\/\/myspainfood.com\/no\/wp-json\/wp\/v2\/media\/10182"}],"wp:attachment":[{"href":"https:\/\/myspainfood.com\/no\/wp-json\/wp\/v2\/media?parent=27897"}],"wp:term":[{"taxonomy":"product_brand","embeddable":true,"href":"https:\/\/myspainfood.com\/no\/wp-json\/wp\/v2\/product_brand?post=27897"},{"taxonomy":"product_cat","embeddable":true,"href":"https:\/\/myspainfood.com\/no\/wp-json\/wp\/v2\/product_cat?post=27897"},{"taxonomy":"product_tag","embeddable":true,"href":"https:\/\/myspainfood.com\/no\/wp-json\/wp\/v2\/product_tag?post=27897"}],"curies":[{"name":"wp","href":"https:\/\/api.w.org\/{rel}","templated":true}]}}