{"id":28417,"date":"2025-04-10T12:07:30","date_gmt":"2025-04-10T10:07:30","guid":{"rendered":"https:\/\/myspainfood.com\/producto\/pepper-og-tunfisksalat\/"},"modified":"2025-04-10T12:07:30","modified_gmt":"2025-04-10T10:07:30","slug":"pepper-og-tunfisksalat","status":"publish","type":"product","link":"https:\/\/myspainfood.com\/no\/producto\/pepper-og-tunfisksalat\/","title":{"rendered":"Pepper- og tunfisksalat"},"content":{"rendered":"<p>Suksessen til <a href=\"https:\/\/www.alsurvegetales.com\/producto\/id\/26\/ensalada-de-pimiento-asado-con-atun\" target=\"_blank\" rel=\"noopener noreferrer nofollow\">Alsurs<\/a> Peppersalat med tunfisk ligger i den varierende fargen fra blek til m\u00f8rker\u00f8d, smaken og den smidige konsistensen.<\/p>\n<p>Sammen med l\u00f8ken utgj\u00f8r de ristede paprikaene en deilig rett som er sv\u00e6rt enkel \u00e5 tilberede.<\/p>\n<p>Glasskrukken veier 340 gram.<\/p>\n<p>Oppbevares p\u00e5 et kj\u00f8lig, t\u00f8rt sted. N\u00e5r den er \u00e5pnet, oppbevares den i kj\u00f8leskap og konsumeres innen 7 dager. <\/p>\n<p>Ingredienser: Piquillo-paprika, l\u00f8k, vann, sukker, tunfisk (5 %), eddik, salt og sitronsyre.<\/p>\n<p>Alsur er en familiebedrift, der essensen av mat er hovedpersonen.<\/p>\n<h4>De viktigste fordelene med hermetikk<\/h4>\n<ol>\n<li>De bevarer alle de ern\u00e6ringsmessige egenskapene til selve maten. Maten beholder sin friskhet. <\/li>\n<li>Matvarene som brukes er sunne og derfor egnet for et optimalt kosthold p\u00e5 grunn av sitt h\u00f8ye vitamin- og proteininnhold.<\/li>\n<li>Disse produktene har lengre levetid (2-5 \u00e5r er typisk).<\/li>\n<li>Konsertene er veldig enkle \u00e5 oppbevare, siden emballasjen er lett \u00e5 bruke.<\/li>\n<\/ol>\n<p>Hvis du \u00f8nsker \u00e5 kj\u00f8pe Peppersalat med tunfisk eller andre typer <a href=\"https:\/\/latiendadesami.com\/categoria-producto\/conservas\/\" rel=\"noopener noreferrer nofollow\" target=\"_blank\">hermetikk<\/a>, ikke n\u00f8l med \u00e5 ta en titt i v\u00e5r online katalog for \u00e5 se det brede utvalget av <a href=\"https:\/\/latiendadesami.com\/categoria-producto\/conservas\/atun-y-bonito\/\" target=\"_blank\" rel=\"noopener noreferrer nofollow\">tunfisk<\/a> som vi har.<\/p>\n<p>Skriv til oss for mer informasjon.<\/p>\n","protected":false},"excerpt":{"rendered":"<p>Suksessen til Alsurs Peppersalat med tunfisk ligger i den varierende fargen fra blek til m\u00f8rker\u00f8d, smaken og den smidige konsistensen. Sammen med l\u00f8ken utgj\u00f8r de ristede paprikaene en deilig rett som er sv\u00e6rt enkel \u00e5 tilberede. Glasskrukken veier 340 gram. Oppbevares p\u00e5 et kj\u00f8lig, t\u00f8rt sted. N\u00e5r den er \u00e5pnet, oppbevares den i kj\u00f8leskap og [&hellip;]<\/p>\n","protected":false},"featured_media":9876,"template":"","meta":{"_et_pb_use_builder":"","_et_pb_old_content":"","_et_gb_content_width":""},"product_brand":[1196],"product_cat":[1972,2319,4233],"product_tag":[],"class_list":{"0":"post-28417","1":"product","2":"type-product","3":"status-publish","4":"has-post-thumbnail","6":"product_brand-alsur","7":"product_cat-konserver","8":"product_cat-paprika-no","9":"product_cat-tunfisk-og-bonito","11":"first","12":"instock","13":"taxable","14":"shipping-taxable","15":"purchasable","16":"product-type-variable"},"_links":{"self":[{"href":"https:\/\/myspainfood.com\/no\/wp-json\/wp\/v2\/product\/28417","targetHints":{"allow":["GET"]}}],"collection":[{"href":"https:\/\/myspainfood.com\/no\/wp-json\/wp\/v2\/product"}],"about":[{"href":"https:\/\/myspainfood.com\/no\/wp-json\/wp\/v2\/types\/product"}],"wp:featuredmedia":[{"embeddable":true,"href":"https:\/\/myspainfood.com\/no\/wp-json\/wp\/v2\/media\/9876"}],"wp:attachment":[{"href":"https:\/\/myspainfood.com\/no\/wp-json\/wp\/v2\/media?parent=28417"}],"wp:term":[{"taxonomy":"product_brand","embeddable":true,"href":"https:\/\/myspainfood.com\/no\/wp-json\/wp\/v2\/product_brand?post=28417"},{"taxonomy":"product_cat","embeddable":true,"href":"https:\/\/myspainfood.com\/no\/wp-json\/wp\/v2\/product_cat?post=28417"},{"taxonomy":"product_tag","embeddable":true,"href":"https:\/\/myspainfood.com\/no\/wp-json\/wp\/v2\/product_tag?post=28417"}],"curies":[{"name":"wp","href":"https:\/\/api.w.org\/{rel}","templated":true}]}}