{"id":28501,"date":"2025-04-10T12:07:50","date_gmt":"2025-04-10T10:07:50","guid":{"rendered":"https:\/\/myspainfood.com\/producto\/fersken-i-sirup-oti-530-gr-12-enheter\/"},"modified":"2025-04-10T12:07:50","modified_gmt":"2025-04-10T10:07:50","slug":"fersken-i-sirup-oti-530-gr-12-enheter","status":"publish","type":"product","link":"https:\/\/myspainfood.com\/no\/producto\/fersken-i-sirup-oti-530-gr-12-enheter\/","title":{"rendered":"Fersken i sirup Oti 530 gr 12 ENHETER"},"content":{"rendered":"<p>Frukt i sirup er en type syltet\u00f8y1 som lages av fruktbiter (biter kan v\u00e6re firkanter, halve, kvarte, skiver, julienne) som kokes i en sirup eller sirup til den tykner. I denne prosessen skjer det en utveksling eller forskyvning av vann fra det hypotoniske mediet (der det er mindre mengde oppl\u00f8ste stoffer) til det hypertoniske mediet (der det er mer oppl\u00f8ste stoffer) som erstattes av oppl\u00f8ste stoffer (oppl\u00f8selige faste stoffer s.s.) som finnes i det hypertoniske mediet, dvs. vannet som finnes i fruktbladene og sukkeret i sirupen eller sirupen kommer inn i det. Denne prosessen brukes til konservering av frukten som skal konsumeres etter en lang periode.    <\/p>\n","protected":false},"excerpt":{"rendered":"<p>Frukt i sirup er en type syltet\u00f8y1 som lages av fruktbiter (biter kan v\u00e6re firkanter, halve, kvarte, skiver, julienne) som kokes i en sirup eller sirup til den tykner. I denne prosessen skjer det en utveksling eller forskyvning av vann fra det hypotoniske mediet (der det er mindre mengde oppl\u00f8ste stoffer) til det hypertoniske mediet [&hellip;]<\/p>\n","protected":false},"featured_media":8328,"template":"","meta":{"_et_pb_use_builder":"","_et_pb_old_content":"","_et_gb_content_width":""},"product_brand":[1075],"product_cat":[4974,1972],"product_tag":[3197],"class_list":{"0":"post-28501","1":"product","2":"type-product","3":"status-publish","4":"has-post-thumbnail","6":"product_brand-oti","7":"product_cat-fersken","8":"product_cat-konserver","9":"product_tag-sirup-no","11":"first","12":"outofstock","13":"sale","14":"taxable","15":"shipping-taxable","16":"purchasable","17":"product-type-simple"},"_links":{"self":[{"href":"https:\/\/myspainfood.com\/no\/wp-json\/wp\/v2\/product\/28501","targetHints":{"allow":["GET"]}}],"collection":[{"href":"https:\/\/myspainfood.com\/no\/wp-json\/wp\/v2\/product"}],"about":[{"href":"https:\/\/myspainfood.com\/no\/wp-json\/wp\/v2\/types\/product"}],"wp:featuredmedia":[{"embeddable":true,"href":"https:\/\/myspainfood.com\/no\/wp-json\/wp\/v2\/media\/8328"}],"wp:attachment":[{"href":"https:\/\/myspainfood.com\/no\/wp-json\/wp\/v2\/media?parent=28501"}],"wp:term":[{"taxonomy":"product_brand","embeddable":true,"href":"https:\/\/myspainfood.com\/no\/wp-json\/wp\/v2\/product_brand?post=28501"},{"taxonomy":"product_cat","embeddable":true,"href":"https:\/\/myspainfood.com\/no\/wp-json\/wp\/v2\/product_cat?post=28501"},{"taxonomy":"product_tag","embeddable":true,"href":"https:\/\/myspainfood.com\/no\/wp-json\/wp\/v2\/product_tag?post=28501"}],"curies":[{"name":"wp","href":"https:\/\/api.w.org\/{rel}","templated":true}]}}