{"id":28986,"date":"2025-04-10T12:08:22","date_gmt":"2025-04-10T10:08:22","guid":{"rendered":"https:\/\/myspainfood.com\/producto\/torsk-20-30-hel-saltet-faeroysk-torsk\/"},"modified":"2025-09-02T10:41:25","modified_gmt":"2025-09-02T08:41:25","slug":"torsk-20-30-hel-saltet-faeroysk-torsk","status":"publish","type":"product","link":"https:\/\/myspainfood.com\/no\/producto\/torsk-20-30-hel-saltet-faeroysk-torsk\/","title":{"rendered":"Torsk 20\/30 Hel saltet f\u00e6r\u00f8ysk torsk"},"content":{"rendered":"<p><a href=\"https:\/\/labarajilla.es\/bacalao\/\" target=\"_blank\" rel=\"noopener noreferrer nofollow\">La Barajilla<\/a> Faroe Cod 20\/30 Whole Salted Cod Faroe er basert p\u00e5 et helt stykke torsk som er sk\u00e5ret i to, saltet og speket.<\/p>\n<p>Grunnlaget for tilberedning av regionale retter i henhold til tradisjonene i hvert land.<\/p>\n<ul>\n<li><strong>ST\u00d8RRELSE<\/strong>: 20\/30<\/li>\n<li><strong>ART<\/strong>: Torsk ( Gadus Morhua )<u><\/u><u><\/u><\/li>\n<li><strong>FISKERISONE<\/strong>: Nordvest-Atlanteren ( FAO 27 )<u><\/u><u><\/u><\/li>\n<li><strong>OPPBEVARING<\/strong>: mellom 0\u00baC og 5\u00baC.<\/li>\n<\/ul>\n<p>Fra et ern\u00e6ringsmessig synspunkt er torsk en matvare rik p\u00e5 protein med h\u00f8y biologisk verdi og ford\u00f8yelighet, med lavt fett- og kaloriinnhold.<\/p>\n<p>Vanninnholdet er ca. 80 % (i fersk torsk).<\/p>\n<p>Denne torsken er en god kilde til vitaminer (hovedsakelig fra B-gruppen) og mineralsalter som er viktige for kroppen.<\/p>\n<p>Fersk eller avsaltet torsk kan med fordel spises av personer med h\u00f8yt blodtrykk, siden den inneholder lite natrium og er rik p\u00e5 kalium.<\/p>\n<p>&laquo;Torsk er fellesbetegnelsen p\u00e5 flere arter av fisk i slekten Gadus, selv om noen i samme slekt kan ha andre navn.<\/p>\n<p>Den vanligste arten er atlanterhavstorsken (Gadus morhua eller vanlig torsk).<\/p>\n<p>Hvis du \u00f8nsker \u00e5 kj\u00f8pe Cod 20\/30 Whole Salted Faroe Cod eller andre typer <a href=\"https:\/\/latiendadesami.com\/categoria-producto\/frio\/\" rel=\"noopener noreferrer nofollow\" target=\"_blank\">kalde<\/a> produkter, ikke n\u00f8l med \u00e5 ta en titt p\u00e5 hele v\u00e5r online katalog for \u00e5 se det brede utvalget av torsk som vi tilbyr.<\/p>\n<p>Skriv til oss for mer informasjon.<\/p>\n","protected":false},"excerpt":{"rendered":"<p>La Barajilla Faroe Cod 20\/30 Whole Salted Cod Faroe er basert p\u00e5 et helt stykke torsk som er sk\u00e5ret i to, saltet og speket. Grunnlaget for tilberedning av regionale retter i henhold til tradisjonene i hvert land. ST\u00d8RRELSE: 20\/30 ART: Torsk ( Gadus Morhua ) FISKERISONE: Nordvest-Atlanteren ( FAO 27 ) OPPBEVARING: mellom 0\u00baC og [&hellip;]<\/p>\n","protected":false},"featured_media":10884,"template":"","meta":{"_et_pb_use_builder":"","_et_pb_old_content":"","_et_gb_content_width":""},"product_brand":[1290],"product_cat":[1805,3509],"product_tag":[],"class_list":{"0":"post-28986","1":"product","2":"type-product","3":"status-publish","4":"has-post-thumbnail","6":"product_brand-la-barajilla","7":"product_cat-kald","8":"product_cat-torsk","9":"product_shipping_class-kald-forsendelse","11":"first","12":"outofstock","13":"taxable","14":"shipping-taxable","15":"purchasable","16":"product-type-variable"},"_links":{"self":[{"href":"https:\/\/myspainfood.com\/no\/wp-json\/wp\/v2\/product\/28986","targetHints":{"allow":["GET"]}}],"collection":[{"href":"https:\/\/myspainfood.com\/no\/wp-json\/wp\/v2\/product"}],"about":[{"href":"https:\/\/myspainfood.com\/no\/wp-json\/wp\/v2\/types\/product"}],"wp:featuredmedia":[{"embeddable":true,"href":"https:\/\/myspainfood.com\/no\/wp-json\/wp\/v2\/media\/10884"}],"wp:attachment":[{"href":"https:\/\/myspainfood.com\/no\/wp-json\/wp\/v2\/media?parent=28986"}],"wp:term":[{"taxonomy":"product_brand","embeddable":true,"href":"https:\/\/myspainfood.com\/no\/wp-json\/wp\/v2\/product_brand?post=28986"},{"taxonomy":"product_cat","embeddable":true,"href":"https:\/\/myspainfood.com\/no\/wp-json\/wp\/v2\/product_cat?post=28986"},{"taxonomy":"product_tag","embeddable":true,"href":"https:\/\/myspainfood.com\/no\/wp-json\/wp\/v2\/product_tag?post=28986"}],"curies":[{"name":"wp","href":"https:\/\/api.w.org\/{rel}","templated":true}]}}