{"id":29871,"date":"2025-04-10T12:08:04","date_gmt":"2025-04-10T10:08:04","guid":{"rendered":"https:\/\/myspainfood.com\/producto\/blokk-med-foie-gras-pate-90-canard-picarpicar-150-g\/"},"modified":"2025-07-28T12:58:41","modified_gmt":"2025-07-28T10:58:41","slug":"blokk-med-foie-gras-pate-90-canard-picarpicar-150-g","status":"publish","type":"product","link":"https:\/\/myspainfood.com\/no\/producto\/blokk-med-foie-gras-pate-90-canard-picarpicar-150-g\/","title":{"rendered":"Blokk med Foie Gras-pat\u00e9 90% Canard Picar&amp;picar 150 g"},"content":{"rendered":"<p>PICAR&amp;PICAR tilbyr Bloc Foie Gras av f\u00f8rsteklasses kvalitet, i pakker p\u00e5 150 g<\/p>\n<p><strong>Foie gras de canard<\/strong> har en mer intens smak, perfekt til \u00e5 ledsage m\u00e5ltidene v\u00e5re n\u00e5r som helst eller til \u00e5 bruke som en ingrediens p\u00e5 kj\u00f8kkenet.<\/p>\n","protected":false},"excerpt":{"rendered":"<p>PICAR&amp;PICAR tilbyr Bloc Foie Gras av f\u00f8rsteklasses kvalitet, i pakker p\u00e5 150 g Foie gras de canard har en mer intens smak, perfekt til \u00e5 ledsage m\u00e5ltidene v\u00e5re n\u00e5r som helst eller til \u00e5 bruke som en ingrediens p\u00e5 kj\u00f8kkenet.<\/p>\n","protected":false},"featured_media":10443,"template":"","meta":{"_et_pb_use_builder":"","_et_pb_old_content":"","_et_gb_content_width":""},"product_brand":[1127],"product_cat":[6587,1805],"product_tag":[],"class_list":{"0":"post-29871","1":"product","2":"type-product","3":"status-publish","4":"has-post-thumbnail","6":"product_brand-picarpicar","7":"product_cat-foie-no","8":"product_cat-kald","9":"product_shipping_class-kald-forsendelse","11":"first","12":"outofstock","13":"sale","14":"featured","15":"taxable","16":"shipping-taxable","17":"purchasable","18":"product-type-simple"},"_links":{"self":[{"href":"https:\/\/myspainfood.com\/no\/wp-json\/wp\/v2\/product\/29871","targetHints":{"allow":["GET"]}}],"collection":[{"href":"https:\/\/myspainfood.com\/no\/wp-json\/wp\/v2\/product"}],"about":[{"href":"https:\/\/myspainfood.com\/no\/wp-json\/wp\/v2\/types\/product"}],"wp:featuredmedia":[{"embeddable":true,"href":"https:\/\/myspainfood.com\/no\/wp-json\/wp\/v2\/media\/10443"}],"wp:attachment":[{"href":"https:\/\/myspainfood.com\/no\/wp-json\/wp\/v2\/media?parent=29871"}],"wp:term":[{"taxonomy":"product_brand","embeddable":true,"href":"https:\/\/myspainfood.com\/no\/wp-json\/wp\/v2\/product_brand?post=29871"},{"taxonomy":"product_cat","embeddable":true,"href":"https:\/\/myspainfood.com\/no\/wp-json\/wp\/v2\/product_cat?post=29871"},{"taxonomy":"product_tag","embeddable":true,"href":"https:\/\/myspainfood.com\/no\/wp-json\/wp\/v2\/product_tag?post=29871"}],"curies":[{"name":"wp","href":"https:\/\/api.w.org\/{rel}","templated":true}]}}