{"id":30708,"date":"2025-04-10T12:08:41","date_gmt":"2025-04-10T10:08:41","guid":{"rendered":"https:\/\/myspainfood.com\/producto\/smuler-av-saltet-torsk-500-g\/"},"modified":"2025-09-02T10:41:56","modified_gmt":"2025-09-02T08:41:56","slug":"smuler-av-saltet-torsk-500-g","status":"publish","type":"product","link":"https:\/\/myspainfood.com\/no\/producto\/smuler-av-saltet-torsk-500-g\/","title":{"rendered":"Smuler av saltet torsk 500 g"},"content":{"rendered":"<div class=\"wpb_animate_when_almost_visible wpb_bottom-to-top bottom-to-top wpb_column vc_column_container vc_col-sm-6 wpb_start_animation animated\">\n<div class=\"vc_column-inner \">\n<div class=\"wpb_wrapper\">\n<div class=\"wpb_text_column wpb_content_element \">\n<div class=\"wpb_wrapper\">\n<p>Desmigado bacalao salado 500G de <a href=\"https:\/\/labarajilla.es\/bacalao\/\" target=\"_blank\" rel=\"noopener noreferrer nofollow\">La Barajilla<\/a> er basert p\u00e5 biter av topp kvalitet uten skinn eller bein, ideell til omeletter, kroketter og ajoarriero.<\/p>\n<ul>\n<li><strong>ART<\/strong>: Torsk ( Gadus Morhua )<\/li>\n<li><strong>FISKERISONE<\/strong>: Nordvest-Atlanteren ( FAO 27 )<\/li>\n<li><strong>OPPBEVARING<\/strong>: mellom 0\u00baC og 5\u00baC.<\/li>\n<\/ul>\n<p>Fra et ern\u00e6ringsmessig synspunkt er torsk en matvare rik p\u00e5 protein med h\u00f8y biologisk verdi og ford\u00f8yelighet, med lavt fett- og kaloriinnhold.<\/p>\n<p>Vanninnholdet er ca. 80 % (i fersk torsk).<\/p>\n<p>Denne torsken er en god kilde til vitaminer (hovedsakelig fra B-gruppen) og mineralsalter som er viktige for kroppen.<\/p>\n<p>Fersk eller avsaltet torsk kan med fordel spises av personer med h\u00f8yt blodtrykk, siden den inneholder lite natrium og er rik p\u00e5 kalium.<\/p>\n<p>&laquo;Torsk er fellesbetegnelsen p\u00e5 flere arter av fisk i slekten Gadus, selv om noen i samme slekt kan ha andre navn.<\/p>\n<p>Den vanligste arten er atlanterhavstorsken (Gadus morhua eller vanlig torsk).<\/p>\n<p>Hvis du \u00f8nsker \u00e5 kj\u00f8pe Desmigado bacalao salado 500G eller andre typer <a href=\"https:\/\/latiendadesami.com\/categoria-producto\/frio\/\" rel=\"noopener noreferrer nofollow\" target=\"_blank\">kalde<\/a> produkter, ikke n\u00f8l med \u00e5 ta en titt p\u00e5 hele v\u00e5r online katalog for \u00e5 se det store utvalget av torsk vi har.<\/p>\n<p>Skriv til oss for mer informasjon.<\/p>\n<\/div>\n<\/div>\n<\/div>\n<\/div>\n<\/div>\n","protected":false},"excerpt":{"rendered":"<p>Desmigado bacalao salado 500G de La Barajilla er basert p\u00e5 biter av topp kvalitet uten skinn eller bein, ideell til omeletter, kroketter og ajoarriero. ART: Torsk ( Gadus Morhua ) FISKERISONE: Nordvest-Atlanteren ( FAO 27 ) OPPBEVARING: mellom 0\u00baC og 5\u00baC. Fra et ern\u00e6ringsmessig synspunkt er torsk en matvare rik p\u00e5 protein med h\u00f8y biologisk [&hellip;]<\/p>\n","protected":false},"featured_media":11217,"template":"","meta":{"_et_pb_use_builder":"","_et_pb_old_content":"","_et_gb_content_width":""},"product_brand":[1290],"product_cat":[1805,3509],"product_tag":[],"class_list":{"0":"post-30708","1":"product","2":"type-product","3":"status-publish","4":"has-post-thumbnail","6":"product_brand-la-barajilla","7":"product_cat-kald","8":"product_cat-torsk","9":"product_shipping_class-kald-forsendelse","11":"first","12":"outofstock","13":"taxable","14":"shipping-taxable","15":"purchasable","16":"product-type-simple"},"_links":{"self":[{"href":"https:\/\/myspainfood.com\/no\/wp-json\/wp\/v2\/product\/30708","targetHints":{"allow":["GET"]}}],"collection":[{"href":"https:\/\/myspainfood.com\/no\/wp-json\/wp\/v2\/product"}],"about":[{"href":"https:\/\/myspainfood.com\/no\/wp-json\/wp\/v2\/types\/product"}],"wp:featuredmedia":[{"embeddable":true,"href":"https:\/\/myspainfood.com\/no\/wp-json\/wp\/v2\/media\/11217"}],"wp:attachment":[{"href":"https:\/\/myspainfood.com\/no\/wp-json\/wp\/v2\/media?parent=30708"}],"wp:term":[{"taxonomy":"product_brand","embeddable":true,"href":"https:\/\/myspainfood.com\/no\/wp-json\/wp\/v2\/product_brand?post=30708"},{"taxonomy":"product_cat","embeddable":true,"href":"https:\/\/myspainfood.com\/no\/wp-json\/wp\/v2\/product_cat?post=30708"},{"taxonomy":"product_tag","embeddable":true,"href":"https:\/\/myspainfood.com\/no\/wp-json\/wp\/v2\/product_tag?post=30708"}],"curies":[{"name":"wp","href":"https:\/\/api.w.org\/{rel}","templated":true}]}}