{"id":31613,"date":"2025-04-10T12:09:08","date_gmt":"2025-04-10T10:09:08","guid":{"rendered":"https:\/\/myspainfood.com\/producto\/saueost-med-rosmarin-el-gran-cardenal\/"},"modified":"2025-09-02T10:44:07","modified_gmt":"2025-09-02T08:44:07","slug":"saueost-med-rosmarin-el-gran-cardenal","status":"publish","type":"product","link":"https:\/\/myspainfood.com\/no\/producto\/saueost-med-rosmarin-el-gran-cardenal\/","title":{"rendered":"Saueost med rosmarin El Gran Cardenal"},"content":{"rendered":"<div class=\"et_pb_blurb_container\">\n<div class=\"et_pb_blurb_container\">\n<h4 class=\"et_pb_module_header\">Sau med rosmarin<\/h4>\n<div class=\"et_pb_blurb_description\">Rosmarin er en aromatisk plante som er typisk for Middelhavsomr\u00e5det. Aromaen impregnerer v\u00e5r Castellano de Oveja-ost og gir den en sv\u00e6rt nyansert lukt og smak, samtidig som den bidrar til \u00e5 beskytte osten. <\/p>\n<p>I blomsterspr\u00e5ket er rosmarin et symbol p\u00e5 god tro og \u00e5penhet.<\/p><\/div>\n<\/div>\n<\/div>\n","protected":false},"excerpt":{"rendered":"<p>Sau med rosmarin Rosmarin er en aromatisk plante som er typisk for Middelhavsomr\u00e5det. Aromaen impregnerer v\u00e5r Castellano de Oveja-ost og gir den en sv\u00e6rt nyansert lukt og smak, samtidig som den bidrar til \u00e5 beskytte osten. I blomsterspr\u00e5ket er rosmarin et symbol p\u00e5 god tro og \u00e5penhet.<\/p>\n","protected":false},"featured_media":11685,"template":"","meta":{"_et_pb_use_builder":"","_et_pb_old_content":"","_et_gb_content_width":""},"product_brand":[1319],"product_cat":[2724,1805,2252],"product_tag":[],"class_list":{"0":"post-31613","1":"product","2":"type-product","3":"status-publish","4":"has-post-thumbnail","6":"product_brand-el-gran-cardenal","7":"product_cat-herding","8":"product_cat-kald","9":"product_cat-ost-og-polse","10":"product_shipping_class-kald-forsendelse","12":"first","13":"outofstock","14":"taxable","15":"shipping-taxable","16":"purchasable","17":"product-type-variable"},"_links":{"self":[{"href":"https:\/\/myspainfood.com\/no\/wp-json\/wp\/v2\/product\/31613","targetHints":{"allow":["GET"]}}],"collection":[{"href":"https:\/\/myspainfood.com\/no\/wp-json\/wp\/v2\/product"}],"about":[{"href":"https:\/\/myspainfood.com\/no\/wp-json\/wp\/v2\/types\/product"}],"wp:featuredmedia":[{"embeddable":true,"href":"https:\/\/myspainfood.com\/no\/wp-json\/wp\/v2\/media\/11685"}],"wp:attachment":[{"href":"https:\/\/myspainfood.com\/no\/wp-json\/wp\/v2\/media?parent=31613"}],"wp:term":[{"taxonomy":"product_brand","embeddable":true,"href":"https:\/\/myspainfood.com\/no\/wp-json\/wp\/v2\/product_brand?post=31613"},{"taxonomy":"product_cat","embeddable":true,"href":"https:\/\/myspainfood.com\/no\/wp-json\/wp\/v2\/product_cat?post=31613"},{"taxonomy":"product_tag","embeddable":true,"href":"https:\/\/myspainfood.com\/no\/wp-json\/wp\/v2\/product_tag?post=31613"}],"curies":[{"name":"wp","href":"https:\/\/api.w.org\/{rel}","templated":true}]}}