{"id":31721,"date":"2025-04-10T12:09:09","date_gmt":"2025-04-10T10:09:09","guid":{"rendered":"https:\/\/myspainfood.com\/producto\/el-gran-cardenal-geit-og-kupaprikaost\/"},"modified":"2025-06-24T14:15:30","modified_gmt":"2025-06-24T12:15:30","slug":"el-gran-cardenal-geit-og-kupaprikaost","status":"publish","type":"product","link":"https:\/\/myspainfood.com\/no\/producto\/el-gran-cardenal-geit-og-kupaprikaost\/","title":{"rendered":"El Gran Cardenal Geit- og kupaprikaost"},"content":{"rendered":"<div class=\"et_pb_blurb_container\">\n<div class=\"et_pb_blurb_container\">\n<h4 class=\"et_pb_module_header\">Geit med paprika<\/h4>\n<div class=\"et_pb_blurb_description\">Den er belagt p\u00e5 utsiden med naturlig paprika (som er fremstilt ved t\u00f8rking og maling av r\u00f8d paprika), noe som gir osten en attraktiv r\u00f8dlig farge, samt en helt spesiell aroma og smak.<\/p>\n<p>Kombinasjonen av geitemelkens kremighet og smaken av naturlig paprika er en av de beste kombinasjonene som finnes i oster.<\/p><\/div>\n<\/div>\n<\/div>\n","protected":false},"excerpt":{"rendered":"<p>Geit med paprika Den er belagt p\u00e5 utsiden med naturlig paprika (som er fremstilt ved t\u00f8rking og maling av r\u00f8d paprika), noe som gir osten en attraktiv r\u00f8dlig farge, samt en helt spesiell aroma og smak. Kombinasjonen av geitemelkens kremighet og smaken av naturlig paprika er en av de beste kombinasjonene som finnes i oster.<\/p>\n","protected":false},"featured_media":11712,"template":"","meta":{"_et_pb_use_builder":"","_et_pb_old_content":"","_et_gb_content_width":""},"product_brand":[1319],"product_cat":[2724,1805,2252],"product_tag":[],"class_list":{"0":"post-31721","1":"product","2":"type-product","3":"status-publish","4":"has-post-thumbnail","6":"product_brand-el-gran-cardenal","7":"product_cat-herding","8":"product_cat-kald","9":"product_cat-ost-og-polse","10":"product_shipping_class-kald-forsendelse","12":"first","13":"outofstock","14":"taxable","15":"shipping-taxable","16":"product-type-variable"},"_links":{"self":[{"href":"https:\/\/myspainfood.com\/no\/wp-json\/wp\/v2\/product\/31721","targetHints":{"allow":["GET"]}}],"collection":[{"href":"https:\/\/myspainfood.com\/no\/wp-json\/wp\/v2\/product"}],"about":[{"href":"https:\/\/myspainfood.com\/no\/wp-json\/wp\/v2\/types\/product"}],"wp:featuredmedia":[{"embeddable":true,"href":"https:\/\/myspainfood.com\/no\/wp-json\/wp\/v2\/media\/11712"}],"wp:attachment":[{"href":"https:\/\/myspainfood.com\/no\/wp-json\/wp\/v2\/media?parent=31721"}],"wp:term":[{"taxonomy":"product_brand","embeddable":true,"href":"https:\/\/myspainfood.com\/no\/wp-json\/wp\/v2\/product_brand?post=31721"},{"taxonomy":"product_cat","embeddable":true,"href":"https:\/\/myspainfood.com\/no\/wp-json\/wp\/v2\/product_cat?post=31721"},{"taxonomy":"product_tag","embeddable":true,"href":"https:\/\/myspainfood.com\/no\/wp-json\/wp\/v2\/product_tag?post=31721"}],"curies":[{"name":"wp","href":"https:\/\/api.w.org\/{rel}","templated":true}]}}