{"id":31747,"date":"2025-04-10T12:09:10","date_gmt":"2025-04-10T10:09:10","guid":{"rendered":"https:\/\/myspainfood.com\/producto\/geit-og-kuost-med-svart-hvitlok-el-gran-cardenal\/"},"modified":"2025-06-24T16:11:13","modified_gmt":"2025-06-24T14:11:13","slug":"geit-og-kuost-med-svart-hvitlok-el-gran-cardenal","status":"publish","type":"product","link":"https:\/\/myspainfood.com\/no\/producto\/geit-og-kuost-med-svart-hvitlok-el-gran-cardenal\/","title":{"rendered":"Geit- og kuost med svart hvitl\u00f8k El Gran Cardenal"},"content":{"rendered":"<div class=\"et_pb_blurb_container\">\n<div class=\"et_pb_blurb_container\">\n<div class=\"et_pb_blurb_container\">\n<h4 class=\"et_pb_module_header\">Geit med svart hvitl\u00f8k<\/h4>\n<div class=\"et_pb_blurb_description\">Kremaktig ost laget av geite- og kumelk, med deler av svart hvitl\u00f8k inni. Dette gir osten en litt s\u00f8tlig smak og antioksidantegenskaper. <\/p>\n<p>Andre egenskaper tilskrives ogs\u00e5, som \u00e5 redusere risikoen for kreft og forlenge livet. Det vi er sikre p\u00e5 er at resultatet av smaken av geitemelk sammen med svart hvitl\u00f8k vil bli en hyggelig overraskelse. <\/p><\/div>\n<\/div>\n<\/div>\n<\/div>\n","protected":false},"excerpt":{"rendered":"<p>Geit med svart hvitl\u00f8k Kremaktig ost laget av geite- og kumelk, med deler av svart hvitl\u00f8k inni. Dette gir osten en litt s\u00f8tlig smak og antioksidantegenskaper. Andre egenskaper tilskrives ogs\u00e5, som \u00e5 redusere risikoen for kreft og forlenge livet. Det vi er sikre p\u00e5 er at resultatet av smaken av geitemelk sammen med svart hvitl\u00f8k [&hellip;]<\/p>\n","protected":false},"featured_media":11748,"template":"","meta":{"_et_pb_use_builder":"","_et_pb_old_content":"","_et_gb_content_width":""},"product_brand":[1319],"product_cat":[2724,1805,2252],"product_tag":[],"class_list":{"0":"post-31747","1":"product","2":"type-product","3":"status-publish","4":"has-post-thumbnail","6":"product_brand-el-gran-cardenal","7":"product_cat-herding","8":"product_cat-kald","9":"product_cat-ost-og-polse","10":"product_shipping_class-kald-forsendelse","12":"first","13":"outofstock","14":"taxable","15":"shipping-taxable","16":"purchasable","17":"product-type-variable"},"_links":{"self":[{"href":"https:\/\/myspainfood.com\/no\/wp-json\/wp\/v2\/product\/31747","targetHints":{"allow":["GET"]}}],"collection":[{"href":"https:\/\/myspainfood.com\/no\/wp-json\/wp\/v2\/product"}],"about":[{"href":"https:\/\/myspainfood.com\/no\/wp-json\/wp\/v2\/types\/product"}],"wp:featuredmedia":[{"embeddable":true,"href":"https:\/\/myspainfood.com\/no\/wp-json\/wp\/v2\/media\/11748"}],"wp:attachment":[{"href":"https:\/\/myspainfood.com\/no\/wp-json\/wp\/v2\/media?parent=31747"}],"wp:term":[{"taxonomy":"product_brand","embeddable":true,"href":"https:\/\/myspainfood.com\/no\/wp-json\/wp\/v2\/product_brand?post=31747"},{"taxonomy":"product_cat","embeddable":true,"href":"https:\/\/myspainfood.com\/no\/wp-json\/wp\/v2\/product_cat?post=31747"},{"taxonomy":"product_tag","embeddable":true,"href":"https:\/\/myspainfood.com\/no\/wp-json\/wp\/v2\/product_tag?post=31747"}],"curies":[{"name":"wp","href":"https:\/\/api.w.org\/{rel}","templated":true}]}}