{"id":32294,"date":"2025-04-10T12:09:28","date_gmt":"2025-04-10T10:09:28","guid":{"rendered":"https:\/\/myspainfood.com\/producto\/el-gran-cardenal-speket-iberisk-ost\/"},"modified":"2025-07-28T13:02:37","modified_gmt":"2025-07-28T11:02:37","slug":"el-gran-cardenal-speket-iberisk-ost","status":"publish","type":"product","link":"https:\/\/myspainfood.com\/no\/producto\/el-gran-cardenal-speket-iberisk-ost\/","title":{"rendered":"El Gran Cardenal speket iberisk ost"},"content":{"rendered":"<div class=\"et_pb_blurb_container\">\n<div class=\"et_pb_blurb_container\">\n<div class=\"et_pb_column et_pb_column_4_4 et_pb_column_1 et_pb_css_mix_blend_mode_passthrough et-last-child\">\n<div class=\"et_pb_module et_pb_text et_pb_text_1 et_pb_text_align_justified et_pb_bg_layout_light\">\n<div class=\"et_pb_text_inner\">Laget etter en familieoppskrift med en uts\u00f8kt blanding av melkene v\u00e5re, noe som gir en stor intensitet og utholdenhet i munnen. Oster med forskjellige modningsperioder i v\u00e5r tret\u00f8rker, halvmodnet (fra 2 til 4 m\u00e5neders modning) og modnet (fra 4 til 6 m\u00e5neders modning). <\/div>\n<\/div>\n<\/div>\n<\/div>\n<\/div>\n","protected":false},"excerpt":{"rendered":"<p>Laget etter en familieoppskrift med en uts\u00f8kt blanding av melkene v\u00e5re, noe som gir en stor intensitet og utholdenhet i munnen. Oster med forskjellige modningsperioder i v\u00e5r tret\u00f8rker, halvmodnet (fra 2 til 4 m\u00e5neders modning) og modnet (fra 4 til 6 m\u00e5neders modning).<\/p>\n","protected":false},"featured_media":12045,"template":"","meta":{"_et_pb_use_builder":"","_et_pb_old_content":"","_et_gb_content_width":""},"product_brand":[1319],"product_cat":[2724,1805,2252],"product_tag":[],"class_list":{"0":"post-32294","1":"product","2":"type-product","3":"status-publish","4":"has-post-thumbnail","6":"product_brand-el-gran-cardenal","7":"product_cat-herding","8":"product_cat-kald","9":"product_cat-ost-og-polse","10":"product_shipping_class-kald-forsendelse","12":"first","13":"outofstock","14":"taxable","15":"shipping-taxable","16":"product-type-variable"},"_links":{"self":[{"href":"https:\/\/myspainfood.com\/no\/wp-json\/wp\/v2\/product\/32294","targetHints":{"allow":["GET"]}}],"collection":[{"href":"https:\/\/myspainfood.com\/no\/wp-json\/wp\/v2\/product"}],"about":[{"href":"https:\/\/myspainfood.com\/no\/wp-json\/wp\/v2\/types\/product"}],"wp:featuredmedia":[{"embeddable":true,"href":"https:\/\/myspainfood.com\/no\/wp-json\/wp\/v2\/media\/12045"}],"wp:attachment":[{"href":"https:\/\/myspainfood.com\/no\/wp-json\/wp\/v2\/media?parent=32294"}],"wp:term":[{"taxonomy":"product_brand","embeddable":true,"href":"https:\/\/myspainfood.com\/no\/wp-json\/wp\/v2\/product_brand?post=32294"},{"taxonomy":"product_cat","embeddable":true,"href":"https:\/\/myspainfood.com\/no\/wp-json\/wp\/v2\/product_cat?post=32294"},{"taxonomy":"product_tag","embeddable":true,"href":"https:\/\/myspainfood.com\/no\/wp-json\/wp\/v2\/product_tag?post=32294"}],"curies":[{"name":"wp","href":"https:\/\/api.w.org\/{rel}","templated":true}]}}