{"id":32610,"date":"2025-04-10T12:09:05","date_gmt":"2025-04-10T10:09:05","guid":{"rendered":"https:\/\/myspainfood.com\/producto\/ekstra-jomfruolivenolje-valdezarza-5-liter-2\/"},"modified":"2026-01-29T12:11:02","modified_gmt":"2026-01-29T11:11:02","slug":"ekstra-jomfruolivenolje-valdezarza-5-liter-2","status":"publish","type":"product","link":"https:\/\/myspainfood.com\/no\/producto\/ekstra-jomfruolivenolje-valdezarza-5-liter-2\/","title":{"rendered":"Ekstra jomfruolivenolje VALDEZARZA 5 liter"},"content":{"rendered":"<p>Valdezarza Extra Virgin Olive Oil 5l er en ekstra jomfruolivenolje av ypperste klasse, utvunnet direkte fra oliven og kun ved mekaniske prosedyrer.<\/p>\n<p>Valdezarza ligger i hjertet av Montes de Toledo (Spania) og har et integrert \u00f8kosystem av olivenlunder og natur.<\/p>\n<p>Den beste olivenjuicen er laget av oliven: <a href=\"https:\/\/aceitesvaldezarza.com\/quienes-somos\/\" target=\"_blank\" rel=\"noopener noreferrer nofollow\">VALDEZARZA<\/a> ekstra jomfruolivenolje.<\/p>\n<p>Valdezarza Estate ligger i kommunen San Mart\u00edn de Montalb\u00e1n, geografisk integrert i Montes de Toledo.<\/p>\n<p>Med et areal p\u00e5 700 hektar regnes det meste av dette omr\u00e5det som beskyttet middelhavsskog og et kontrollert \u00f8kosystem.<\/p>\n<p>Dette stedet er en del av gjeninnf\u00f8ringsprosjektet for iberisk gaupe, og du kan nyte spektakul\u00e6re bilder av flere gauper som hviler seg under oliventr\u00e6rne.<\/p>\n<p>Emballasjeanlegget deres gir dem st\u00f8rre kontroll over hele kretsl\u00f8pet fra oliventre til emballasje.<\/p>\n<p>I tillegg har dette selskapet reelle forsknings-, utviklings- og implementeringsprosjekter som Messor-prosjektet.<\/p>\n<p>Hvis du \u00f8nsker \u00e5 kj\u00f8pe <a href=\"https:\/\/latiendadesami.com\/categoria-producto\/aceite\/\" rel=\"noopener noreferrer nofollow\" target=\"_blank\">olje<\/a>, ikke n\u00f8l med \u00e5 ta en titt p\u00e5 v\u00e5r online katalog for \u00e5 se det brede utvalget av produkter vi har, for eksempel Valdezarza Extra Virgin Olive Oil 5l.<\/p>\n<p>Skriv til oss for mer informasjon om noen av v\u00e5re matvarer.<\/p>\n","protected":false},"excerpt":{"rendered":"<p>Valdezarza Extra Virgin Olive Oil 5l er en ekstra jomfruolivenolje av ypperste klasse, utvunnet direkte fra oliven og kun ved mekaniske prosedyrer. Valdezarza ligger i hjertet av Montes de Toledo (Spania) og har et integrert \u00f8kosystem av olivenlunder og natur. Den beste olivenjuicen er laget av oliven: VALDEZARZA ekstra jomfruolivenolje. Valdezarza Estate ligger i kommunen [&hellip;]<\/p>\n","protected":false},"featured_media":11622,"template":"","meta":{"_et_pb_use_builder":"","_et_pb_old_content":"","_et_gb_content_width":""},"product_brand":[1221],"product_cat":[2216,2215],"product_tag":[2217],"class_list":{"0":"post-32610","1":"product","2":"type-product","3":"status-publish","4":"has-post-thumbnail","6":"product_brand-valdezarza","7":"product_cat-ekstra-jomfruoliven","8":"product_cat-olje","9":"product_tag-olje","11":"first","12":"outofstock","13":"featured","14":"taxable","15":"shipping-taxable","16":"purchasable","17":"product-type-simple"},"_links":{"self":[{"href":"https:\/\/myspainfood.com\/no\/wp-json\/wp\/v2\/product\/32610","targetHints":{"allow":["GET"]}}],"collection":[{"href":"https:\/\/myspainfood.com\/no\/wp-json\/wp\/v2\/product"}],"about":[{"href":"https:\/\/myspainfood.com\/no\/wp-json\/wp\/v2\/types\/product"}],"wp:featuredmedia":[{"embeddable":true,"href":"https:\/\/myspainfood.com\/no\/wp-json\/wp\/v2\/media\/11622"}],"wp:attachment":[{"href":"https:\/\/myspainfood.com\/no\/wp-json\/wp\/v2\/media?parent=32610"}],"wp:term":[{"taxonomy":"product_brand","embeddable":true,"href":"https:\/\/myspainfood.com\/no\/wp-json\/wp\/v2\/product_brand?post=32610"},{"taxonomy":"product_cat","embeddable":true,"href":"https:\/\/myspainfood.com\/no\/wp-json\/wp\/v2\/product_cat?post=32610"},{"taxonomy":"product_tag","embeddable":true,"href":"https:\/\/myspainfood.com\/no\/wp-json\/wp\/v2\/product_tag?post=32610"}],"curies":[{"name":"wp","href":"https:\/\/api.w.org\/{rel}","templated":true}]}}